{"id":132,"date":"2011-04-21T14:58:55","date_gmt":"2011-04-21T12:58:55","guid":{"rendered":"http:\/\/www.lebens-qi.at\/de\/?page_id=132"},"modified":"2018-05-22T18:01:41","modified_gmt":"2018-05-22T17:01:41","slug":"disclaimer","status":"publish","type":"page","link":"https:\/\/www.lebens-qi.at\/de\/impressum\/disclaimer\/","title":{"rendered":"Disclaimer"},"content":{"rendered":"<p><strong>Grundlegende Richtung des Mediums<\/strong><br \/>\nDie vorliegende Website ist ein Internetangebot von LEBENS-QI Mag. Angela Binder eU. Unter dieser Web-Adresse und allf\u00e4lliger Subdomains werden Informationen zum Leistungsangebot und zu Produkten bereit gestellt.<\/p>\n<p><strong>Haftungsausschluss<\/strong><br \/>\nWir \u00fcbernehmen keinerlei Haftung f\u00fcr Links auf unserer Website &#8211; weder f\u00fcr die Richtigkeit, noch f\u00fcr deren Inhalte oder Freiheit von aggressiven und\/oder sch\u00e4digenden Inhalten, wie Viren, Trojaner, W\u00fcrmer etc.. Insbesondere \u00fcbernehmen wir keine Verantwortung f\u00fcr Inhalte auf durch Hyperlinks verwiesene externe Websites, hierf\u00fcr haftet ausschliesslich der jeweilige Anbieter. Links auf unsere Website sind erw\u00fcnscht, wenn sie als externe Links (eigenes Browserfenster) gestaltet sind. Eine \u00dcbernahme des Hauptfensters in einen Frame des Linksetzers ist unzul\u00e4ssig.<\/p>\n<p>Wir \u00fcbernehmen keine Haftung f\u00fcr die Texte, Grafiken und Fotos unserer selbst\u00e4ndigen Partner. Diese werden von den Partnern zwecks Bewerbung auf unserer Seite zur Verf\u00fcgung gestellt. Die Verantwortung daf\u00fcr verbleibt beim jeweiligen Lebens-Qi Partner!<\/p>\n<h2>Disclaimer &#8211; rechtliche Hinweise<\/h2>\n<address><strong>1. Haftungsbeschr\u00e4nkung<\/strong><\/address>\n<address>Die Inhalte dieser Website werden mit gr\u00f6\u00dftm\u00f6glicher Sorgfalt erstellt. Der Anbieter \u00fcbernimmt jedoch keine Gew\u00e4hr f\u00fcr die Richtigkeit, Vollst\u00e4ndigkeit und Aktualit\u00e4t der bereitgestellten Inhalte. Die Nutzung der Inhalte der Website erfolgt auf eigene Gefahr des Nutzers. Namentlich gekennzeichnete Beitr\u00e4ge geben die Meinung des jeweiligen Autors und nicht immer die Meinung des Anbieters wieder. Mit der reinen Nutzung der Website des Anbieters kommt keinerlei Vertragsverh\u00e4ltnis zwischen dem Nutzer und dem Anbieter zustande.<\/address>\n<address><strong>2. Externe Links<\/strong><\/address>\n<address>Diese Website enth\u00e4lt Verkn\u00fcpfungen zu Websites Dritter (&#8222;externe Links&#8220;). Diese Websites unterliegen der Haftung der jeweiligen Betreiber. Der Anbieter hat bei der erstmaligen Verkn\u00fcpfung der externen Links die fremden Inhalte daraufhin \u00fcberpr\u00fcft, ob etwaige Rechtsverst\u00f6\u00dfe bestehen. Zu dem Zeitpunkt waren keine Rechtsverst\u00f6\u00dfe ersichtlich. Der Anbieter hat keinerlei Einfluss auf die aktuelle und zuk\u00fcnftige Gestaltung und auf die Inhalte der verkn\u00fcpften Seiten. Das Setzen von externen Links bedeutet nicht, dass sich der Anbieter die hinter dem Verweis oder Link liegenden Inhalte zu Eigen macht. Eine st\u00e4ndige Kontrolle dieser externen Links ist f\u00fcr den Anbieter ohne konkrete Hinweise auf Rechtsverst\u00f6\u00dfe nicht zumutbar. Bei Kenntnis von Rechtsverst\u00f6\u00dfen werden jedoch derartige externe Links unverz\u00fcglich gel\u00f6scht.<\/address>\n<address><strong>3. Urheber- und Leistungsschutzrechte<\/strong><\/address>\n<address>Die auf dieser Website ver\u00f6ffentlichten Inhalte unterliegen dem Urheber- und Leistungsschutzrecht. Jede nicht zugelassene Verwertung bedarf der vorherigen schriftlichen Zustimmung des Anbieters oder jeweiligen Rechteinhabers. Dies gilt insbesondere f\u00fcr Vervielf\u00e4ltigung, Bearbeitung, \u00dcbersetzung, Einspeicherung, Verarbeitung bzw. Wiedergabe von Inhalten in Datenbanken oder anderen elektronischen Medien und Systemen. Inhalte und Rechte Dritter sind dabei als solche gekennzeichnet. Die unerlaubte Vervielf\u00e4ltigung oder Weitergabe einzelner Inhalte oder kompletter Seiten ist nicht gestattet und strafbar. Lediglich die Herstellung von Kopien und Downloads f\u00fcr den pers\u00f6nlichen, privaten und nicht kommerziellen Gebrauch ist erlaubt.<\/address>\n<address>Die Darstellung dieser Website in fremden Frames ist nur mit schriftlicher Erlaubnis zul\u00e4ssig.<\/address>\n<address><strong>4. Datenschutz<\/strong><\/address>\n<address>Durch den Besuch der Website des Anbieters k\u00f6nnen Informationen \u00fcber den Zugriff (Datum, Uhrzeit, betrachtete Seite) gespeichert werden. Diese Daten geh\u00f6ren nicht zu den personenbezogenen Daten, sondern sind anonymisiert. Sie werden ausschlie\u00dflich zu statistischen Zwecken ausgewertet. Eine Weitergabe an Dritte, zu kommerziellen oder nichtkommerziellen Zwecken, findet nicht statt.<\/address>\n<address>Der Anbieter weist ausdr\u00fccklich darauf hin, dass die Daten\u00fcbertragung im Internet (z.B. bei der Kommunikation per E-Mail) Sicherheitsl\u00fccken aufweisen und nicht l\u00fcckenlos vor dem Zugriff durch Dritte gesch\u00fctzt werden kann.<\/address>\n<address>Die Verwendung der Kontaktdaten des Impressums zur gewerblichen Werbung ist ausdr\u00fccklich nicht erw\u00fcnscht, es sei denn der Anbieter hatte zuvor seine schriftliche Einwilligung erteilt oder es besteht bereits eine Gesch\u00e4ftsbeziehung. Der Anbieter und alle auf dieser Website genannten Personen widersprechen hiermit jeder kommerziellen Verwendung und Weitergabe ihrer Daten.<\/address>\n<address><strong>5. Besondere Nutzungsbedingungen<\/strong><\/address>\n<address>Soweit besondere Bedingungen f\u00fcr einzelne Nutzungen dieser Website von den vorgenannten Nummern 1. bis 4. abweichen, wird an entsprechender Stelle ausdr\u00fccklich darauf hingewiesen. In diesem Falle gelten im jeweiligen Einzelfall die besonderen Nutzungsbedingungen.<\/address>\n<address><strong>6. Google Analytics<\/strong><\/address>\n<address><em>Diese Website benutzt Google Analytics NICHT!<br \/>\n<\/em><\/address>\n<address><strong><em>7. <\/em>Facebook-Plugin &#8222;Gef\u00e4llt mir&#8220; \/ &#8222;Like&#8220; &#8211; Datenschutzerkl\u00e4rung<\/strong><\/address>\n<address><em>Diese Webseite nutzt Plugins des Anbieters Facebook.com, welche durch das Unternehmen Facebook Inc., 1601 S. California Avenue, Palo Alto, CA 94304 in den USA bereitgestellt werden. Nutzer unserer Webseite, auf der das Facebook-Plugin installiert ist, werden hiermit darauf hingewiesen, dass durch das Plugin eine Verbindung zu Facebook aufgebaut wird, wodurch eine \u00dcbermittlung an Ihren Browser durchgef\u00fchrt wird, damit das Plugin auf der Webseite erscheint.<br \/>\nDes Weiteren werden durch die Nutzung Daten an die Facebook-Server weitergeleitet, welche Informationen \u00fcber Ihre Webseitenbesuche auf unserer Homepage enthalten. Dies hat f\u00fcr eingeloggte Facebook-Nutzer zur Folge, dass die Nutzungsdaten ihrem pers\u00f6nlichen Facebook-Account zugeordnet werden.<br \/>\nSobald Sie als eingeloggter Facebook-Nutzer aktiv das Facebook-Plugin nutzen (z.B. durch das Klicken auf den \u201eGef\u00e4llt mir\u201c Knopf oder die Nutzung der Kommentarfunktion), werden diese Daten zu Ihrem Facebook-Account \u00fcbertragen und ver\u00f6ffentlicht. Dies k\u00f6nnen Sie nur durch vorheriges Ausloggen aus Ihrem Facebook-Account umgehen.<br \/>\nWeitere Information bez\u00fcglich der Datennutzung durch Facebook entnehmen Sie bitte den datenschutzrechtlichen Bestimmungen auf Facebook.<\/em><\/address>\n<p>Quelle: Disclaimer von <a title=\"Recht\" href=\"http:\/\/www.juraforum.de\">Juraforum.de<\/a><\/p>\n","protected":false},"excerpt":{"rendered":"<p>Grundlegende Richtung des Mediums Die vorliegende Website ist ein Internetangebot von LEBENS-QI Mag. Angela Binder eU. Unter dieser Web-Adresse und allf\u00e4lliger Subdomains werden Informationen zum Leistungsangebot und zu Produkten bereit gestellt. Haftungsausschluss Wir \u00fcbernehmen keinerlei Haftung f\u00fcr Links auf unserer Website &#8211; weder f\u00fcr die Richtigkeit, noch f\u00fcr deren Inhalte oder Freiheit von aggressiven und\/oder&hellip; <a class=\"more-link\" href=\"https:\/\/www.lebens-qi.at\/de\/impressum\/disclaimer\/\"><span class=\"screen-reader-text\">Disclaimer<\/span> weiterlesen<\/a><\/p>\n","protected":false},"author":1,"featured_media":0,"parent":31,"menu_order":3,"comment_status":"closed","ping_status":"closed","template":"","meta":{"footnotes":"","_links_to":"","_links_to_target":""},"class_list":["post-132","page","type-page","status-publish","hentry","entry"],"aioseo_notices":[],"jetpack_sharing_enabled":true,"_links":{"self":[{"href":"https:\/\/www.lebens-qi.at\/de\/wp-json\/wp\/v2\/pages\/132","targetHints":{"allow":["GET"]}}],"collection":[{"href":"https:\/\/www.lebens-qi.at\/de\/wp-json\/wp\/v2\/pages"}],"about":[{"href":"https:\/\/www.lebens-qi.at\/de\/wp-json\/wp\/v2\/types\/page"}],"author":[{"embeddable":true,"href":"https:\/\/www.lebens-qi.at\/de\/wp-json\/wp\/v2\/users\/1"}],"replies":[{"embeddable":true,"href":"https:\/\/www.lebens-qi.at\/de\/wp-json\/wp\/v2\/comments?post=132"}],"version-history":[{"count":9,"href":"https:\/\/www.lebens-qi.at\/de\/wp-json\/wp\/v2\/pages\/132\/revisions"}],"predecessor-version":[{"id":7295,"href":"https:\/\/www.lebens-qi.at\/de\/wp-json\/wp\/v2\/pages\/132\/revisions\/7295"}],"up":[{"embeddable":true,"href":"https:\/\/www.lebens-qi.at\/de\/wp-json\/wp\/v2\/pages\/31"}],"wp:attachment":[{"href":"https:\/\/www.lebens-qi.at\/de\/wp-json\/wp\/v2\/media?parent=132"}],"curies":[{"name":"wp","href":"https:\/\/api.w.org\/{rel}","templated":true}]}}