{"id":31,"date":"2011-04-21T00:26:30","date_gmt":"2011-04-20T22:26:30","guid":{"rendered":"http:\/\/www.lebens-qi.at\/de\/?page_id=31"},"modified":"2021-06-28T09:28:42","modified_gmt":"2021-06-28T08:28:42","slug":"impressum","status":"publish","type":"page","link":"https:\/\/www.lebens-qi.at\/de\/impressum\/","title":{"rendered":"Impressum"},"content":{"rendered":"<figure id=\"attachment_54\" aria-describedby=\"caption-attachment-54\" style=\"width: 169px\" class=\"wp-caption alignnone\"><a href=\"http:\/\/firmen.wko.at\/Web\/DetailsInfos.aspx?FirmaID=01071b38-d72c-4105-9ce1-d1add3629afa\"><img loading=\"lazy\" decoding=\"async\" class=\"size-full wp-image-54\" title=\"Button WKO\" src=\"http:\/\/www.lebens-qi.at\/de\/wp-content\/uploads\/impres1.gif\" alt=\"Link zur WKO-Seite\" width=\"169\" height=\"23\" \/><\/a><figcaption id=\"caption-attachment-54\" class=\"wp-caption-text\">Impressum<\/figcaption><\/figure>\n<p><strong>LEBENS-QI Mag. Angela\u00a0 Binder eU<\/strong><\/p>\n<p>Inhaberin: Mag. Angela Binder<br \/>\nFirmenbuchnummer: 309690b<br \/>\nLandesgericht Korneuburg<br \/>\nUID-Nr.: ATU65768289<br \/>\nwww.lebens-qi.at<\/p>\n<p><strong>Firmensitz (kein Kundenverkehr!):<\/strong><br \/>\nSchubertstr. 45<br \/>\n2230 G\u00e4nserndorf<br \/>\nTel: 0650 70 58 587<\/p>\n<p><strong>Adresse Standort G\u00e4nserndorf:<br \/>\n<\/strong>Bahnstra\u00dfe 48<br \/>\n2230 G\u00e4nserndorf<br \/>\nTel: 0677 64 14 82 73<br \/>\nshop@lebens-qi.at<br \/>\n<strong>Adresse Standort Saalfelden (ab Aug. 2021):<\/strong><br \/>\nMittergasse 23<br \/>\n5760 Saalfelden am Steinernen Meer<br \/>\nTel: 0677 64 00 64 67<br \/>\nsaalfelden@lebens-qi.at<\/p>\n<p><strong>Unsere AGB\u00b4s f\u00fcr Seminare und Workshops:<\/strong><\/p>\n<p><a href=\"http:\/\/www.lebens-qi.at\/de\/wp-content\/uploads\/Allgemeine-Gesch\u00e4ftsbedingungen-Seminar.pdf\">Allgemeine Gesch\u00e4ftsbedingungen-Seminar<\/a><\/p>\n","protected":false},"excerpt":{"rendered":"<p>LEBENS-QI Mag. Angela\u00a0 Binder eU Inhaberin: Mag. Angela Binder Firmenbuchnummer: 309690b Landesgericht Korneuburg UID-Nr.: ATU65768289 www.lebens-qi.at Firmensitz (kein Kundenverkehr!): Schubertstr. 45 2230 G\u00e4nserndorf Tel: 0650 70 58 587 Adresse Standort G\u00e4nserndorf: Bahnstra\u00dfe 48 2230 G\u00e4nserndorf Tel: 0677 64 14 82 73 shop@lebens-qi.at Adresse Standort Saalfelden (ab Aug. 2021): Mittergasse 23 5760 Saalfelden am Steinernen Meer&hellip; <a class=\"more-link\" href=\"https:\/\/www.lebens-qi.at\/de\/impressum\/\"><span class=\"screen-reader-text\">Impressum<\/span> weiterlesen<\/a><\/p>\n","protected":false},"author":1,"featured_media":0,"parent":0,"menu_order":10,"comment_status":"closed","ping_status":"closed","template":"","meta":{"footnotes":"","_links_to":"","_links_to_target":""},"class_list":["post-31","page","type-page","status-publish","hentry","entry"],"aioseo_notices":[],"jetpack_sharing_enabled":true,"_links":{"self":[{"href":"https:\/\/www.lebens-qi.at\/de\/wp-json\/wp\/v2\/pages\/31","targetHints":{"allow":["GET"]}}],"collection":[{"href":"https:\/\/www.lebens-qi.at\/de\/wp-json\/wp\/v2\/pages"}],"about":[{"href":"https:\/\/www.lebens-qi.at\/de\/wp-json\/wp\/v2\/types\/page"}],"author":[{"embeddable":true,"href":"https:\/\/www.lebens-qi.at\/de\/wp-json\/wp\/v2\/users\/1"}],"replies":[{"embeddable":true,"href":"https:\/\/www.lebens-qi.at\/de\/wp-json\/wp\/v2\/comments?post=31"}],"version-history":[{"count":16,"href":"https:\/\/www.lebens-qi.at\/de\/wp-json\/wp\/v2\/pages\/31\/revisions"}],"predecessor-version":[{"id":9069,"href":"https:\/\/www.lebens-qi.at\/de\/wp-json\/wp\/v2\/pages\/31\/revisions\/9069"}],"wp:attachment":[{"href":"https:\/\/www.lebens-qi.at\/de\/wp-json\/wp\/v2\/media?parent=31"}],"curies":[{"name":"wp","href":"https:\/\/api.w.org\/{rel}","templated":true}]}}