{"id":5373,"date":"2015-07-14T21:56:07","date_gmt":"2015-07-14T20:56:07","guid":{"rendered":"http:\/\/www.lebens-qi.at\/de\/?page_id=5373"},"modified":"2022-04-20T23:17:40","modified_gmt":"2022-04-20T22:17:40","slug":"bewegungsarena","status":"publish","type":"page","link":"https:\/\/www.lebens-qi.at\/de\/bewegungsarena\/","title":{"rendered":"Bewegungsarena"},"content":{"rendered":"\n<div class=\"wp-block-image is-style-default\"><figure class=\"alignleft\"><a href=\"http:\/\/www.lebens-qi.at\/de\/wp-content\/uploads\/bewegungsarena-gaenserndorf.jpg\"><img loading=\"lazy\" decoding=\"async\" width=\"853\" height=\"1024\" src=\"http:\/\/www.lebens-qi.at\/de\/wp-content\/uploads\/bewegungsarena-gaenserndorf-853x1024.jpg\" alt=\"bewegungsarena-gaenserndorf\" class=\"wp-image-5618\" srcset=\"https:\/\/www.lebens-qi.at\/de\/wp-content\/uploads\/bewegungsarena-gaenserndorf-853x1024.jpg 853w, https:\/\/www.lebens-qi.at\/de\/wp-content\/uploads\/bewegungsarena-gaenserndorf-250x300.jpg 250w\" sizes=\"auto, (max-width: 853px) 100vw, 853px\" \/><\/a><figcaption>f\u00fcr eine gr\u00f6\u00dfere Darstellung Bild anklicken<\/figcaption><\/figure><\/div>\n\n\n\n<p><strong>Hier gibt&#8217;s n\u00e4here Informationen zur Lebens-Qi Bewegungsarena G\u00e4nserndorf!<\/strong><\/p>\n\n\n\n<p><a href=\"https:\/\/www.facebook.com\/groups\/110118032666531\/\">Facebook-Gruppe: Lebens-Qi Bewegungsarena G\u00e4nserndorf<\/a><\/p>\n\n\n\n<hr class=\"wp-block-separator\"\/>\n\n\n\n<h3 class=\"wp-block-heading\"><span style=\"color: #ff0000;\"><a style=\"color: #ff0000;\" href=\"http:\/\/www.lebens-qi.at\/de\/lebensenergie-pfad-in-der-bewegungsarena\/\">Lebensenergie-Pfad in der Bewegungsarena G\u00e4nserndorf<\/a><\/span><\/h3>\n\n\n\n<p>mit \u00dcbungen f\u00fcr K\u00f6rper, Geist und Seele<\/p>\n\n\n\n<hr class=\"wp-block-separator\"\/>\n\n\n\n<h3 class=\"wp-block-heading\">R\u00fcckblick auf Veranstaltungen in der Lebens-Qi Bewegungsarena G\u00e4nserndorf:<\/h3>\n\n\n\n<p><a href=\"http:\/\/www.lebens-qi.at\/de\/drei-koenigs-laufwalk\/\">Das war der erste 3K\u00f6nigs-LAUF\/WALK am 6. J\u00e4nner 2016<\/a><\/p>\n\n\n\n<p><a href=\"http:\/\/www.lebens-qi.at\/de\/3-koenigs-laufwalk-2018\/\">Das war der 3. 3K\u00f6nigslauf\/-walk in der Bewegungsarena<\/a><\/p>\n","protected":false},"excerpt":{"rendered":"<p>Hier gibt&#8217;s n\u00e4here Informationen zur Lebens-Qi Bewegungsarena G\u00e4nserndorf! Facebook-Gruppe: Lebens-Qi Bewegungsarena G\u00e4nserndorf Lebensenergie-Pfad in der Bewegungsarena G\u00e4nserndorf mit \u00dcbungen f\u00fcr K\u00f6rper, Geist und Seele R\u00fcckblick auf Veranstaltungen in der Lebens-Qi Bewegungsarena G\u00e4nserndorf: Das war der erste 3K\u00f6nigs-LAUF\/WALK am 6. J\u00e4nner 2016 Das war der 3. 3K\u00f6nigslauf\/-walk in der Bewegungsarena<\/p>\n","protected":false},"author":2,"featured_media":0,"parent":0,"menu_order":0,"comment_status":"closed","ping_status":"closed","template":"","meta":{"footnotes":"","_links_to":"","_links_to_target":""},"class_list":["post-5373","page","type-page","status-publish","hentry","entry"],"aioseo_notices":[],"jetpack_sharing_enabled":true,"_links":{"self":[{"href":"https:\/\/www.lebens-qi.at\/de\/wp-json\/wp\/v2\/pages\/5373","targetHints":{"allow":["GET"]}}],"collection":[{"href":"https:\/\/www.lebens-qi.at\/de\/wp-json\/wp\/v2\/pages"}],"about":[{"href":"https:\/\/www.lebens-qi.at\/de\/wp-json\/wp\/v2\/types\/page"}],"author":[{"embeddable":true,"href":"https:\/\/www.lebens-qi.at\/de\/wp-json\/wp\/v2\/users\/2"}],"replies":[{"embeddable":true,"href":"https:\/\/www.lebens-qi.at\/de\/wp-json\/wp\/v2\/comments?post=5373"}],"version-history":[{"count":37,"href":"https:\/\/www.lebens-qi.at\/de\/wp-json\/wp\/v2\/pages\/5373\/revisions"}],"predecessor-version":[{"id":9496,"href":"https:\/\/www.lebens-qi.at\/de\/wp-json\/wp\/v2\/pages\/5373\/revisions\/9496"}],"wp:attachment":[{"href":"https:\/\/www.lebens-qi.at\/de\/wp-json\/wp\/v2\/media?parent=5373"}],"curies":[{"name":"wp","href":"https:\/\/api.w.org\/{rel}","templated":true}]}}