{"id":88,"date":"2011-04-21T12:13:05","date_gmt":"2011-04-21T10:13:05","guid":{"rendered":"http:\/\/www.lebens-qi.at\/de\/?page_id=88"},"modified":"2026-05-03T21:45:53","modified_gmt":"2026-05-03T20:45:53","slug":"gaenserndorf","status":"publish","type":"page","link":"https:\/\/www.lebens-qi.at\/de\/shop\/gaenserndorf\/","title":{"rendered":"G\u00e4nserndorf"},"content":{"rendered":"<div class=\"wp-block-image is-style-default\">\n<figure class=\"alignright size-full\"><a href=\"http:\/\/www.lebens-qi.at\/de\/wp-content\/uploads\/lebens-qi-gaenserndorf.png\"><img loading=\"lazy\" decoding=\"async\" width=\"1000\" height=\"800\" src=\"http:\/\/www.lebens-qi.at\/de\/wp-content\/uploads\/lebens-qi-gaenserndorf.png\" alt=\"Lebens-Qi G\u00e4nserndorf\" class=\"wp-image-9409\" srcset=\"https:\/\/www.lebens-qi.at\/de\/wp-content\/uploads\/lebens-qi-gaenserndorf.png 1000w, https:\/\/www.lebens-qi.at\/de\/wp-content\/uploads\/lebens-qi-gaenserndorf-300x240.png 300w, https:\/\/www.lebens-qi.at\/de\/wp-content\/uploads\/lebens-qi-gaenserndorf-768x614.png 768w\" sizes=\"auto, (max-width: 1000px) 100vw, 1000px\" \/><\/a><\/figure>\n<\/div>\n\n\n<p><strong>Unsere \u00d6ffnungszeiten in G\u00e4nserndorf: <\/strong><br>Mo &#8211; Fr 9.00-12.30 &amp; 14.00-18.00 Uhr<br>Sa 9.00-12.00 Uhr<\/p>\n\n\n\n<p><strong>Kontakt<\/strong>: <br>Bahnstr. 48 <br>2230 G\u00e4nserndorf<br>Tel.: +43 677 641 482 73 <br>E-Mail: shop@lebens-qi.at<\/p>\n\n\n\n<p><strong>Bargeldlose Bezahlung m\u00f6glich!<\/strong><\/p>\n\n\n\n<p>Angela &amp; Bernhard Binder und Elisabeth freuen sich auf deinen Besuch!<\/p>\n\n\n\n<h6 class=\"wp-block-heading\">Wir vermieten <a title=\"Seminarraum zu mieten\" href=\"http:\/\/www.lebens-qi.at\/de\/seminarraum-mieten-gaenserndorf\/\">Seminarr\u00e4ume<\/a> (auch f\u00fcr Einzelanwendungen)!!!<\/h6>\n\n\n\n<p><strong>Hinweis f\u00fcr Personen mit Handicap:<\/strong><br>in das Gesch\u00e4ft f\u00fchrt 1 Stufe<\/p>\n\n\n\n<p>Aktuelle <strong>Infos und <a href=\"http:\/\/www.lebens-qi.at\/de\/termine\/\">Veranstaltungen<\/a>:<\/strong><\/p>\n\n\n\n<p><strong> <\/strong><a href=\"https:\/\/www.facebook.com\/lebens.qi\"><img loading=\"lazy\" decoding=\"async\" width=\"113\" height=\"113\" class=\"wp-image-9349\" style=\"width: 113px;\" src=\"http:\/\/www.lebens-qi.at\/de\/wp-content\/uploads\/facebook-logo.png\" alt=\"\"><\/a><a href=\"https:\/\/www.instagram.com\/qishop.at\"><img loading=\"lazy\" decoding=\"async\" width=\"113\" height=\"113\" class=\"wp-image-9350\" style=\"width: 113px;\" src=\"http:\/\/www.lebens-qi.at\/de\/wp-content\/uploads\/insta-logo.png\" alt=\"\"><\/a><\/p>\n\n\n\n<p><strong>Anfahrtsplan:<\/strong><\/p>\n\n\n\n<p><iframe src=\"https:\/\/www.google.com\/maps\/embed?pb=!1m18!1m12!1m3!1d2652.0609516318455!2d16.722944115868394!3d48.340133745009815!2m3!1f0!2f0!3f0!3m2!1i1024!2i768!4f13.1!3m3!1m2!1s0x476ce3742991a9f9%3A0xc7755b0ce076e9d2!2sLebens-Qi!5e0!3m2!1sde!2sat!4v1650472400909!5m2!1sde!2sat\" style=\"border:0;\" allowfullscreen=\"\" loading=\"lazy\" referrerpolicy=\"no-referrer-when-downgrade\" width=\"800\" height=\"600\"><\/iframe><\/p>\n","protected":false},"excerpt":{"rendered":"<p>Unsere \u00d6ffnungszeiten in G\u00e4nserndorf: Mo &#8211; Fr 9.00-12.30 &amp; 14.00-18.00 UhrSa 9.00-12.00 Uhr Kontakt: Bahnstr. 48 2230 G\u00e4nserndorfTel.: +43 677 641 482 73 E-Mail: shop@lebens-qi.at Bargeldlose Bezahlung m\u00f6glich! Angela &amp; Bernhard Binder und Elisabeth freuen sich auf deinen Besuch! Wir vermieten Seminarr\u00e4ume (auch f\u00fcr Einzelanwendungen)!!! Hinweis f\u00fcr Personen mit Handicap:in das Gesch\u00e4ft f\u00fchrt 1 Stufe&hellip; <a class=\"more-link\" href=\"https:\/\/www.lebens-qi.at\/de\/shop\/gaenserndorf\/\"><span class=\"screen-reader-text\">G\u00e4nserndorf<\/span> weiterlesen<\/a><\/p>\n","protected":false},"author":1,"featured_media":0,"parent":2,"menu_order":3,"comment_status":"closed","ping_status":"closed","template":"","meta":{"footnotes":"","_links_to":"","_links_to_target":""},"class_list":["post-88","page","type-page","status-publish","hentry","entry"],"aioseo_notices":[],"jetpack_sharing_enabled":true,"_links":{"self":[{"href":"https:\/\/www.lebens-qi.at\/de\/wp-json\/wp\/v2\/pages\/88","targetHints":{"allow":["GET"]}}],"collection":[{"href":"https:\/\/www.lebens-qi.at\/de\/wp-json\/wp\/v2\/pages"}],"about":[{"href":"https:\/\/www.lebens-qi.at\/de\/wp-json\/wp\/v2\/types\/page"}],"author":[{"embeddable":true,"href":"https:\/\/www.lebens-qi.at\/de\/wp-json\/wp\/v2\/users\/1"}],"replies":[{"embeddable":true,"href":"https:\/\/www.lebens-qi.at\/de\/wp-json\/wp\/v2\/comments?post=88"}],"version-history":[{"count":63,"href":"https:\/\/www.lebens-qi.at\/de\/wp-json\/wp\/v2\/pages\/88\/revisions"}],"predecessor-version":[{"id":11136,"href":"https:\/\/www.lebens-qi.at\/de\/wp-json\/wp\/v2\/pages\/88\/revisions\/11136"}],"up":[{"embeddable":true,"href":"https:\/\/www.lebens-qi.at\/de\/wp-json\/wp\/v2\/pages\/2"}],"wp:attachment":[{"href":"https:\/\/www.lebens-qi.at\/de\/wp-json\/wp\/v2\/media?parent=88"}],"curies":[{"name":"wp","href":"https:\/\/api.w.org\/{rel}","templated":true}]}}