{"id":45,"date":"2013-01-22T15:28:25","date_gmt":"2013-01-22T14:28:25","guid":{"rendered":"http:\/\/www.lebens-qi.at\/prana\/?page_id=45"},"modified":"2019-02-12T18:28:35","modified_gmt":"2019-02-12T17:28:35","slug":"impressum","status":"publish","type":"page","link":"https:\/\/www.lebens-qi.at\/prana\/impressum\/","title":{"rendered":"Impressum &#038; Datenschutz"},"content":{"rendered":"<h3>Seiteninhaberin:<\/h3>\n<address>Mag. Angela Binder &#8211; Zert. Pranic Energy Healing Anwenderin und Instruktorin<\/address>\n<address>Schubertstra\u00dfe 45, 2230 G\u00e4nserndorf<\/address>\n<address><a title=\"e-Mail\" href=\"mailto:angela@lebens-qi.at \" target=\"_blank\" rel=\"noopener\">angela@lebens-qi.at <\/a><\/address>\n<address><a title=\"Lebens-Qi\" href=\"http:\/\/www.lebens-qi.at\" target=\"_blank\" rel=\"noopener\">www.lebens-qi.at<\/a><\/address>\n<p>&nbsp;<\/p>\n<h3>Inhalt:<\/h3>\n<p>Informationen zu Pranic Energy Healing Ausbildungen und Anwendungen und anderen Seminaren zum Thema Energetik.<\/p>\n<h3>Quellenhinweise:<\/h3>\n<h3>Links:<\/h3>\n<p>Wir \u00fcbernehmen keine Haftung f\u00fcr externe Links.<\/p>\n<h2>Datenschutz:<\/h2>\n<h3 id=\"heading_Erklaerung_zur_Informationspflicht_2\">Erkl\u00e4rung zur Informationspflicht (Datenschutzerkl\u00e4rung)<\/h3>\n<p>Der Schutz Ihrer pers\u00f6nlichen Daten ist uns ein besonderes Anliegen. Wir verarbeiten Ihre Daten daher ausschlie\u00dflich auf Grundlage der gesetzlichen Bestimmungen (DSGVO, TKG 2003). In diesen Datenschutzinformationen informieren wir Sie \u00fcber die wichtigsten Aspekte der Datenverarbeitung im Rahmen unserer Website.<\/p>\n<h4 id=\"heading_Kontakt_mit_uns\">Kontakt mit uns<\/h4>\n<p>Wenn Sie per Formular auf der Website oder per E-Mail Kontakt mit uns aufnehmen, werden Ihre angegebenen Daten zwecks Bearbeitung der Anfrage und f\u00fcr den Fall von Anschlussfragen sechs Monate bei uns gespeichert. Diese Daten geben wir nicht ohne Ihre Einwilligung weiter.<\/p>\n<h4>Cookies und Web-Analyse kommt bei uns nicht zum Einsatz<\/h4>\n<h4 id=\"heading_Ihre_Rechte\">Ihre Rechte<\/h4>\n<p>Ihnen stehen grunds\u00e4tzlich die Rechte auf Auskunft, Berichtigung, L\u00f6schung, Einschr\u00e4nkung, Daten\u00fcbertragbarkeit, Widerruf und Widerspruch zu. Wenn Sie glauben, dass die Verarbeitung Ihrer Daten gegen das Datenschutzrecht verst\u00f6\u00dft oder Ihre datenschutzrechtlichen Anspr\u00fcche sonst in einer Weise verletzt worden sind, k\u00f6nnen Sie sich bei der Aufsichtsbeh\u00f6rde beschweren. In \u00d6sterreich ist dies die Datenschutzbeh\u00f6rde.<\/p>\n<h4 id=\"heading_Sie_erreichen_uns_unter_folgenden_Kontaktdaten_\">Sie erreichen uns unter folgenden Kontaktdaten:<\/h4>\n<p>Mag. Angela Binder<br \/>\nSchuberstra\u00dfe 45, 2230 G\u00e4nserndorf, \u00d6sterreich<br \/>\n+43\/650\/7058587<br \/>\nangela@lebens-qi.at<\/p>\n","protected":false},"excerpt":{"rendered":"<p>Seiteninhaberin: Mag. Angela Binder &#8211; Zert. Pranic Energy Healing Anwenderin und Instruktorin Schubertstra\u00dfe 45, 2230 G\u00e4nserndorf angela@lebens-qi.at www.lebens-qi.at &nbsp; Inhalt: Informationen zu Pranic Energy Healing Ausbildungen und Anwendungen und anderen Seminaren zum Thema Energetik. Quellenhinweise: Links: Wir \u00fcbernehmen keine Haftung f\u00fcr externe Links. Datenschutz: Erkl\u00e4rung zur Informationspflicht (Datenschutzerkl\u00e4rung) Der Schutz Ihrer pers\u00f6nlichen Daten ist uns&hellip; <a class=\"more-link\" href=\"https:\/\/www.lebens-qi.at\/prana\/impressum\/\"><span class=\"screen-reader-text\">Impressum &#038; Datenschutz<\/span> weiterlesen<\/a><\/p>\n","protected":false},"author":2,"featured_media":0,"parent":0,"menu_order":7,"comment_status":"closed","ping_status":"closed","template":"","meta":{"footnotes":""},"aioseo_notices":[],"_links":{"self":[{"href":"https:\/\/www.lebens-qi.at\/prana\/wp-json\/wp\/v2\/pages\/45"}],"collection":[{"href":"https:\/\/www.lebens-qi.at\/prana\/wp-json\/wp\/v2\/pages"}],"about":[{"href":"https:\/\/www.lebens-qi.at\/prana\/wp-json\/wp\/v2\/types\/page"}],"author":[{"embeddable":true,"href":"https:\/\/www.lebens-qi.at\/prana\/wp-json\/wp\/v2\/users\/2"}],"replies":[{"embeddable":true,"href":"https:\/\/www.lebens-qi.at\/prana\/wp-json\/wp\/v2\/comments?post=45"}],"version-history":[{"count":0,"href":"https:\/\/www.lebens-qi.at\/prana\/wp-json\/wp\/v2\/pages\/45\/revisions"}],"wp:attachment":[{"href":"https:\/\/www.lebens-qi.at\/prana\/wp-json\/wp\/v2\/media?parent=45"}],"curies":[{"name":"wp","href":"https:\/\/api.w.org\/{rel}","templated":true}]}}