{"id":88,"date":"2013-06-27T14:53:45","date_gmt":"2013-06-27T13:53:45","guid":{"rendered":"http:\/\/www.lebens-qi.at\/prana\/?page_id=88"},"modified":"2025-12-30T20:00:04","modified_gmt":"2025-12-30T19:00:04","slug":"anwendungen","status":"publish","type":"page","link":"https:\/\/www.lebens-qi.at\/prana\/anwendungen\/","title":{"rendered":"Anwendungen"},"content":{"rendered":"<div class=\"wp-block-image\">\n<figure class=\"aligncenter\"><a href=\"https:\/\/www.lebens-qi.at\/prana\/wp-content\/uploads\/2013\/06\/prana-austria.jpg\"><img loading=\"lazy\" decoding=\"async\" width=\"576\" height=\"432\" src=\"https:\/\/www.lebens-qi.at\/prana\/wp-content\/uploads\/2013\/06\/prana-austria.jpg\" alt=\"prana-austria\" class=\"wp-image-139\" srcset=\"https:\/\/www.lebens-qi.at\/prana\/wp-content\/uploads\/2013\/06\/prana-austria.jpg 576w, https:\/\/www.lebens-qi.at\/prana\/wp-content\/uploads\/2013\/06\/prana-austria-300x225.jpg 300w\" sizes=\"(max-width: 576px) 100vw, 576px\" \/><\/a><\/figure><\/div>\n\n\n<p>Durch das energetische \u201cAbtasten\u201d wird der energetische IST-Zustand erf\u00fchlt und festgestellt, ob im Energiefeld oder den Energiezentren Disbalancen herrschen. Diese werden in weiterer Folge beseitigt, und frische, vitale Lebenskraft (=Prana) wird auf den betroffenen Bereich \u00fcbertragen. Dadurch wird die Selbstheilungskraft im K\u00f6rper aktiviert. Eine Pranic Energy Anwendung findet immer OHNE Ber\u00fchrung statt.<\/p>\n\n\n\n<ul>\n<li>aktiviert die Selbstheilungskr\u00e4fte<\/li>\n\n\n\n<li>harmonisiert das Energiefeld des K\u00f6rpers<\/li>\n\n\n\n<li>unterst\u00fctzt den K\u00f6rper in der Regeneration<\/li>\n\n\n\n<li>wirkt entspannend und schenkt innere Ruhe<\/li>\n\n\n\n<li>hilft loszulassen und neue Energie zu tanken<\/li>\n<\/ul>\n\n\n\n<h2 class=\"wp-block-heading\">Adressen von Zertifizierten Pranic Energy Healing AnwenderInnen in \u00d6sterreich:<\/h2>\n\n\n<div class=\"wp-block-image\">\n<figure class=\"alignleft\"><a href=\"https:\/\/www.lebens-qi.at\/prana\/wp-content\/uploads\/2024\/03\/angela-binder.jpg\"><img loading=\"lazy\" decoding=\"async\" width=\"169\" height=\"219\" src=\"https:\/\/www.lebens-qi.at\/prana\/wp-content\/uploads\/2024\/03\/angela-binder.jpg\" alt=\"\" class=\"wp-image-413\"\/><\/a><\/figure><\/div>\n\n\n<p><strong>Mag. Angela Binder<\/strong><\/p>\n\n\n\n<p>Bahnstr. 48, 2230 G\u00e4nserndorf<br>oder Mitterg. 23, 5760 Saalfelden<br>Tel.: +436507058587<br>mail: <a title=\"E-Mail\" href=\"mailto:angela@lebens-qi.at\" target=\"_blank\" rel=\"noopener\">angela@lebens-qi.at<\/a><br>Preis: \u20ac 75,- pro Stunde (Dauer Erstanwendung ca. 45-60 min)<br>PEH 1, 2, 3, 4 und 5, Zertifizierung, Instruktor<\/p>\n\n\n<div class=\"wp-block-image\">\n<figure class=\"alignleft\"><a href=\"https:\/\/www.lebens-qi.at\/prana\/wp-content\/uploads\/2024\/03\/elisabeth-deutsch.jpg\"><img loading=\"lazy\" decoding=\"async\" width=\"169\" height=\"219\" src=\"https:\/\/www.lebens-qi.at\/prana\/wp-content\/uploads\/2024\/03\/elisabeth-deutsch.jpg\" alt=\"\" class=\"wp-image-414\"\/><\/a><\/figure><\/div>\n\n\n<p><strong>Elisabeth Deutsch<\/strong><\/p>\n\n\n\n<p>Bahnstr. 48, 2230 G\u00e4nserndorf<br>Tel.: +4366473038986<br>mail: <a href=\"mailto:elisabeth@lebens-qi.at\" target=\"_blank\" rel=\"noopener\">elisabeth@lebens-qi.at<\/a><br>Preis: \u20ac 75 pro Stunde<br>PEH 1, 2, 3, 4 und 5, Zertifizierung<\/p>\n\n\n<div class=\"wp-block-image\">\n<figure class=\"alignleft is-resized\"><a href=\"https:\/\/www.lebens-qi.at\/prana\/wp-content\/uploads\/2019\/02\/alex-klein.jpg\"><img loading=\"lazy\" decoding=\"async\" width=\"226\" height=\"300\" src=\"https:\/\/www.lebens-qi.at\/prana\/wp-content\/uploads\/2019\/02\/alex-klein-226x300.jpg\" alt=\"\" class=\"wp-image-295\" style=\"width:169px\" srcset=\"https:\/\/www.lebens-qi.at\/prana\/wp-content\/uploads\/2019\/02\/alex-klein-226x300.jpg 226w, https:\/\/www.lebens-qi.at\/prana\/wp-content\/uploads\/2019\/02\/alex-klein.jpg 325w\" sizes=\"(max-width: 226px) 100vw, 226px\" \/><\/a><\/figure><\/div>\n\n\n<p><strong>Alexander Morgl<\/strong><\/p>\n\n\n\n<p>Tel.: +436644200986<br>mail: <a href=\"mailto:alexander@lebens-qi.at\">alexander@lebens-qi.at<\/a><\/p>\n\n\n\n<p>PEH 1, 2, 3, 4 und 5, Zertifizierung<\/p>\n\n\n\n<h2 class=\"wp-block-heading\">weitere Pranic Energy Healing AnwenderInnen (sortiert nach PLZ):<\/h2>\n\n\n<div class=\"wp-block-image\">\n<figure class=\"alignleft size-full\"><a href=\"https:\/\/www.lebens-qi.at\/prana\/wp-content\/uploads\/2024\/06\/verena-jaus.jpg\"><img loading=\"lazy\" decoding=\"async\" width=\"169\" height=\"218\" src=\"https:\/\/www.lebens-qi.at\/prana\/wp-content\/uploads\/2024\/06\/verena-jaus.jpg\" alt=\"\" class=\"wp-image-458\"\/><\/a><\/figure><\/div>\n\n\n<p><strong>Verena Jaus<\/strong><\/p>\n\n\n\n<p>Haydnstra\u00dfe 4, 2214 Auersthal<br><a href=\"http:\/\/www.solis-humanenergetik.at\" title=\"\">www.solis-humanenergetik.at<\/a><br>Tel.: +436506467366<br>mail: <a href=\"mailto:verena.jaus@solis-humanenergetik.at\">verena.jaus@solis-humanenergetik.at<\/a><br>Preis: auf Anfrage<br>PEH 1, 2, 3 und 4<\/p>\n\n\n<div class=\"wp-block-image\">\n<figure class=\"alignleft size-full\"><a href=\"https:\/\/www.lebens-qi.at\/prana\/wp-content\/uploads\/2025\/04\/annika-binder.jpg\"><img loading=\"lazy\" decoding=\"async\" width=\"169\" height=\"217\" src=\"https:\/\/www.lebens-qi.at\/prana\/wp-content\/uploads\/2025\/04\/annika-binder.jpg\" alt=\"\" class=\"wp-image-464\"\/><\/a><\/figure><\/div>\n\n\n<p><strong>Annika Binder<\/strong><\/p>\n\n\n\n<p>Bahnstr. 48, 2230 G\u00e4nserndorf<br><a href=\"https:\/\/www.lebens-qi.at\/de\/theralux\/\" title=\"\">www.theralux.at<\/a><br>Tel.: +436805593935<br>mail: <a href=\"mailto:bernhard@lebens-qi.at\" target=\"_blank\" rel=\"noopener\" title=\"E-Mail\">annika.binde<\/a><a href=\"mailto:annika.binder@hotmail.com\" target=\"_blank\" rel=\"noopener\" title=\"E-Mail\">r<\/a><a href=\"mailto:bernhard@lebens-qi.at\" target=\"_blank\" rel=\"noopener\" title=\"E-Mail\">@hotmail.com<\/a><br>Preis: auf Anfrage<br>PEH 1, 2, 3<\/p>\n\n\n<div class=\"wp-block-image\">\n<figure class=\"alignleft is-resized\"><a href=\"https:\/\/www.lebens-qi.at\/prana\/wp-content\/uploads\/2013\/06\/berni-weich.jpg\"><img loading=\"lazy\" decoding=\"async\" width=\"277\" height=\"300\" src=\"https:\/\/www.lebens-qi.at\/prana\/wp-content\/uploads\/2013\/06\/berni-weich-277x300.jpg\" alt=\"Bernhard Binder\" class=\"wp-image-148\" style=\"width:169px\" srcset=\"https:\/\/www.lebens-qi.at\/prana\/wp-content\/uploads\/2013\/06\/berni-weich-277x300.jpg 277w, https:\/\/www.lebens-qi.at\/prana\/wp-content\/uploads\/2013\/06\/berni-weich-947x1024.jpg 947w, https:\/\/www.lebens-qi.at\/prana\/wp-content\/uploads\/2013\/06\/berni-weich.jpg 1392w\" sizes=\"(max-width: 277px) 100vw, 277px\" \/><\/a><\/figure><\/div>\n\n\n<p><strong>Bernhard Binder<\/strong><\/p>\n\n\n\n<p>Bahnstr. 48, 2230 G\u00e4nserndorf<br>Tel.: +436507058586<br>mail: <a href=\"mailto:bernhard@lebens-qi.at\" target=\"_blank\" rel=\"noopener\" title=\"E-Mail\">bernhard@lebens-qi.at<\/a><br>Preis: auf Anfrage<br>PEH 1, 2, 3, 4 und 5<\/p>\n\n\n<div class=\"wp-block-image\">\n<figure class=\"alignleft size-full\"><a href=\"https:\/\/www.lebens-qi.at\/prana\/wp-content\/uploads\/2025\/04\/petra-reisenhofer.jpg\"><img loading=\"lazy\" decoding=\"async\" width=\"169\" height=\"183\" src=\"https:\/\/www.lebens-qi.at\/prana\/wp-content\/uploads\/2025\/04\/petra-reisenhofer.jpg\" alt=\"\" class=\"wp-image-463\"\/><\/a><\/figure><\/div>\n\n\n<p><strong>Petra Reisenhofer<\/strong><\/p>\n\n\n\n<p>Sperlingg. 1, 2230 G\u00e4nserndorf S\u00fcd<br><a href=\"https:\/\/heilseininbalance.com\">https:\/\/heilseininbalance.com<\/a><br>Tel.: +436645267380<br>mail: <a href=\"mailto:info@heilseininbalance.com\" target=\"_blank\" rel=\"noopener\" title=\"E-Mail\">info@heilseininbalance.com<\/a><br>Preis: \u20ac 70 pro Stunde, jede weitere \u20ac 30<br>PEH 1, 2, 3<\/p>\n\n\n<div class=\"wp-block-image\">\n<figure class=\"alignleft is-resized\"><a href=\"https:\/\/www.lebens-qi.at\/prana\/wp-content\/uploads\/2013\/06\/guenther.jpg\"><img loading=\"lazy\" decoding=\"async\" width=\"150\" height=\"153\" src=\"https:\/\/www.lebens-qi.at\/prana\/wp-content\/uploads\/2013\/06\/guenther.jpg\" alt=\"guenther\" class=\"wp-image-141\" style=\"width:169px\"\/><\/a><\/figure><\/div>\n\n\n<p><strong>G\u00fcnther B\u00f6ttger<\/strong><\/p>\n\n\n\n<p>Feldstrasse 19, 2264 Jedenspeigen<br><a href=\"http:\/\/www.wohlaktiv.at\">www.wohlaktiv.at<\/a><br>Tel.: +4369919261886<br>mail: <a href=\"mailto:guenther@wohlaktiv.at\">guenther@wohlaktiv.at<\/a><br>Preis: auf Anfrage<br>PEH 1, 2, 3, 4<\/p>\n\n\n<div class=\"wp-block-image\">\n<figure class=\"alignleft size-full\"><a href=\"https:\/\/www.lebens-qi.at\/prana\/wp-content\/uploads\/2024\/04\/jasmin-bis.jpg\"><img loading=\"lazy\" decoding=\"async\" width=\"169\" height=\"219\" src=\"https:\/\/www.lebens-qi.at\/prana\/wp-content\/uploads\/2024\/04\/jasmin-bis.jpg\" alt=\"\" class=\"wp-image-439\"\/><\/a><\/figure><\/div>\n\n\n<p><strong>Jasmin Bis<\/strong><\/p>\n\n\n\n<p>Straudorf 31, 2286 Haringsee<br>Tel.: +436606408033<br>mail: <a href=\"mailto:bisjasmin1@gmail.com\">bisjasmin1@gmail.com<\/a><br>Preis: \u20ac 60 pro Stunde<br>PEH 1, 2, 3, 4 und 5, Instruktorin<\/p>\n\n\n<div class=\"wp-block-image\">\n<figure class=\"alignleft size-full is-resized\"><img loading=\"lazy\" decoding=\"async\" width=\"169\" height=\"219\" src=\"https:\/\/www.lebens-qi.at\/prana\/wp-content\/uploads\/2024\/04\/birgit-gober.jpg\" alt=\"\" class=\"wp-image-443\" style=\"width:169px\"\/><\/figure><\/div>\n\n\n<p><strong>DGKS Birgit Gober<\/strong><\/p>\n\n\n\n<p>Birgit Maxima&#8217;s HERZROSE<br> Punitz 80, 7544 Punitz bei Tobaj<br> Tel.: +4368110275021<br> mail: <a href=\"mailto:gober419@gmail.com\" title=\"\">gober419@gmail.com<\/a><br> Preis: auf Anfrage<br> PEH 1, 2, 3, 4 und 5<\/p>\n\n\n<div class=\"wp-block-image\">\n<figure class=\"alignleft is-resized\"><a href=\"https:\/\/www.lebens-qi.at\/prana\/wp-content\/uploads\/2019\/02\/natalie-2.jpg\"><img loading=\"lazy\" decoding=\"async\" width=\"225\" height=\"300\" src=\"https:\/\/www.lebens-qi.at\/prana\/wp-content\/uploads\/2019\/02\/natalie-2-225x300.jpg\" alt=\"\" class=\"wp-image-293\" style=\"width:169px\" srcset=\"https:\/\/www.lebens-qi.at\/prana\/wp-content\/uploads\/2019\/02\/natalie-2-225x300.jpg 225w, https:\/\/www.lebens-qi.at\/prana\/wp-content\/uploads\/2019\/02\/natalie-2.jpg 389w\" sizes=\"(max-width: 225px) 100vw, 225px\" \/><\/a><\/figure><\/div>\n\n\n<p><strong>Natalie Rauchberger<\/strong><\/p>\n\n\n\n<p>Hauptstra\u00dfe 47<br>8650 Kindberg<br><a href=\"http:\/\/www.natalie-rauchberger.at\">www.natalie-rauchberger.at<\/a> <br>Tel: +436503693940 <br>Preis: auf Anfrage<br>mail: <a href=\"mailto:energetik@natalie-rauchberger.at\">energetik@natalie-rauchberger.at<\/a><br>PEH 1, 2 und 3<\/p>\n","protected":false},"excerpt":{"rendered":"<p>Durch das energetische \u201cAbtasten\u201d wird der energetische IST-Zustand erf\u00fchlt und festgestellt, ob im Energiefeld oder den Energiezentren Disbalancen herrschen. Diese werden in weiterer Folge beseitigt, und frische, vitale Lebenskraft (=Prana) wird auf den betroffenen Bereich \u00fcbertragen. Dadurch wird die Selbstheilungskraft im K\u00f6rper aktiviert. Eine Pranic Energy Anwendung findet immer OHNE Ber\u00fchrung statt. Adressen von Zertifizierten&hellip; <a class=\"more-link\" href=\"https:\/\/www.lebens-qi.at\/prana\/anwendungen\/\"><span class=\"screen-reader-text\">Anwendungen<\/span> weiterlesen<\/a><\/p>\n","protected":false},"author":1,"featured_media":0,"parent":0,"menu_order":0,"comment_status":"closed","ping_status":"closed","template":"","meta":{"footnotes":""},"aioseo_notices":[],"_links":{"self":[{"href":"https:\/\/www.lebens-qi.at\/prana\/wp-json\/wp\/v2\/pages\/88"}],"collection":[{"href":"https:\/\/www.lebens-qi.at\/prana\/wp-json\/wp\/v2\/pages"}],"about":[{"href":"https:\/\/www.lebens-qi.at\/prana\/wp-json\/wp\/v2\/types\/page"}],"author":[{"embeddable":true,"href":"https:\/\/www.lebens-qi.at\/prana\/wp-json\/wp\/v2\/users\/1"}],"replies":[{"embeddable":true,"href":"https:\/\/www.lebens-qi.at\/prana\/wp-json\/wp\/v2\/comments?post=88"}],"version-history":[{"count":0,"href":"https:\/\/www.lebens-qi.at\/prana\/wp-json\/wp\/v2\/pages\/88\/revisions"}],"wp:attachment":[{"href":"https:\/\/www.lebens-qi.at\/prana\/wp-json\/wp\/v2\/media?parent=88"}],"curies":[{"name":"wp","href":"https:\/\/api.w.org\/{rel}","templated":true}]}}