{"id":405,"date":"2024-02-01T19:54:27","date_gmt":"2024-02-01T18:54:27","guid":{"rendered":"https:\/\/www.lebens-qi.at\/qishop\/agb\/"},"modified":"2025-07-18T12:18:42","modified_gmt":"2025-07-18T10:18:42","slug":"agb","status":"publish","type":"page","link":"https:\/\/www.lebens-qi.at\/qishop\/agb\/","title":{"rendered":"AGB"},"content":{"rendered":"\n<p><strong>Unsere Allgemeinen Gesch\u00e4ftsbedingungen<\/strong><\/p>\n\n\n\n<p>\u00a71 Geltungsbereich<\/p>\n\n\n\n<p>F\u00fcr die Gesch\u00e4ftsbeziehungen zwischen LEBENS-QI Mag. Angela Binder eU und dem Besteller gelten &#8211; auch f\u00fcr alle zuk\u00fcnftige Gesch\u00e4fte gelten ausschlie\u00dflich &#8211; die nachfolgenden Allgemeinen Gesch\u00e4ftsbedingungen in ihrer zum Zeitpunkt der Bestellung g\u00fcltigen Fassung. Abweichende Bedingungen des Bestellers erkennt LEBENS-QI Mag. Angela Binder eU nicht an, au\u00dfer LEBENS-QI Mag. Angela Binder eUabweichenden Bedingungen an.<\/p>\n\n\n\n<p>\u00a7 2 Lieferung<\/p>\n\n\n\n<p>Sofern nicht anders vereinbart, erfolgt die Lieferung ab Lager an die angegebene Lieferadresse zuz\u00fcglich den bei der Bestellung angegeben Versandkosten. Eventuell entstehende Mehrkosten durch falsche Adresse, Annahmeverzug und Annahmeverweigerung gehen zu Lasten des K\u00e4ufers. Die Gefahr f\u00fcr den Transport \u00fcbernimmt der K\u00e4ufer. Auf ausdr\u00fccklichen Wunsch k\u00f6nnen alle Sendungen (h\u00f6her) versichert werden. Allf\u00e4llige Mehrkosten gehen zu Lasten des K\u00e4ufers. Angaben \u00fcber die Lieferfristen sind unverbindlich. <strong>Da wir auch Ladengesch\u00e4fte f\u00fchren ist ein zwischenzeitlicher Verkauf der im Shop gelisteten Produkte vorbehalten.<\/strong><\/p>\n\n\n\n<p>\u00a7 3 F\u00e4lligkeit<\/p>\n\n\n\n<p>Der Kaufpreis wird sofort mit Kaufabschluss f\u00e4llig. Der Besteller kann den Kaufpreis zzgl. der Versandkosten per \u00dcberweisung binnen 10 Tagen ab Auftragserteilung zahlen (spesenfrei f\u00fcr den Beg\u00fcnstigten).<\/p>\n\n\n\n<p>\u00a7 4 Zahlung<\/p>\n\n\n\n<p>Die Bezahlung kann bei Versand per Bank\u00fcberweisung (Vorauskasse), esp, Karte oder mittels PayPal get\u00e4tigt werden. F\u00fcr Stammkunden ist auch der Versand auf Rechnung m\u00f6glich. Bei Selbstabholung in unserem Gesch\u00e4ft Bahnstra\u00dfe 48, 2230 G\u00e4nserndorf oder Mittergasse 23, 5760 Saalfelden erfolgt die Bezahlung etweder wie zuvor genannt oder direkt vor Ort Bar oder mit Karte.<br>Etwaige entstehende Inkassokosten bei Zahlungsverzug gehen zu Lasten des K\u00e4ufers.<\/p>\n\n\n\n<p>\u00a7 5 Eigentumsvorbehalt<\/p>\n\n\n\n<p>Die gelieferte Ware bleibt bis zur vollst\u00e4ndigen Bezahlung Eigentum von LEBENS-QI Mag. Angela Binder eU.<\/p>\n\n\n\n<p>\u00a7 6 Datenschutz<\/p>\n\n\n\n<p>Der Besteller ist \u00fcber Art, Umfang, Ort und Zweck der Erhebung, Verarbeitung und Nutzung der f\u00fcr die Ausf\u00fchrung von Bestellungen, die Anmeldung zu dem E-Mail-Benachrichtigungsdienst, erforderlichen personenbezogenen Daten durch LEBENS-QI Mag. Angela Binder eU ausf\u00fchrlich unterrichtet worden. Der Besteller stimmt dieser Erhebung, Verarbeitung und Nutzung personenbezogenen Daten ausdr\u00fccklich zu.<\/p>\n\n\n\n<p>\u00a7 7 Anwendbares Recht, Erf\u00fcllungsort und Gerichtsstand<\/p>\n\n\n\n<p>Es gilt ausschlie\u00dflich \u00f6sterreichisches Recht unter Ausschluss des UN-Kaufrechts. Ausschlie\u00dflicher Gerichtsstand f\u00fcr alle Anspr\u00fcche im Zusammenhang mit der Gesch\u00e4ftsbeziehung ist Korneuburg\/\u00d6sterreich. Als Erf\u00fcllungsort wird G\u00e4nserndorf vereinbart.<\/p>\n\n\n\n<p>\u00a7 10 Alternative Streitbeilegungsverfahren<\/p>\n\n\n\n<p>Mangels Inanspruchnahme der Online-Streitschlichtungsplattform hat die EU die ODR-Verordnung aufgehoben.<\/p>\n\n\n\n<p>\u00a7 9 Rechte des K\u00e4ufer gem\u00e4\u00df Fernabsatzgesetz (R\u00fccknahme)<\/p>\n\n\n\n<p>Innerhalb von 7 Tagen ab Erhalt der Lieferung kann die bestellte Ware ohne Angabe von Gr\u00fcnden retourniert werden. Das daraus resultierende Transportrisiko tr\u00e4gt der K\u00e4ufer. Durch die R\u00fccksendung d\u00fcrfen LEBENS-QI Mag. Angela Binder eU keine weiteren Kosten entstehen, Portokosten gehen in jedem Fall zu lasten des K\u00e4ufers. Soferne die Ware unversehrt und vollst\u00e4ndig bei LEBENS-QI Mag. Angela Binder eU einlangt, wird der Kaufpreis umgehend r\u00fcckerstattet. Das Geltendmachen von Schadenersatzanspr\u00fcchen durch den K\u00e4ufer wird ausgeschlossen.<\/p>\n\n\n\n<p>\u00a7 10 Qualit\u00e4t, Darstellung, Beschreibung der Artikel<\/p>\n\n\n\n<p>Die Darstellung meiner Aritkel auf der Homepage entspricht, soweit technisch m\u00f6glich, dem realen Produkt. Abweichungen davon sind z.B. durch unterschiedliche Farbeinstellungen der verwendeten Hardware (zB LCD Monitore und Grafikkarten) m\u00f6glich. Alle fotografischen Abbildungen sind vergr\u00f6\u00dfert oder verkleinert, die Realma\u00dfe entnehmen Sie der detaillierten Artikelbeschreibung. Etwaige Dekorationen auf den Fotos sind im Lieferumfang nicht enthalten. Der Lieferumfang betr\u00e4gt generell nur 1 St\u00fcck, auch wenn auf Fotos eine gr\u00f6\u00dfere Anzahl an Produkten abgebildet ist. Geben Sie daher bitte immer die gew\u00fcnschte Lieferanzahl an!<\/p>\n\n\n\n<p>\u00a7 11 Rechtlicher Hinweis bez\u00fcglich Warenbeschreibungen<\/p>\n\n\n\n<p>Wichtiger Hinweis! Soweit in diesem Online-Shop Aussagen \u00fcber einzelne Waren Verwendung finden, die bestimmte Wirkungen der Produkte andeuten, wird ausdr\u00fccklich klargestellt, dass mit diesen Aussagen keine Wirkungen im naturwissenschaftlich gesicherten Sinne angek\u00fcndigt werden. Es handelt sich um Hinweise auf Anwendung der Produkte im traditionellen, \u00fcberlieferten Sinne. Auch die Heilm\u00f6glichkeiten von Edelsteinen und sogenannten Heilsteinen, Mineralien und Kristallen ist wissenschaftlich nicht nachweisbar oder medizinisch anerkannt ist. Sie ersetzen nicht einen \u00e4rztlichen Rat oder \u00e4rztliche Hilfe. Die Beschreibung beruht auf Quellen in der Literatur und unseren Erfahrungswerten, es ist unsere Meinung und stellt keine Anleitung zur Therapie oder Diagnose im \u00e4rztlichen Sinn dar. Ein Heilungserfolg ist nicht mit Sicherheit zu erwarten und deshalb stellen eventuell angef\u00fchrte Eigenschaften der Edelsteine oder Heilsteine kein Heilversprechen im schulmedizinischen Sinne dar.<\/p>\n\n\n\n<p><strong>Preis- und Satzfehler vorbehalten<\/strong><\/p>\n","protected":false},"excerpt":{"rendered":"<p>Unsere Allgemeinen Gesch\u00e4ftsbedingungen \u00a71 Geltungsbereich F\u00fcr die Gesch\u00e4ftsbeziehungen zwischen LEBENS-QI Mag. Angela Binder eU und dem Besteller gelten &#8211; auch f\u00fcr alle zuk\u00fcnftige Gesch\u00e4fte gelten ausschlie\u00dflich &#8211; die nachfolgenden Allgemeinen Gesch\u00e4ftsbedingungen in ihrer zum Zeitpunkt der Bestellung g\u00fcltigen Fassung. Abweichende Bedingungen des Bestellers erkennt LEBENS-QI Mag. Angela Binder eU nicht an, au\u00dfer LEBENS-QI Mag. Angela<\/p>\n<div class=\"more-link\">\n\t\t\t\t <a href=\"https:\/\/www.lebens-qi.at\/qishop\/agb\/\" class=\"btn theme-btn\"><span>Continue Reading  <\/span><i class=\"icofont-thin-double-right\"><\/i><\/a>\n\t\t\t<\/div>\n","protected":false},"author":1,"featured_media":0,"parent":0,"menu_order":0,"comment_status":"closed","ping_status":"closed","template":"","meta":{"footnotes":"","_links_to":"","_links_to_target":""},"class_list":["post-405","page","type-page","status-publish","hentry"],"blog_post_layout_featured_media_urls":{"thumbnail":"","full":""},"categories_names":null,"comments_number":"0","_links":{"self":[{"href":"https:\/\/www.lebens-qi.at\/qishop\/wp-json\/wp\/v2\/pages\/405","targetHints":{"allow":["GET"]}}],"collection":[{"href":"https:\/\/www.lebens-qi.at\/qishop\/wp-json\/wp\/v2\/pages"}],"about":[{"href":"https:\/\/www.lebens-qi.at\/qishop\/wp-json\/wp\/v2\/types\/page"}],"author":[{"embeddable":true,"href":"https:\/\/www.lebens-qi.at\/qishop\/wp-json\/wp\/v2\/users\/1"}],"replies":[{"embeddable":true,"href":"https:\/\/www.lebens-qi.at\/qishop\/wp-json\/wp\/v2\/comments?post=405"}],"version-history":[{"count":5,"href":"https:\/\/www.lebens-qi.at\/qishop\/wp-json\/wp\/v2\/pages\/405\/revisions"}],"predecessor-version":[{"id":16342,"href":"https:\/\/www.lebens-qi.at\/qishop\/wp-json\/wp\/v2\/pages\/405\/revisions\/16342"}],"wp:attachment":[{"href":"https:\/\/www.lebens-qi.at\/qishop\/wp-json\/wp\/v2\/media?parent=405"}],"curies":[{"name":"wp","href":"https:\/\/api.w.org\/{rel}","templated":true}]}}