{"id":1001,"date":"2024-02-14T00:35:49","date_gmt":"2024-02-13T23:35:49","guid":{"rendered":"https:\/\/www.lebens-qi.at\/qishop\/produkt\/erweiterte-wahrnehmung-auraspray\/"},"modified":"2024-11-18T20:13:02","modified_gmt":"2024-11-18T19:13:02","slug":"erweiterte-wahrnehmung-auraspray","status":"publish","type":"product","link":"https:\/\/www.lebens-qi.at\/qishop\/produkt\/erweiterte-wahrnehmung-auraspray\/","title":{"rendered":"Erweiterte Wahrnehmung &#8211; Auraspray"},"content":{"rendered":"<p><b>ERWEITERTE WAHRNEHMUNGEN<\/b><\/p>\n<p><b>Leitstein: <\/b>Aquamarin<\/p>\n<p><b>Erzengel:<\/b> Jophiel<\/p>\n<p><b>\u201eIch erweitere meine Wahrnehmung\u201c<\/b><br \/>\n(Hell-)sehen &#8211; h\u00f6ren &#8211; f\u00fchlen, au\u00dferk\u00f6rperliche Erfahrungen, Einf\u00fchlungsgabe, Medium sein, Weitblick.<\/p>\n<p><b>Weitere Mineralien:<\/b> Obsidian, Moldavit, Coelestin, Alexandrit u.a.<\/p>\n<p><b>Leitduft:<\/b> Magnolienbl\u00fcte<\/p>\n<p>Inhalt 50ml \u2013 in hochwertigem MIRON-Violettglas<\/p>\n","protected":false},"excerpt":{"rendered":"<p>Ich erweitere meine Wahrnehmung<\/p>\n","protected":false},"featured_media":9233,"comment_status":"open","ping_status":"closed","template":"","meta":{"_links_to":"","_links_to_target":""},"pwb-brand":[166],"product_brand":[],"product_cat":[218],"product_tag":[1935,157,164,163,842,1936,165,1937],"class_list":{"0":"post-1001","1":"product","2":"type-product","3":"status-publish","4":"has-post-thumbnail","6":"pwb-brand-engelalm","7":"product_cat-lebensthemen-aurasprays","8":"product_tag-aquamarin","9":"product_tag-auraspray","10":"product_tag-edelsteinessenz","11":"product_tag-engelalm","12":"product_tag-hellsichtigkeit","13":"product_tag-magnolie","14":"product_tag-themenspray","15":"product_tag-wahrnehmung","17":"first","18":"instock","19":"taxable","20":"shipping-taxable","21":"purchasable","22":"product-type-simple"},"blog_post_layout_featured_media_urls":{"thumbnail":["https:\/\/www.lebens-qi.at\/qishop\/wp-content\/uploads\/erweiterte_wahrnehmung-spray-150x150.jpg",150,150,true],"full":["https:\/\/www.lebens-qi.at\/qishop\/wp-content\/uploads\/erweiterte_wahrnehmung-spray.jpg",490,490,false]},"categories":["166"],"categories_names":{"166":{"name":"Engelalm","link":"https:\/\/www.lebens-qi.at\/qishop\/brand\/engelalm\/"}},"comments_number":"0","brands":[{"id":166,"name":"Engelalm","slug":"engelalm"}],"_links":{"self":[{"href":"https:\/\/www.lebens-qi.at\/qishop\/wp-json\/wp\/v2\/product\/1001","targetHints":{"allow":["GET"]}}],"collection":[{"href":"https:\/\/www.lebens-qi.at\/qishop\/wp-json\/wp\/v2\/product"}],"about":[{"href":"https:\/\/www.lebens-qi.at\/qishop\/wp-json\/wp\/v2\/types\/product"}],"replies":[{"embeddable":true,"href":"https:\/\/www.lebens-qi.at\/qishop\/wp-json\/wp\/v2\/comments?post=1001"}],"wp:featuredmedia":[{"embeddable":true,"href":"https:\/\/www.lebens-qi.at\/qishop\/wp-json\/wp\/v2\/media\/9233"}],"wp:attachment":[{"href":"https:\/\/www.lebens-qi.at\/qishop\/wp-json\/wp\/v2\/media?parent=1001"}],"wp:term":[{"taxonomy":"pwb-brand","embeddable":true,"href":"https:\/\/www.lebens-qi.at\/qishop\/wp-json\/wp\/v2\/pwb-brand?post=1001"},{"taxonomy":"product_brand","embeddable":true,"href":"https:\/\/www.lebens-qi.at\/qishop\/wp-json\/wp\/v2\/product_brand?post=1001"},{"taxonomy":"product_cat","embeddable":true,"href":"https:\/\/www.lebens-qi.at\/qishop\/wp-json\/wp\/v2\/product_cat?post=1001"},{"taxonomy":"product_tag","embeddable":true,"href":"https:\/\/www.lebens-qi.at\/qishop\/wp-json\/wp\/v2\/product_tag?post=1001"}],"curies":[{"name":"wp","href":"https:\/\/api.w.org\/{rel}","templated":true}]}}