{"id":10014,"date":"2024-10-14T18:44:55","date_gmt":"2024-10-14T16:44:55","guid":{"rendered":"https:\/\/www.lebens-qi.at\/qishop\/?post_type=product&#038;p=10014"},"modified":"2025-01-27T17:39:13","modified_gmt":"2025-01-27T16:39:13","slug":"blatt-anhaenger-gold","status":"publish","type":"product","link":"https:\/\/www.lebens-qi.at\/qishop\/produkt\/blatt-anhaenger-gold\/","title":{"rendered":"Blatt Anh\u00e4nger gold"},"content":{"rendered":"<p>Filigraner Schmuck! Bl\u00e4tter stehen symbolisch f\u00fcr Leichtigkeit, Naturverbundenheit und (spirituelles) Wachstum<\/p>\n<p>Anh\u00e4nger Blatt &#8211; jedes St\u00fcck einzigartig und daher in der Gr\u00f6\u00dfe variabel:<\/p>\n<p><strong>L\u00e4nge:<\/strong> ca. 6,5-9,5 cm<br \/>\n<strong>Breite:<\/strong> ca. 2,5-4,5 cm<\/p>\n<p>Anh\u00e4nger mit ca. 4 mm gro\u00dfer \u00d6se<br \/>\n<strong>Material:<\/strong> Metall<br \/>\n<strong>Farbe:<\/strong> Gold<\/p>\n<p><em>Hinweis: Symbolfoto &#8211; Abweichungen in Form und Gr\u00f6\u00dfe m\u00f6glich, jedes St\u00fcck ist anders!<\/em><\/p>\n","protected":false},"excerpt":{"rendered":"<p>Symbol f\u00fcr Leichtigkeit<\/p>\n","protected":false},"featured_media":10015,"comment_status":"open","ping_status":"closed","template":"","meta":{"_links_to":"","_links_to_target":""},"pwb-brand":[],"product_brand":[],"product_cat":[1011],"product_tag":[117,314,633,1323,118,2003],"class_list":{"0":"post-10014","1":"product","2":"type-product","3":"status-publish","4":"has-post-thumbnail","6":"product_cat-symbolschmuck","7":"product_tag-anhaenger","8":"product_tag-blatt","9":"product_tag-leichtigkeit","10":"product_tag-naturverbundenheit","11":"product_tag-schmuck","12":"product_tag-wachstum","14":"first","15":"instock","16":"taxable","17":"shipping-taxable","18":"purchasable","19":"product-type-simple"},"blog_post_layout_featured_media_urls":{"thumbnail":["https:\/\/www.lebens-qi.at\/qishop\/wp-content\/uploads\/anhaenger-blatt-gold-150x150.jpg",150,150,true],"full":["https:\/\/www.lebens-qi.at\/qishop\/wp-content\/uploads\/anhaenger-blatt-gold.jpg",726,726,false]},"categories":null,"categories_names":null,"comments_number":"0","brands":[],"_links":{"self":[{"href":"https:\/\/www.lebens-qi.at\/qishop\/wp-json\/wp\/v2\/product\/10014","targetHints":{"allow":["GET"]}}],"collection":[{"href":"https:\/\/www.lebens-qi.at\/qishop\/wp-json\/wp\/v2\/product"}],"about":[{"href":"https:\/\/www.lebens-qi.at\/qishop\/wp-json\/wp\/v2\/types\/product"}],"replies":[{"embeddable":true,"href":"https:\/\/www.lebens-qi.at\/qishop\/wp-json\/wp\/v2\/comments?post=10014"}],"wp:featuredmedia":[{"embeddable":true,"href":"https:\/\/www.lebens-qi.at\/qishop\/wp-json\/wp\/v2\/media\/10015"}],"wp:attachment":[{"href":"https:\/\/www.lebens-qi.at\/qishop\/wp-json\/wp\/v2\/media?parent=10014"}],"wp:term":[{"taxonomy":"pwb-brand","embeddable":true,"href":"https:\/\/www.lebens-qi.at\/qishop\/wp-json\/wp\/v2\/pwb-brand?post=10014"},{"taxonomy":"product_brand","embeddable":true,"href":"https:\/\/www.lebens-qi.at\/qishop\/wp-json\/wp\/v2\/product_brand?post=10014"},{"taxonomy":"product_cat","embeddable":true,"href":"https:\/\/www.lebens-qi.at\/qishop\/wp-json\/wp\/v2\/product_cat?post=10014"},{"taxonomy":"product_tag","embeddable":true,"href":"https:\/\/www.lebens-qi.at\/qishop\/wp-json\/wp\/v2\/product_tag?post=10014"}],"curies":[{"name":"wp","href":"https:\/\/api.w.org\/{rel}","templated":true}]}}