{"id":10017,"date":"2024-10-15T12:08:58","date_gmt":"2024-10-15T10:08:58","guid":{"rendered":"https:\/\/www.lebens-qi.at\/qishop\/?post_type=product&#038;p=10017"},"modified":"2025-09-10T12:35:37","modified_gmt":"2025-09-10T10:35:37","slug":"matcha-pu-gruentee","status":"publish","type":"product","link":"https:\/\/www.lebens-qi.at\/qishop\/produkt\/matcha-pu-gruentee\/","title":{"rendered":"Taste of Japan &#8211; Matcha"},"content":{"rendered":"<p><b>Extra Qualit\u00e4t!<br \/>\nMatcha<\/b><br \/>\nGr\u00fcntee-Pulver aus Japan<\/p>\n<p>Matcha ist aktuell DAS Trendgetr\u00e4nk! Super Qualit\u00e4t, feines Pulver<\/p>\n<p>1-2 Minuten mit Bambusbesen aufsch\u00e4umen<br \/>\n80-90\u00b0 C Wassertemperatur<br \/>\n2 g auf 200 ml<\/p>\n<p><em><b>Zutaten:<\/b><br \/>\nMatcha-Pulver (Camellia sinensis)<\/em><\/p>\n<p><b>Inhalt:<\/b><br \/>\n50 g in versiegelter Klarsicht-Aromat\u00fcte &#8211; diese steckt innerhalb einer lichtundurchl\u00e4ssigen, schwarzen Aromat\u00fcte<\/p>\n<p>Zeichnung auf der Etikette von Jassi Bis<\/p>\n","protected":false},"excerpt":{"rendered":"<p>Gr\u00fcntee Pulver<\/p>\n","protected":false},"featured_media":16866,"comment_status":"open","ping_status":"closed","template":"","meta":{"_links_to":"","_links_to_target":""},"pwb-brand":[434],"product_brand":[],"product_cat":[2811,435],"product_tag":[449,448,1167,2073,443,2315],"class_list":{"0":"post-10017","1":"product","2":"type-product","3":"status-publish","4":"has-post-thumbnail","6":"pwb-brand-lebens-qi-teehaus-qualitaet","7":"product_cat-gruener-tee","8":"product_cat-taste-of","9":"product_tag-gruener-tee","10":"product_tag-gruentee","11":"product_tag-japan","12":"product_tag-matcha","13":"product_tag-tee","14":"product_tag-teehaus-qualitaet","16":"first","17":"instock","18":"taxable","19":"shipping-taxable","20":"purchasable","21":"product-type-simple"},"blog_post_layout_featured_media_urls":{"thumbnail":["https:\/\/www.lebens-qi.at\/qishop\/wp-content\/uploads\/matcha-japan-1-150x150.png",150,150,true],"full":["https:\/\/www.lebens-qi.at\/qishop\/wp-content\/uploads\/matcha-japan-1.png",800,800,false]},"categories":["434"],"categories_names":{"434":{"name":"Teehaus-Qualit\u00e4t vom LEBENS-QI","link":"https:\/\/www.lebens-qi.at\/qishop\/brand\/lebens-qi-teehaus-qualitaet\/"}},"comments_number":"0","brands":[{"id":434,"name":"Teehaus-Qualit\u00e4t vom LEBENS-QI","slug":"lebens-qi-teehaus-qualitaet"}],"_links":{"self":[{"href":"https:\/\/www.lebens-qi.at\/qishop\/wp-json\/wp\/v2\/product\/10017","targetHints":{"allow":["GET"]}}],"collection":[{"href":"https:\/\/www.lebens-qi.at\/qishop\/wp-json\/wp\/v2\/product"}],"about":[{"href":"https:\/\/www.lebens-qi.at\/qishop\/wp-json\/wp\/v2\/types\/product"}],"replies":[{"embeddable":true,"href":"https:\/\/www.lebens-qi.at\/qishop\/wp-json\/wp\/v2\/comments?post=10017"}],"wp:featuredmedia":[{"embeddable":true,"href":"https:\/\/www.lebens-qi.at\/qishop\/wp-json\/wp\/v2\/media\/16866"}],"wp:attachment":[{"href":"https:\/\/www.lebens-qi.at\/qishop\/wp-json\/wp\/v2\/media?parent=10017"}],"wp:term":[{"taxonomy":"pwb-brand","embeddable":true,"href":"https:\/\/www.lebens-qi.at\/qishop\/wp-json\/wp\/v2\/pwb-brand?post=10017"},{"taxonomy":"product_brand","embeddable":true,"href":"https:\/\/www.lebens-qi.at\/qishop\/wp-json\/wp\/v2\/product_brand?post=10017"},{"taxonomy":"product_cat","embeddable":true,"href":"https:\/\/www.lebens-qi.at\/qishop\/wp-json\/wp\/v2\/product_cat?post=10017"},{"taxonomy":"product_tag","embeddable":true,"href":"https:\/\/www.lebens-qi.at\/qishop\/wp-json\/wp\/v2\/product_tag?post=10017"}],"curies":[{"name":"wp","href":"https:\/\/api.w.org\/{rel}","templated":true}]}}