{"id":1005,"date":"2024-02-14T00:35:53","date_gmt":"2024-02-13T23:35:53","guid":{"rendered":"https:\/\/www.lebens-qi.at\/qishop\/produkt\/schutz-und-abgrenzung-auraspray\/"},"modified":"2024-11-18T20:13:00","modified_gmt":"2024-11-18T19:13:00","slug":"schutz-und-abgrenzung-auraspray","status":"publish","type":"product","link":"https:\/\/www.lebens-qi.at\/qishop\/produkt\/schutz-und-abgrenzung-auraspray\/","title":{"rendered":"Schutz und Abgrenzung &#8211; Auraspray"},"content":{"rendered":"<p><b>SCHUTZ &amp; ABGRENZUNG<\/b><\/p>\n<p><b>Leitstein: <\/b>Achat<\/p>\n<p><b>Erzengel:<\/b> Michael<\/p>\n<p><b>\u201eIch bin gesch\u00fctzt\u201c<\/b><br \/>\nEigenbestimmung, Selbstbewusstsein, vermittelt Weite und vergr\u00f6\u00dfert den Raum, grenzt unerw\u00fcnschte Einfl\u00fcsse ab, hilft sich in Menschenmassen abzugrenzen, Stabilit\u00e4t, gegen geistige Angriffe und unerw\u00fcnschte Einfl\u00fcsse, gegen Eigenmanipulation<\/p>\n<p><b>Weitere Mineralien:<\/b> Turmalin, Biotit, Fuchsit u.a.<\/p>\n<p><b>\u00c4therische \u00d6le: <\/b>Kampfer, Neroli u.a.<\/p>\n<p>Inhalt 50ml \u2013 in hochwertigem MIRON-Violettglas<\/p>\n","protected":false},"excerpt":{"rendered":"<p>Ich bin gesch\u00fctzt<\/p>\n","protected":false},"featured_media":9227,"comment_status":"open","ping_status":"closed","template":"","meta":{"_links_to":"","_links_to_target":""},"pwb-brand":[166],"product_brand":[],"product_cat":[218],"product_tag":[122,1930,569,157,164,163,386,121,165],"class_list":{"0":"post-1005","1":"product","2":"type-product","3":"status-publish","4":"has-post-thumbnail","6":"pwb-brand-engelalm","7":"product_cat-lebensthemen-aurasprays","8":"product_tag-abgrenzung","9":"product_tag-abstand","10":"product_tag-achat","11":"product_tag-auraspray","12":"product_tag-edelsteinessenz","13":"product_tag-engelalm","14":"product_tag-kampfer","15":"product_tag-schutz","16":"product_tag-themenspray","18":"first","19":"instock","20":"taxable","21":"shipping-taxable","22":"purchasable","23":"product-type-simple"},"blog_post_layout_featured_media_urls":{"thumbnail":["https:\/\/www.lebens-qi.at\/qishop\/wp-content\/uploads\/schutz_und_abgrenzung-auraspray-150x150.jpg",150,150,true],"full":["https:\/\/www.lebens-qi.at\/qishop\/wp-content\/uploads\/schutz_und_abgrenzung-auraspray.jpg",490,490,false]},"categories":["166"],"categories_names":{"166":{"name":"Engelalm","link":"https:\/\/www.lebens-qi.at\/qishop\/brand\/engelalm\/"}},"comments_number":"0","brands":[{"id":166,"name":"Engelalm","slug":"engelalm"}],"_links":{"self":[{"href":"https:\/\/www.lebens-qi.at\/qishop\/wp-json\/wp\/v2\/product\/1005","targetHints":{"allow":["GET"]}}],"collection":[{"href":"https:\/\/www.lebens-qi.at\/qishop\/wp-json\/wp\/v2\/product"}],"about":[{"href":"https:\/\/www.lebens-qi.at\/qishop\/wp-json\/wp\/v2\/types\/product"}],"replies":[{"embeddable":true,"href":"https:\/\/www.lebens-qi.at\/qishop\/wp-json\/wp\/v2\/comments?post=1005"}],"wp:featuredmedia":[{"embeddable":true,"href":"https:\/\/www.lebens-qi.at\/qishop\/wp-json\/wp\/v2\/media\/9227"}],"wp:attachment":[{"href":"https:\/\/www.lebens-qi.at\/qishop\/wp-json\/wp\/v2\/media?parent=1005"}],"wp:term":[{"taxonomy":"pwb-brand","embeddable":true,"href":"https:\/\/www.lebens-qi.at\/qishop\/wp-json\/wp\/v2\/pwb-brand?post=1005"},{"taxonomy":"product_brand","embeddable":true,"href":"https:\/\/www.lebens-qi.at\/qishop\/wp-json\/wp\/v2\/product_brand?post=1005"},{"taxonomy":"product_cat","embeddable":true,"href":"https:\/\/www.lebens-qi.at\/qishop\/wp-json\/wp\/v2\/product_cat?post=1005"},{"taxonomy":"product_tag","embeddable":true,"href":"https:\/\/www.lebens-qi.at\/qishop\/wp-json\/wp\/v2\/product_tag?post=1005"}],"curies":[{"name":"wp","href":"https:\/\/api.w.org\/{rel}","templated":true}]}}