{"id":1011,"date":"2024-02-14T00:36:02","date_gmt":"2024-02-13T23:36:02","guid":{"rendered":"https:\/\/www.lebens-qi.at\/qishop\/produkt\/selbstheilungskraefte-auraspray\/"},"modified":"2024-11-18T20:12:59","modified_gmt":"2024-11-18T19:12:59","slug":"selbstheilungskraefte-auraspray","status":"publish","type":"product","link":"https:\/\/www.lebens-qi.at\/qishop\/produkt\/selbstheilungskraefte-auraspray\/","title":{"rendered":"Selbstheilungskr\u00e4fte &#8211; Auraspray"},"content":{"rendered":"<p><b>SELBSTHEILUNGSKR\u00c4FTE<\/b><\/p>\n<p><b>Leitstein: <\/b>Heliotrop<\/p>\n<p><b>Erzengel:<\/b> Raphael<\/p>\n<p><b>\u201eGesundheit ist in mir\u201c<\/b><br \/>\nRegenerationsf\u00e4higkeit, harmonisierend, f\u00f6rdert Erkenntnis \u00fcber Ursachen<\/p>\n<p><b>Weitere Mineralien:<\/b> Larimar, Markasit, Alexandrit u.a.<\/p>\n<p><b>\u00c4therische \u00d6le: <\/b>Neroli, Douglasfichte u.a.<\/p>\n<p>Inhalt 50ml \u2013 in hochwertigem MIRON-Violettglas<\/p>\n","protected":false},"excerpt":{"rendered":"<p>Gesundheit ist in mir<\/p>\n","protected":false},"featured_media":9223,"comment_status":"open","ping_status":"closed","template":"","meta":{"_links_to":"","_links_to_target":""},"pwb-brand":[166],"product_brand":[],"product_cat":[218],"product_tag":[157,164,163,546,570,1933,1715,513,165],"class_list":{"0":"post-1011","1":"product","2":"type-product","3":"status-publish","4":"has-post-thumbnail","6":"pwb-brand-engelalm","7":"product_cat-lebensthemen-aurasprays","8":"product_tag-auraspray","9":"product_tag-edelsteinessenz","10":"product_tag-engelalm","11":"product_tag-gesundheit","12":"product_tag-heliotrop","13":"product_tag-neroli","14":"product_tag-regeneration","15":"product_tag-selbstheilung","16":"product_tag-themenspray","18":"first","19":"instock","20":"taxable","21":"shipping-taxable","22":"purchasable","23":"product-type-simple"},"blog_post_layout_featured_media_urls":{"thumbnail":["https:\/\/www.lebens-qi.at\/qishop\/wp-content\/uploads\/selbstheilungskraefte-auraspray-150x150.jpg",150,150,true],"full":["https:\/\/www.lebens-qi.at\/qishop\/wp-content\/uploads\/selbstheilungskraefte-auraspray.jpg",490,490,false]},"categories":["166"],"categories_names":{"166":{"name":"Engelalm","link":"https:\/\/www.lebens-qi.at\/qishop\/brand\/engelalm\/"}},"comments_number":"0","brands":[{"id":166,"name":"Engelalm","slug":"engelalm"}],"_links":{"self":[{"href":"https:\/\/www.lebens-qi.at\/qishop\/wp-json\/wp\/v2\/product\/1011","targetHints":{"allow":["GET"]}}],"collection":[{"href":"https:\/\/www.lebens-qi.at\/qishop\/wp-json\/wp\/v2\/product"}],"about":[{"href":"https:\/\/www.lebens-qi.at\/qishop\/wp-json\/wp\/v2\/types\/product"}],"replies":[{"embeddable":true,"href":"https:\/\/www.lebens-qi.at\/qishop\/wp-json\/wp\/v2\/comments?post=1011"}],"wp:featuredmedia":[{"embeddable":true,"href":"https:\/\/www.lebens-qi.at\/qishop\/wp-json\/wp\/v2\/media\/9223"}],"wp:attachment":[{"href":"https:\/\/www.lebens-qi.at\/qishop\/wp-json\/wp\/v2\/media?parent=1011"}],"wp:term":[{"taxonomy":"pwb-brand","embeddable":true,"href":"https:\/\/www.lebens-qi.at\/qishop\/wp-json\/wp\/v2\/pwb-brand?post=1011"},{"taxonomy":"product_brand","embeddable":true,"href":"https:\/\/www.lebens-qi.at\/qishop\/wp-json\/wp\/v2\/product_brand?post=1011"},{"taxonomy":"product_cat","embeddable":true,"href":"https:\/\/www.lebens-qi.at\/qishop\/wp-json\/wp\/v2\/product_cat?post=1011"},{"taxonomy":"product_tag","embeddable":true,"href":"https:\/\/www.lebens-qi.at\/qishop\/wp-json\/wp\/v2\/product_tag?post=1011"}],"curies":[{"name":"wp","href":"https:\/\/api.w.org\/{rel}","templated":true}]}}