{"id":10205,"date":"2024-11-02T09:05:52","date_gmt":"2024-11-02T08:05:52","guid":{"rendered":"https:\/\/www.lebens-qi.at\/qishop\/?post_type=product&#038;p=10205"},"modified":"2025-02-21T11:34:52","modified_gmt":"2025-02-21T10:34:52","slug":"turmalin-ohrhaken","status":"publish","type":"product","link":"https:\/\/www.lebens-qi.at\/qishop\/produkt\/turmalin-ohrhaken\/","title":{"rendered":"Turmalin Ohrhaken"},"content":{"rendered":"<p><strong>Turmalin schwarz (Sch\u00f6rl) Ohrhaken<br \/>\n<\/strong><\/p>\n<p>wundersch\u00f6ner Ohrschmuck, runde Turmaline gefasst<\/p>\n<p>Farbe: schwarz<br \/>\nChakrazuordnung: Wurzel<br \/>\nThemen: Schutz und Abwehr<\/p>\n<p>Informationen bez\u00fcglich Eigenschaften, Wirkung, Verwendung bitte in der entsprechenden Literatur nachlesen. Wir d\u00fcrfen diesbez\u00fcglich keinerlei Aussagen treffen. <a href=\"https:\/\/www.lebens-qi.at\/qishop\/produkt-kategorie\/mehr\/buecher\/heilsteine\/\">Eine Auswahl an empfehlenswerten B\u00fcchern gibt es hier.<\/a><\/p>\n<p><strong>Steingr\u00f6\u00dfe: <\/strong>ca. 7 mm<br \/>\n<strong>Gesamtl\u00e4nge inkl. Haken:<\/strong> ca. 40 mm<br \/>\n<strong>Gr\u00f6\u00dfe ohne Haken:<\/strong> ca. 26 x 13 mm<br \/>\nFassung und Haken sind aus Messing, nickelfrei*<\/p>\n<p><em>*Dieses Produkt ist frei von Nickel, Blei und Cadmium. Dies bedeutet, dass solche Metalle nicht Bestandteil sind oder lediglich in den begrenzten Mengen, die innerhalb der europ\u00e4ischen Produktsicherheitsnormen zul\u00e4ssig sind (REACH).<\/em><\/p>\n","protected":false},"excerpt":{"rendered":"<p>aus Messing<\/p>\n","protected":false},"featured_media":10206,"comment_status":"open","ping_status":"closed","template":"","meta":{"_links_to":"","_links_to_target":""},"pwb-brand":[276],"product_brand":[],"product_cat":[1744,1745],"product_tag":[1742,1741,1748,116,115,119,197],"class_list":{"0":"post-10205","1":"product","2":"type-product","3":"status-publish","4":"has-post-thumbnail","6":"pwb-brand-mani-bhadra-phoenix-import","7":"product_cat-stein-ohrschmuck","8":"product_cat-stein-ohrschmuck-steinschmuck-schmuck-mit-wirkung","9":"product_tag-ohrhaken","10":"product_tag-ohrringe","11":"product_tag-ohrschmuck","12":"product_tag-schoerl","13":"product_tag-schwarzer-turmalin","14":"product_tag-steinschmuck","15":"product_tag-turmalin","17":"first","18":"instock","19":"taxable","20":"shipping-taxable","21":"purchasable","22":"product-type-simple"},"blog_post_layout_featured_media_urls":{"thumbnail":["https:\/\/www.lebens-qi.at\/qishop\/wp-content\/uploads\/78114-ohrhaken-turmalin-150x150.jpg",150,150,true],"full":["https:\/\/www.lebens-qi.at\/qishop\/wp-content\/uploads\/78114-ohrhaken-turmalin.jpg",800,800,false]},"categories":["276"],"categories_names":{"276":{"name":"Mani Bhadra - Phoenix Import","link":"https:\/\/www.lebens-qi.at\/qishop\/brand\/mani-bhadra-phoenix-import\/"}},"comments_number":"0","brands":[{"id":276,"name":"Mani Bhadra - Phoenix Import","slug":"mani-bhadra-phoenix-import"}],"_links":{"self":[{"href":"https:\/\/www.lebens-qi.at\/qishop\/wp-json\/wp\/v2\/product\/10205","targetHints":{"allow":["GET"]}}],"collection":[{"href":"https:\/\/www.lebens-qi.at\/qishop\/wp-json\/wp\/v2\/product"}],"about":[{"href":"https:\/\/www.lebens-qi.at\/qishop\/wp-json\/wp\/v2\/types\/product"}],"replies":[{"embeddable":true,"href":"https:\/\/www.lebens-qi.at\/qishop\/wp-json\/wp\/v2\/comments?post=10205"}],"wp:featuredmedia":[{"embeddable":true,"href":"https:\/\/www.lebens-qi.at\/qishop\/wp-json\/wp\/v2\/media\/10206"}],"wp:attachment":[{"href":"https:\/\/www.lebens-qi.at\/qishop\/wp-json\/wp\/v2\/media?parent=10205"}],"wp:term":[{"taxonomy":"pwb-brand","embeddable":true,"href":"https:\/\/www.lebens-qi.at\/qishop\/wp-json\/wp\/v2\/pwb-brand?post=10205"},{"taxonomy":"product_brand","embeddable":true,"href":"https:\/\/www.lebens-qi.at\/qishop\/wp-json\/wp\/v2\/product_brand?post=10205"},{"taxonomy":"product_cat","embeddable":true,"href":"https:\/\/www.lebens-qi.at\/qishop\/wp-json\/wp\/v2\/product_cat?post=10205"},{"taxonomy":"product_tag","embeddable":true,"href":"https:\/\/www.lebens-qi.at\/qishop\/wp-json\/wp\/v2\/product_tag?post=10205"}],"curies":[{"name":"wp","href":"https:\/\/api.w.org\/{rel}","templated":true}]}}