{"id":10252,"date":"2024-11-02T19:10:03","date_gmt":"2024-11-02T18:10:03","guid":{"rendered":"https:\/\/www.lebens-qi.at\/qishop\/?post_type=product&#038;p=10252"},"modified":"2025-07-10T16:47:39","modified_gmt":"2025-07-10T14:47:39","slug":"turmalin-schwarz-ring","status":"publish","type":"product","link":"https:\/\/www.lebens-qi.at\/qishop\/produkt\/turmalin-schwarz-ring\/","title":{"rendered":"Turmalin schwarz Ring"},"content":{"rendered":"<p><strong>Turmalin schwarz (Sch\u00f6rl) Ring<br \/>\n<\/strong><\/p>\n<p>im Boho-Stil, ovaler Turmalin gefasst; Ring an der Unterseite offen, dadurch ist er gr\u00f6\u00dfenverstellbar<\/p>\n<p>Farbe: schwarz<br \/>\nChakrazuordnung: Wurzel<br \/>\nThemen: Schutz und Abwehr<\/p>\n<p>Informationen bez\u00fcglich Eigenschaften, Wirkung, Verwendung bitte in der entsprechenden Literatur nachlesen. Wir d\u00fcrfen diesbez\u00fcglich keinerlei Aussagen treffen. <a href=\"https:\/\/www.lebens-qi.at\/qishop\/produkt-kategorie\/mehr\/buecher\/heilsteine\/\">Eine Auswahl an empfehlenswerten B\u00fcchern gibt es hier.<\/a><\/p>\n<p><strong>Steingr\u00f6\u00dfe: <\/strong>ca.\u00a0 mm<br \/>\n<strong>Gr\u00f6\u00dfe:<\/strong> ca. 20 mm<br \/>\nFassung und Ring sind aus Messing, nickelfrei*<\/p>\n<p><em>*Dieses Produkt ist frei von Nickel, Blei und Cadmium. Dies bedeutet, dass solche Metalle nicht Bestandteil sind oder lediglich in den begrenzten Mengen, die innerhalb der europ\u00e4ischen Produktsicherheitsnormen zul\u00e4ssig sind (REACH).<\/em><\/p>\n","protected":false},"excerpt":{"rendered":"<p>aus Messing im Boho-Stil<\/p>\n","protected":false},"featured_media":10254,"comment_status":"open","ping_status":"closed","template":"","meta":{"_links_to":"","_links_to_target":""},"pwb-brand":[276],"product_brand":[],"product_cat":[2123,2124],"product_tag":[929,1000,116,115,119,197],"class_list":{"0":"post-10252","1":"product","2":"type-product","3":"status-publish","4":"has-post-thumbnail","6":"pwb-brand-mani-bhadra-phoenix-import","7":"product_cat-ringe-aus-mit-stein","8":"product_cat-ringe-aus-mit-stein-steinschmuck-schmuck-mit-wirkung","9":"product_tag-boho","10":"product_tag-ring","11":"product_tag-schoerl","12":"product_tag-schwarzer-turmalin","13":"product_tag-steinschmuck","14":"product_tag-turmalin","16":"first","17":"instock","18":"taxable","19":"shipping-taxable","20":"purchasable","21":"product-type-simple"},"blog_post_layout_featured_media_urls":{"thumbnail":["https:\/\/www.lebens-qi.at\/qishop\/wp-content\/uploads\/78094-turmalin-ring-150x150.jpg",150,150,true],"full":["https:\/\/www.lebens-qi.at\/qishop\/wp-content\/uploads\/78094-turmalin-ring.jpg",800,800,false]},"categories":["276"],"categories_names":{"276":{"name":"Mani Bhadra - Phoenix Import","link":"https:\/\/www.lebens-qi.at\/qishop\/brand\/mani-bhadra-phoenix-import\/"}},"comments_number":"0","brands":[{"id":276,"name":"Mani Bhadra - Phoenix Import","slug":"mani-bhadra-phoenix-import"}],"_links":{"self":[{"href":"https:\/\/www.lebens-qi.at\/qishop\/wp-json\/wp\/v2\/product\/10252","targetHints":{"allow":["GET"]}}],"collection":[{"href":"https:\/\/www.lebens-qi.at\/qishop\/wp-json\/wp\/v2\/product"}],"about":[{"href":"https:\/\/www.lebens-qi.at\/qishop\/wp-json\/wp\/v2\/types\/product"}],"replies":[{"embeddable":true,"href":"https:\/\/www.lebens-qi.at\/qishop\/wp-json\/wp\/v2\/comments?post=10252"}],"wp:featuredmedia":[{"embeddable":true,"href":"https:\/\/www.lebens-qi.at\/qishop\/wp-json\/wp\/v2\/media\/10254"}],"wp:attachment":[{"href":"https:\/\/www.lebens-qi.at\/qishop\/wp-json\/wp\/v2\/media?parent=10252"}],"wp:term":[{"taxonomy":"pwb-brand","embeddable":true,"href":"https:\/\/www.lebens-qi.at\/qishop\/wp-json\/wp\/v2\/pwb-brand?post=10252"},{"taxonomy":"product_brand","embeddable":true,"href":"https:\/\/www.lebens-qi.at\/qishop\/wp-json\/wp\/v2\/product_brand?post=10252"},{"taxonomy":"product_cat","embeddable":true,"href":"https:\/\/www.lebens-qi.at\/qishop\/wp-json\/wp\/v2\/product_cat?post=10252"},{"taxonomy":"product_tag","embeddable":true,"href":"https:\/\/www.lebens-qi.at\/qishop\/wp-json\/wp\/v2\/product_tag?post=10252"}],"curies":[{"name":"wp","href":"https:\/\/api.w.org\/{rel}","templated":true}]}}