{"id":10290,"date":"2024-11-04T17:24:14","date_gmt":"2024-11-04T16:24:14","guid":{"rendered":"https:\/\/www.lebens-qi.at\/qishop\/?post_type=product&#038;p=10290"},"modified":"2024-12-13T11:59:32","modified_gmt":"2024-12-13T10:59:32","slug":"bluemchen-anhaenger-silberfarben","status":"publish","type":"product","link":"https:\/\/www.lebens-qi.at\/qishop\/produkt\/bluemchen-anhaenger-silberfarben\/","title":{"rendered":"Herzf\u00f6rmiger Anh\u00e4nger silberfarben"},"content":{"rendered":"<p>S\u00fc\u00dfer herzf\u00f6rmiger Anh\u00e4nger zum \u00d6ffnen:<\/p>\n<p>klein, mit Ornamenten, sobald ein Band durch die \u00d6se gef\u00e4delt wird, bleibt das Herz geschlossen<\/p>\n<p><strong>Gr\u00f6\u00dfe:<\/strong> ca. 19 x 16 x 11 mm<br \/>\n<strong>Farbe:<\/strong> Silber<br \/>\n<strong>Material:<\/strong> Messing rhodiniert<\/p>\n<p>Im Inneren ist Platz f\u00fcr einen kleinen Stein, Kristall, eine Duftperle oder \u00e4hnliches mit einem max. Durchmesser von 8 mm; bitte gegebenenfalls separat mitbestellen!<\/p>\n","protected":false},"excerpt":{"rendered":"<p>f\u00fcr kleine Steine, Kristalle oder Duftperlen<\/p>\n","protected":false},"featured_media":10326,"comment_status":"open","ping_status":"closed","template":"","meta":{"_links_to":"","_links_to_target":""},"pwb-brand":[2128],"product_brand":[],"product_cat":[2129],"product_tag":[117,1478,2130,118,2132],"class_list":{"0":"post-10290","1":"product","2":"type-product","3":"status-publish","4":"has-post-thumbnail","6":"pwb-brand-snowfall","7":"product_cat-himmelsrufer","8":"product_tag-anhaenger","9":"product_tag-herz","10":"product_tag-himmelsrufer","11":"product_tag-schmuck","12":"product_tag-steinhalter","14":"first","15":"instock","16":"taxable","17":"shipping-taxable","18":"purchasable","19":"product-type-simple"},"blog_post_layout_featured_media_urls":{"thumbnail":["https:\/\/www.lebens-qi.at\/qishop\/wp-content\/uploads\/himmelsrufer-herz-mini-150x150.jpg",150,150,true],"full":["https:\/\/www.lebens-qi.at\/qishop\/wp-content\/uploads\/himmelsrufer-herz-mini.jpg",772,772,false]},"categories":["2128"],"categories_names":{"2128":{"name":"Snowfall","link":"https:\/\/www.lebens-qi.at\/qishop\/brand\/snowfall\/"}},"comments_number":"0","brands":[{"id":2128,"name":"Snowfall","slug":"snowfall"}],"_links":{"self":[{"href":"https:\/\/www.lebens-qi.at\/qishop\/wp-json\/wp\/v2\/product\/10290","targetHints":{"allow":["GET"]}}],"collection":[{"href":"https:\/\/www.lebens-qi.at\/qishop\/wp-json\/wp\/v2\/product"}],"about":[{"href":"https:\/\/www.lebens-qi.at\/qishop\/wp-json\/wp\/v2\/types\/product"}],"replies":[{"embeddable":true,"href":"https:\/\/www.lebens-qi.at\/qishop\/wp-json\/wp\/v2\/comments?post=10290"}],"wp:featuredmedia":[{"embeddable":true,"href":"https:\/\/www.lebens-qi.at\/qishop\/wp-json\/wp\/v2\/media\/10326"}],"wp:attachment":[{"href":"https:\/\/www.lebens-qi.at\/qishop\/wp-json\/wp\/v2\/media?parent=10290"}],"wp:term":[{"taxonomy":"pwb-brand","embeddable":true,"href":"https:\/\/www.lebens-qi.at\/qishop\/wp-json\/wp\/v2\/pwb-brand?post=10290"},{"taxonomy":"product_brand","embeddable":true,"href":"https:\/\/www.lebens-qi.at\/qishop\/wp-json\/wp\/v2\/product_brand?post=10290"},{"taxonomy":"product_cat","embeddable":true,"href":"https:\/\/www.lebens-qi.at\/qishop\/wp-json\/wp\/v2\/product_cat?post=10290"},{"taxonomy":"product_tag","embeddable":true,"href":"https:\/\/www.lebens-qi.at\/qishop\/wp-json\/wp\/v2\/product_tag?post=10290"}],"curies":[{"name":"wp","href":"https:\/\/api.w.org\/{rel}","templated":true}]}}