{"id":10305,"date":"2024-11-04T19:44:02","date_gmt":"2024-11-04T18:44:02","guid":{"rendered":"https:\/\/www.lebens-qi.at\/qishop\/?post_type=product&#038;p=10305"},"modified":"2024-12-13T11:59:31","modified_gmt":"2024-12-13T10:59:31","slug":"auto-diffuser-clip-fleur-de-lis","status":"publish","type":"product","link":"https:\/\/www.lebens-qi.at\/qishop\/produkt\/auto-diffuser-clip-fleur-de-lis\/","title":{"rendered":"Auto Diffuser-Clip Fleur de lis"},"content":{"rendered":"<p>Praktischer Clip aus Edelstahl f\u00fcr die Verwendung von \u00c4therischen \u00d6len im Auto!<\/p>\n<p><strong>Motiv:<\/strong> Fleur de lis<br \/>\n<strong>Gr\u00f6\u00dfe:<\/strong> 3 cm Durchmesser, 38 mm tief<br \/>\n<strong>Durchmesser innen:<\/strong> 23 mm<br \/>\n<strong>Material:<\/strong> 316 Edelstahl<br \/>\n<strong>Farbe:<\/strong> Silber<br \/>\n<strong>Verschluss:<\/strong> Magnet<br \/>\nLieferumfang inkl. 3 Filz-Duftpads mit ca. 21 mm Durchmesser<\/p>\n<p><em><strong>Anwendung:<\/strong><\/em><\/p>\n<ul>\n<li>gib einige Tropfen \u00c4therisches \u00d6l deiner Wahl auf ein Filz-Pad<\/li>\n<li>\u00f6ffne den vorderen Teil des Clips und leg das beduftete Pad hinein<\/li>\n<li>stecke den Diffuser-Clip auf den L\u00fcftungsschlitz deines Autos<\/li>\n<li>sobald die L\u00fcftung eingeschalten ist, bl\u00e4st die Luft durch den Clip und verbreitet so das \u00d6l<\/li>\n<li>genie\u00dfe deinen nat\u00fcrlichen Duft \ud83d\ude42<\/li>\n<\/ul>\n<p>&nbsp;<\/p>\n","protected":false},"excerpt":{"rendered":"<p>inkl. Filz-Pads<\/p>\n","protected":false},"featured_media":10303,"comment_status":"open","ping_status":"closed","template":"","meta":{"_links_to":"","_links_to_target":""},"pwb-brand":[2128],"product_brand":[],"product_cat":[1199],"product_tag":[855,2135,1489,129,784,2136],"class_list":{"0":"post-10305","1":"product","2":"type-product","3":"status-publish","4":"has-post-thumbnail","6":"pwb-brand-snowfall","7":"product_cat-zubehoer-fuer-aromatherapie","8":"product_tag-aromatherapie","9":"product_tag-auto","10":"product_tag-diffuser","11":"product_tag-duft","12":"product_tag-edelstahl","13":"product_tag-filz","15":"first","16":"instock","17":"taxable","18":"shipping-taxable","19":"purchasable","20":"product-type-simple"},"blog_post_layout_featured_media_urls":{"thumbnail":["https:\/\/www.lebens-qi.at\/qishop\/wp-content\/uploads\/J06692-MS1-A-diffuser-clip-fleur-150x150.jpg",150,150,true],"full":["https:\/\/www.lebens-qi.at\/qishop\/wp-content\/uploads\/J06692-MS1-A-diffuser-clip-fleur.jpg",416,416,false]},"categories":["2128"],"categories_names":{"2128":{"name":"Snowfall","link":"https:\/\/www.lebens-qi.at\/qishop\/brand\/snowfall\/"}},"comments_number":"0","brands":[{"id":2128,"name":"Snowfall","slug":"snowfall"}],"_links":{"self":[{"href":"https:\/\/www.lebens-qi.at\/qishop\/wp-json\/wp\/v2\/product\/10305","targetHints":{"allow":["GET"]}}],"collection":[{"href":"https:\/\/www.lebens-qi.at\/qishop\/wp-json\/wp\/v2\/product"}],"about":[{"href":"https:\/\/www.lebens-qi.at\/qishop\/wp-json\/wp\/v2\/types\/product"}],"replies":[{"embeddable":true,"href":"https:\/\/www.lebens-qi.at\/qishop\/wp-json\/wp\/v2\/comments?post=10305"}],"wp:featuredmedia":[{"embeddable":true,"href":"https:\/\/www.lebens-qi.at\/qishop\/wp-json\/wp\/v2\/media\/10303"}],"wp:attachment":[{"href":"https:\/\/www.lebens-qi.at\/qishop\/wp-json\/wp\/v2\/media?parent=10305"}],"wp:term":[{"taxonomy":"pwb-brand","embeddable":true,"href":"https:\/\/www.lebens-qi.at\/qishop\/wp-json\/wp\/v2\/pwb-brand?post=10305"},{"taxonomy":"product_brand","embeddable":true,"href":"https:\/\/www.lebens-qi.at\/qishop\/wp-json\/wp\/v2\/product_brand?post=10305"},{"taxonomy":"product_cat","embeddable":true,"href":"https:\/\/www.lebens-qi.at\/qishop\/wp-json\/wp\/v2\/product_cat?post=10305"},{"taxonomy":"product_tag","embeddable":true,"href":"https:\/\/www.lebens-qi.at\/qishop\/wp-json\/wp\/v2\/product_tag?post=10305"}],"curies":[{"name":"wp","href":"https:\/\/api.w.org\/{rel}","templated":true}]}}