{"id":10318,"date":"2024-11-05T10:56:18","date_gmt":"2024-11-05T09:56:18","guid":{"rendered":"https:\/\/www.lebens-qi.at\/qishop\/?post_type=product&#038;p=10318"},"modified":"2024-12-13T12:05:02","modified_gmt":"2024-12-13T11:05:02","slug":"aroma-spa-ultrasonic-diffuser","status":"publish","type":"product","link":"https:\/\/www.lebens-qi.at\/qishop\/produkt\/aroma-spa-ultrasonic-diffuser\/","title":{"rendered":"Aroma Spa Ultrasonic Diffuser"},"content":{"rendered":"<p><strong>Hochwertiges Dufterlebnis f\u00fcr alle Wohnr\u00e4ume<\/strong> \u2013 entdecke den eleganten Aroma Spa Diffuser mit seiner <strong>opal-floureszierenden Abdeckung<\/strong>. Der sch\u00f6ne Ultraschallvernebler f\u00fcgt sich nicht nur stillvoll in jedes Wohnambiente ein, sondern sorgt f\u00fcr <strong>Raumbeduftung und Luftbefeuchtung<\/strong>.<\/p>\n<p>Der AROMA SPA Ultrasonic Diffuser besticht durch seine hochwertige opal-floureszierende Glasabdeckung und sein elegantes Design. Durch seine Ultraschalltechnologie zerst\u00e4ubt der Diffuser das Gemisch aus Wasser und \u00e4therischem \u00d6l besonders fein und gleichm\u00e4\u00dfig. Neben einer effektiven Raumbeduftung wird gleichzeitig der ganze Raum angenehm befeuchtet.<\/p>\n<p>Die ca. 150 ml Wasser reichen im kontinuierlichen Modus f\u00fcr etwa 6 Stunden und im Intervallmodus (30 Sek. ein\/ 30 Sek. aus) f\u00fcr bis zu 12 Stunden Dufterlebnis. Der Diffuser schaltet sich automatisch ab, sobald der Wassertank leer ist. Mit der eingebauten Zeitschaltuhr kann man die Laufzeit auf 1, 2 oder 4 Std. begrenzen. Wahlweise kann der Diffuser ohne Licht, mit warmwei\u00dfer Beleuchtung, einem farblich wechselnden Lichtspiel oder einer Wunschfarbe betrieben werden.<\/p>\n<p><strong>Technische Daten:<\/strong><\/p>\n<ul>\n<li>Material: Kunststoff und Glas<\/li>\n<li>Ma\u00dfe: 26,7 cm x 13,3 cm<\/li>\n<li>F\u00fcllmenge: bis zu 150 ml Wasser<\/li>\n<li>Nebelausgabe: 25ml\/h +\/-5ml\/h<\/li>\n<li>Nebelmodus: kontinuierlich\/intermittierend 30 Sek. ein \/30 Sek. Aus<\/li>\n<li>Ultraschallfrequenz: 1,7 MHz<\/li>\n<li>Stromversorgung: AC-100-240 V\/60 Hz \/DC 24 V 0,5 A.<\/li>\n<li>Stromverbrauch: 24 W<\/li>\n<li>Laufzeit: bis zu 6 Stunden kontinuierlich oder bis zu 12 Stunden im Intervallmodus mit automatischer Sicherheitsabschaltung<\/li>\n<li>Zeitschaltuhr: 1 h, 2 h oder 4 h einstellbar<\/li>\n<li>Lichtmodus: wechselnde Farben; eine Farbe; warmwei\u00dfes Licht; ohne Beleuchtung<\/li>\n<\/ul>\n<p><strong>Inhalt:<\/strong><\/p>\n<ul>\n<li>1 Diffuser<\/li>\n<li>Netzteil<\/li>\n<li>Gebrauchsanweisung<\/li>\n<\/ul>\n<p><strong>Anwendung:<\/strong><\/p>\n<ul>\n<li>Glasabdeckung und innenliegende Kunststoffhaube abnehmen<\/li>\n<li>mit ca. 150 ml Wasser bef\u00fcllen &#8211; dabei darauf achten, dass die Max-Linie nicht \u00fcberschritten wird<\/li>\n<li>5-7 Tropfen eines \u00e4therischen \u00d6ls oder einer Duftmischung in den Beh\u00e4lter geben (alternativ k\u00f6nnen auch Hydrolate verwendet werden!)<\/li>\n<li>beide Hauben nacheinander aufsetzen<\/li>\n<li>Netzteil mit dem Diffuser verbinden und an die Stromversorgung anschlie\u00dfen<\/li>\n<li>auf den Startknopf dr\u00fccken.<\/li>\n<\/ul>\n<p><strong>Reinigung:<\/strong><\/p>\n<ul>\n<li>Ger\u00e4t ausschalten und den Netzstecker ziehen<\/li>\n<li>beide Abdeckungen entfernen<\/li>\n<li>das Wasser entleeren und dabei darauf achten, dass kein Wasser in den Luftauslass gelangt \u2013 dies k\u00f6nnte den Diffuser besch\u00e4digen!<\/li>\n<li>das Innere des Diffuser mit etwas Wasser und einem weichen Tuch reinigen: bei besonders harzigen \u00d6len empfehlen wir die Reinigung mit stark verd\u00fcnntem Essig<\/li>\n<li>die innenliegende Keramikscheibe vorsichtig mit einem Wattest\u00e4bchen abwischen<\/li>\n<\/ul>\n","protected":false},"excerpt":{"rendered":"<p>elegantes Design &amp; Funktionalit\u00e4t<\/p>\n","protected":false},"featured_media":10319,"comment_status":"open","ping_status":"closed","template":"","meta":{"_links_to":"","_links_to_target":""},"pwb-brand":[134],"product_brand":[],"product_cat":[2118],"product_tag":[855,1489,981,2120,2119],"class_list":{"0":"post-10318","1":"product","2":"type-product","3":"status-publish","4":"has-post-thumbnail","6":"pwb-brand-oshadhi","7":"product_cat-diffuser","8":"product_tag-aromatherapie","9":"product_tag-diffuser","10":"product_tag-glas","11":"product_tag-ultraschall","12":"product_tag-zerstaeuber","14":"first","15":"instock","16":"taxable","17":"shipping-taxable","18":"purchasable","19":"product-type-simple"},"blog_post_layout_featured_media_urls":{"thumbnail":["https:\/\/www.lebens-qi.at\/qishop\/wp-content\/uploads\/spa-ultrasonic-diffuser-150x150.jpg",150,150,true],"full":["https:\/\/www.lebens-qi.at\/qishop\/wp-content\/uploads\/spa-ultrasonic-diffuser.jpg",600,600,false]},"categories":["134"],"categories_names":{"134":{"name":"Oshadhi","link":"https:\/\/www.lebens-qi.at\/qishop\/brand\/oshadhi\/"}},"comments_number":"0","brands":[{"id":134,"name":"Oshadhi","slug":"oshadhi"}],"_links":{"self":[{"href":"https:\/\/www.lebens-qi.at\/qishop\/wp-json\/wp\/v2\/product\/10318","targetHints":{"allow":["GET"]}}],"collection":[{"href":"https:\/\/www.lebens-qi.at\/qishop\/wp-json\/wp\/v2\/product"}],"about":[{"href":"https:\/\/www.lebens-qi.at\/qishop\/wp-json\/wp\/v2\/types\/product"}],"replies":[{"embeddable":true,"href":"https:\/\/www.lebens-qi.at\/qishop\/wp-json\/wp\/v2\/comments?post=10318"}],"wp:featuredmedia":[{"embeddable":true,"href":"https:\/\/www.lebens-qi.at\/qishop\/wp-json\/wp\/v2\/media\/10319"}],"wp:attachment":[{"href":"https:\/\/www.lebens-qi.at\/qishop\/wp-json\/wp\/v2\/media?parent=10318"}],"wp:term":[{"taxonomy":"pwb-brand","embeddable":true,"href":"https:\/\/www.lebens-qi.at\/qishop\/wp-json\/wp\/v2\/pwb-brand?post=10318"},{"taxonomy":"product_brand","embeddable":true,"href":"https:\/\/www.lebens-qi.at\/qishop\/wp-json\/wp\/v2\/product_brand?post=10318"},{"taxonomy":"product_cat","embeddable":true,"href":"https:\/\/www.lebens-qi.at\/qishop\/wp-json\/wp\/v2\/product_cat?post=10318"},{"taxonomy":"product_tag","embeddable":true,"href":"https:\/\/www.lebens-qi.at\/qishop\/wp-json\/wp\/v2\/product_tag?post=10318"}],"curies":[{"name":"wp","href":"https:\/\/api.w.org\/{rel}","templated":true}]}}