{"id":10332,"date":"2024-11-05T17:30:07","date_gmt":"2024-11-05T16:30:07","guid":{"rendered":"https:\/\/www.lebens-qi.at\/qishop\/?post_type=product&#038;p=10332"},"modified":"2024-12-11T11:02:29","modified_gmt":"2024-12-11T10:02:29","slug":"halsreif-transparent","status":"publish","type":"product","link":"https:\/\/www.lebens-qi.at\/qishop\/produkt\/halsreif-transparent\/","title":{"rendered":"Halsreif transparent"},"content":{"rendered":"<p><strong>Transparenter Halsreif <\/strong>mit Drehverschluss<br \/>\nmit diesem durchsichtigen Reif kommen Steine besonders gut zur Geltung<br \/>\nL\u00e4nge: ca. 42 cm<br \/>\nSt\u00e4rke: ca. 1,5 mm<br \/>\nMaterial: Kunststoff, Metall<br \/>\nPassend f\u00fcr Anh\u00e4nger mit \u00d6se oder quergebohrte Steinteile mit 2 mm Bohrung<\/p>\n<p><b>Lieferumfang: <\/b>1 Reif ohne Anh\u00e4nger<\/p>\n<p>Hinweis: dieses Halsreif passt dank des schlanken Drehverschlusses auch durch die meisten unserer gebohrten <a href=\"https:\/\/www.lebens-qi.at\/qishop\/produkt-kategorie\/kraft-der-steine\/steinschmuck\/gebohrte-steine-steinschmuck\/\">Trommelstein-Anh\u00e4nger<\/a><\/p>\n","protected":false},"excerpt":{"rendered":"<p>Kunststoff mit Drehverschluss<\/p>\n","protected":false},"featured_media":10333,"comment_status":"open","ping_status":"closed","template":"","meta":{"_links_to":"","_links_to_target":""},"pwb-brand":[2143],"product_brand":[],"product_cat":[1633],"product_tag":[2144,2146,2145],"class_list":{"0":"post-10332","1":"product","2":"type-product","3":"status-publish","4":"has-post-thumbnail","6":"pwb-brand-chili-creative-chili-jewels","7":"product_cat-ketten-baender","8":"product_tag-halsreif","9":"product_tag-reifen","10":"product_tag-transparent","12":"first","13":"instock","14":"taxable","15":"shipping-taxable","16":"purchasable","17":"product-type-simple"},"blog_post_layout_featured_media_urls":{"thumbnail":["https:\/\/www.lebens-qi.at\/qishop\/wp-content\/uploads\/halsreif-transparent-150x150.jpg",150,150,true],"full":["https:\/\/www.lebens-qi.at\/qishop\/wp-content\/uploads\/halsreif-transparent.jpg",800,800,false]},"categories":["2143"],"categories_names":{"2143":{"name":"Chili creative &amp; Chili Jewels","link":"https:\/\/www.lebens-qi.at\/qishop\/brand\/chili-creative-chili-jewels\/"}},"comments_number":"0","brands":[{"id":2143,"name":"Chili creative &amp; Chili Jewels","slug":"chili-creative-chili-jewels"}],"_links":{"self":[{"href":"https:\/\/www.lebens-qi.at\/qishop\/wp-json\/wp\/v2\/product\/10332","targetHints":{"allow":["GET"]}}],"collection":[{"href":"https:\/\/www.lebens-qi.at\/qishop\/wp-json\/wp\/v2\/product"}],"about":[{"href":"https:\/\/www.lebens-qi.at\/qishop\/wp-json\/wp\/v2\/types\/product"}],"replies":[{"embeddable":true,"href":"https:\/\/www.lebens-qi.at\/qishop\/wp-json\/wp\/v2\/comments?post=10332"}],"wp:featuredmedia":[{"embeddable":true,"href":"https:\/\/www.lebens-qi.at\/qishop\/wp-json\/wp\/v2\/media\/10333"}],"wp:attachment":[{"href":"https:\/\/www.lebens-qi.at\/qishop\/wp-json\/wp\/v2\/media?parent=10332"}],"wp:term":[{"taxonomy":"pwb-brand","embeddable":true,"href":"https:\/\/www.lebens-qi.at\/qishop\/wp-json\/wp\/v2\/pwb-brand?post=10332"},{"taxonomy":"product_brand","embeddable":true,"href":"https:\/\/www.lebens-qi.at\/qishop\/wp-json\/wp\/v2\/product_brand?post=10332"},{"taxonomy":"product_cat","embeddable":true,"href":"https:\/\/www.lebens-qi.at\/qishop\/wp-json\/wp\/v2\/product_cat?post=10332"},{"taxonomy":"product_tag","embeddable":true,"href":"https:\/\/www.lebens-qi.at\/qishop\/wp-json\/wp\/v2\/product_tag?post=10332"}],"curies":[{"name":"wp","href":"https:\/\/api.w.org\/{rel}","templated":true}]}}