{"id":1040,"date":"2024-02-14T02:48:26","date_gmt":"2024-02-14T01:48:26","guid":{"rendered":"https:\/\/www.lebens-qi.at\/qishop\/produkt\/edeljaspis-kristallspray\/"},"modified":"2024-11-18T20:12:55","modified_gmt":"2024-11-18T19:12:55","slug":"edeljaspis-kristallspray","status":"publish","type":"product","link":"https:\/\/www.lebens-qi.at\/qishop\/produkt\/edeljaspis-kristallspray\/","title":{"rendered":"Edeljaspis &#8211; Kristallspray"},"content":{"rendered":"<p><b>Lebendigkeit &amp; Energie<br \/>\n<\/b>Der <b>Edeljaspis<\/b> ist der Muntermacher der Edelsteinwelt. Er f\u00f6rdert Willenskraft und Mut. Er hilft dabei, die eigenen Ziele im Auge zu behalten und sie voller Nachdruck auch umzusetzen. Pl\u00e4ne und Vorhaben k\u00f6nnen zielgerichtet und tatkr\u00e4ftig realisiert werden<\/p>\n<p><b>\u00c4therische \u00d6le: <\/b>Pfefferminze, Rosenholz, Orange<\/p>\n<p>Der strahlend, frische Duft der Pfefferminze regt uns an und ist Impulsgeber bei Antriebsschw\u00e4che und Abgespanntheit. Das warm nach Holz duftende Rosenholz wirkt st\u00e4rkend gegen Nervosit\u00e4t und M\u00fcdigkeit und hilft so zu energievoller Lebendigkeit. Die stimmungserhellende Orange vermittelt Lebenslust und Kraft und stimmt optimistisch<\/p>\n","protected":false},"excerpt":{"rendered":"<p>Lebendigkeit &amp; Energie<\/p>\n","protected":false},"featured_media":9333,"comment_status":"open","ping_status":"closed","template":"","meta":{"_links_to":"","_links_to_target":""},"pwb-brand":[166],"product_brand":[],"product_cat":[219],"product_tag":[157,193,164,640,163,195,120,1958,1685,410,1959],"class_list":{"0":"post-1040","1":"product","2":"type-product","3":"status-publish","4":"has-post-thumbnail","6":"pwb-brand-engelalm","7":"product_cat-kristall-aurasprays","8":"product_tag-auraspray","9":"product_tag-edelstein","10":"product_tag-edelsteinessenz","11":"product_tag-energie","12":"product_tag-engelalm","13":"product_tag-jaspis","14":"product_tag-kristall","15":"product_tag-lebendigkeit","16":"product_tag-mut","17":"product_tag-pfefferminze","18":"product_tag-willenskraft","20":"first","21":"instock","22":"taxable","23":"shipping-taxable","24":"purchasable","25":"product-type-simple"},"blog_post_layout_featured_media_urls":{"thumbnail":["https:\/\/www.lebens-qi.at\/qishop\/wp-content\/uploads\/02edeljaspis-kristallspray-150x150.jpg",150,150,true],"full":["https:\/\/www.lebens-qi.at\/qishop\/wp-content\/uploads\/02edeljaspis-kristallspray.jpg",490,490,false]},"categories":["166"],"categories_names":{"166":{"name":"Engelalm","link":"https:\/\/www.lebens-qi.at\/qishop\/brand\/engelalm\/"}},"comments_number":"0","brands":[{"id":166,"name":"Engelalm","slug":"engelalm"}],"_links":{"self":[{"href":"https:\/\/www.lebens-qi.at\/qishop\/wp-json\/wp\/v2\/product\/1040","targetHints":{"allow":["GET"]}}],"collection":[{"href":"https:\/\/www.lebens-qi.at\/qishop\/wp-json\/wp\/v2\/product"}],"about":[{"href":"https:\/\/www.lebens-qi.at\/qishop\/wp-json\/wp\/v2\/types\/product"}],"replies":[{"embeddable":true,"href":"https:\/\/www.lebens-qi.at\/qishop\/wp-json\/wp\/v2\/comments?post=1040"}],"wp:featuredmedia":[{"embeddable":true,"href":"https:\/\/www.lebens-qi.at\/qishop\/wp-json\/wp\/v2\/media\/9333"}],"wp:attachment":[{"href":"https:\/\/www.lebens-qi.at\/qishop\/wp-json\/wp\/v2\/media?parent=1040"}],"wp:term":[{"taxonomy":"pwb-brand","embeddable":true,"href":"https:\/\/www.lebens-qi.at\/qishop\/wp-json\/wp\/v2\/pwb-brand?post=1040"},{"taxonomy":"product_brand","embeddable":true,"href":"https:\/\/www.lebens-qi.at\/qishop\/wp-json\/wp\/v2\/product_brand?post=1040"},{"taxonomy":"product_cat","embeddable":true,"href":"https:\/\/www.lebens-qi.at\/qishop\/wp-json\/wp\/v2\/product_cat?post=1040"},{"taxonomy":"product_tag","embeddable":true,"href":"https:\/\/www.lebens-qi.at\/qishop\/wp-json\/wp\/v2\/product_tag?post=1040"}],"curies":[{"name":"wp","href":"https:\/\/api.w.org\/{rel}","templated":true}]}}