{"id":10406,"date":"2024-11-14T14:02:16","date_gmt":"2024-11-14T13:02:16","guid":{"rendered":"https:\/\/www.lebens-qi.at\/qishop\/?post_type=product&#038;p=10406"},"modified":"2024-11-14T14:15:45","modified_gmt":"2024-11-14T13:15:45","slug":"aromatherapie","status":"publish","type":"product","link":"https:\/\/www.lebens-qi.at\/qishop\/produkt\/aromatherapie\/","title":{"rendered":"Aromatherapie"},"content":{"rendered":"<p><b>Aromatherapie<\/b><br \/>\nDie Heilkraft \u00e4therischer Pflanzen\u00f6le<br \/>\n<em>von Eliane Zimmermann<br \/>\n<\/em><br \/>\n<b>Das Standardwerk zur Aromatherapie<\/b><\/p>\n<p>Aromatherapie ist eine seit vielen Jahren bew\u00e4hrte Methode, allt\u00e4gliche Beschwerden wie Kopfschmerzen, Hautprobleme, Infekte, Frauenleiden und vieles mehr mit nat\u00fcrlichen Mitteln zu lindern. In diesem vollst\u00e4ndig \u00fcberarbeiteten und aktualisierten Standardwerk versammelt die renommierte Expertin Eliane Zimmermann ihr umfangreiches Wissen zur wirksamen Therapie mit Aroma\u00f6len und erkl\u00e4rt alle Zusammenh\u00e4nge kompetent und f\u00fcr Laien leicht verst\u00e4ndlich. Sie informiert detailliert \u00fcber die praktische Anwendung der Pflanzen\u00f6le in den verschiedensten Krankheitssituationen im Familienalltag. Mit ausf\u00fchrlichem alphabetischen Verzeichnis der \u00e4therischen \u00d6le und ihrer Wirkung sowie einem nach Beschwerden geordneten Kapitelaufbau.<\/p>\n<ul>\n<li>Das Standardwerk mit \u00fcber 120 Portr\u00e4ts \u00e4therischer \u00d6le und zahlreichen Rezepten f\u00fcr Gesundheit und Sch\u00f6nheit<\/li>\n<li>Praktische Anwendung der Aromatherapie f\u00fcr die ganze Familie<\/li>\n<li>Vollst\u00e4ndig \u00fcberarbeitete und erweiterte Ausgabe des Klassikers der international renommierten Aromatherapie-Expertin Eliane Zimmermann<\/li>\n<\/ul>\n<p>Ausstattung: ca. 150 Farbfotos<\/p>\n","protected":false},"excerpt":{"rendered":"<p>Die Heilkraft \u00e4therischer Pflanzen\u00f6le<\/p>\n","protected":false},"featured_media":10407,"comment_status":"open","ping_status":"closed","template":"","meta":{"_links_to":"","_links_to_target":""},"pwb-brand":[894],"product_brand":[],"product_cat":[579,815],"product_tag":[855,128,580,1395,546,1334,2170],"class_list":{"0":"post-10406","1":"product","2":"type-product","3":"status-publish","4":"has-post-thumbnail","6":"pwb-brand-irisiana","7":"product_cat-aromatherapie-buecher","8":"product_cat-buecher-aromatherapie","9":"product_tag-aromatherapie","10":"product_tag-aetherische-oele","11":"product_tag-buch","12":"product_tag-eliane-zimmermann","13":"product_tag-gesundheit","14":"product_tag-rezepte","15":"product_tag-schoenheit","17":"first","18":"instock","19":"taxable","20":"shipping-taxable","21":"purchasable","22":"product-type-simple"},"blog_post_layout_featured_media_urls":{"thumbnail":["https:\/\/www.lebens-qi.at\/qishop\/wp-content\/uploads\/9783424154276-X-aromatherapie-150x150.jpg",150,150,true],"full":["https:\/\/www.lebens-qi.at\/qishop\/wp-content\/uploads\/9783424154276-X-aromatherapie.jpg",648,648,false]},"categories":["894"],"categories_names":{"894":{"name":"Irisiana","link":"https:\/\/www.lebens-qi.at\/qishop\/brand\/irisiana\/"}},"comments_number":"0","brands":[{"id":894,"name":"Irisiana","slug":"irisiana"}],"_links":{"self":[{"href":"https:\/\/www.lebens-qi.at\/qishop\/wp-json\/wp\/v2\/product\/10406","targetHints":{"allow":["GET"]}}],"collection":[{"href":"https:\/\/www.lebens-qi.at\/qishop\/wp-json\/wp\/v2\/product"}],"about":[{"href":"https:\/\/www.lebens-qi.at\/qishop\/wp-json\/wp\/v2\/types\/product"}],"replies":[{"embeddable":true,"href":"https:\/\/www.lebens-qi.at\/qishop\/wp-json\/wp\/v2\/comments?post=10406"}],"wp:featuredmedia":[{"embeddable":true,"href":"https:\/\/www.lebens-qi.at\/qishop\/wp-json\/wp\/v2\/media\/10407"}],"wp:attachment":[{"href":"https:\/\/www.lebens-qi.at\/qishop\/wp-json\/wp\/v2\/media?parent=10406"}],"wp:term":[{"taxonomy":"pwb-brand","embeddable":true,"href":"https:\/\/www.lebens-qi.at\/qishop\/wp-json\/wp\/v2\/pwb-brand?post=10406"},{"taxonomy":"product_brand","embeddable":true,"href":"https:\/\/www.lebens-qi.at\/qishop\/wp-json\/wp\/v2\/product_brand?post=10406"},{"taxonomy":"product_cat","embeddable":true,"href":"https:\/\/www.lebens-qi.at\/qishop\/wp-json\/wp\/v2\/product_cat?post=10406"},{"taxonomy":"product_tag","embeddable":true,"href":"https:\/\/www.lebens-qi.at\/qishop\/wp-json\/wp\/v2\/product_tag?post=10406"}],"curies":[{"name":"wp","href":"https:\/\/api.w.org\/{rel}","templated":true}]}}