{"id":10417,"date":"2024-11-14T18:06:32","date_gmt":"2024-11-14T17:06:32","guid":{"rendered":"https:\/\/www.lebens-qi.at\/qishop\/?post_type=product&#038;p=10417"},"modified":"2025-09-19T12:44:52","modified_gmt":"2025-09-19T10:44:52","slug":"rauhnaechte-die-geheimnisvolle-zeit-zwischen-den-jahren","status":"publish","type":"product","link":"https:\/\/www.lebens-qi.at\/qishop\/produkt\/rauhnaechte-die-geheimnisvolle-zeit-zwischen-den-jahren\/","title":{"rendered":"Rauhn\u00e4chte: Die geheimnisvolle Zeit zwischen den Jahren"},"content":{"rendered":"<p><b>Rauhn\u00e4chte: Die geheimnisvolle Zeit zwischen den Jahren<\/b><br \/>\nAlte Br\u00e4uche und magische Rituale f\u00fcr sich entdecken<br \/>\n<em>von Elfie Courtenay<br \/>\n<\/em><\/p>\n<p><strong>Der spirituelle Begleiter durch die zw\u00f6lf heiligen N\u00e4chte<\/strong><\/p>\n<p>In die Zukunft des kommenden Jahres blicken, umherirrende Geister vertreiben, Br\u00e4uche des Beschw\u00f6rens, Beschwichtigens und Bannens \u2013 die zw\u00f6lf Rauhn\u00e4chte zwischen dem 25. Dezember und dem 6. Januar umgab von jeher ein ganz besonderer Zauber. Dieser magische, liebevoll gestaltete und fundierte Begleiter durch jene sagenumwobene Zeit l\u00e4sst die letzten Tage des Jahres zu etwas ganz Pers\u00f6nlichem werden: zu einer heilsamen und bewussten Zeit der R\u00fcckschau, tiefer Selbsterfahrung und Ausrichtung auf das Kommende. Mit alten Orakel-Techniken, Anleitungen f\u00fcrs R\u00e4uchern, Rituale, das Anfertigen von Schutzamuletten u.v.m.<br \/>\nDer Rauhn\u00e4chte-Bestseller in erweiterter Neuausgabe \u2013 jetzt mit liebevoll gestaltetem Rauhn\u00e4chte-Journal und zus\u00e4tzlichen Informationen rund ums R\u00e4uchern!<\/p>\n<p>Ausstattung: durchgehend vierfarbig<\/p>\n","protected":false},"excerpt":{"rendered":"<p>Alte Br\u00e4uche und magische Rituale f\u00fcr sich entdecken<\/p>\n","protected":false},"featured_media":10418,"comment_status":"open","ping_status":"closed","template":"","meta":{"_links_to":"","_links_to_target":""},"pwb-brand":[1208],"product_brand":[],"product_cat":[819,3021],"product_tag":[580,2186,1159,466,1325,1210,121,2185],"class_list":{"0":"post-10417","1":"product","2":"type-product","3":"status-publish","4":"has-post-thumbnail","6":"pwb-brand-heyne","7":"product_cat-magie-mythologie","8":"product_cat-rauhnaechte-jahreswechsel","9":"product_tag-buch","10":"product_tag-elfie-courtenay","11":"product_tag-magie","12":"product_tag-raeuchern","13":"product_tag-rauhnaechte","14":"product_tag-rituale","15":"product_tag-schutz","16":"product_tag-selbsterfahrung","18":"first","19":"instock","20":"taxable","21":"shipping-taxable","22":"purchasable","23":"product-type-simple"},"blog_post_layout_featured_media_urls":{"thumbnail":["https:\/\/www.lebens-qi.at\/qishop\/wp-content\/uploads\/9783453704008-rauhnaechte-150x150.jpg",150,150,true],"full":["https:\/\/www.lebens-qi.at\/qishop\/wp-content\/uploads\/9783453704008-rauhnaechte.jpg",648,648,false]},"categories":["1208"],"categories_names":{"1208":{"name":"Heyne","link":"https:\/\/www.lebens-qi.at\/qishop\/brand\/heyne\/"}},"comments_number":"0","brands":[{"id":1208,"name":"Heyne","slug":"heyne"}],"_links":{"self":[{"href":"https:\/\/www.lebens-qi.at\/qishop\/wp-json\/wp\/v2\/product\/10417","targetHints":{"allow":["GET"]}}],"collection":[{"href":"https:\/\/www.lebens-qi.at\/qishop\/wp-json\/wp\/v2\/product"}],"about":[{"href":"https:\/\/www.lebens-qi.at\/qishop\/wp-json\/wp\/v2\/types\/product"}],"replies":[{"embeddable":true,"href":"https:\/\/www.lebens-qi.at\/qishop\/wp-json\/wp\/v2\/comments?post=10417"}],"wp:featuredmedia":[{"embeddable":true,"href":"https:\/\/www.lebens-qi.at\/qishop\/wp-json\/wp\/v2\/media\/10418"}],"wp:attachment":[{"href":"https:\/\/www.lebens-qi.at\/qishop\/wp-json\/wp\/v2\/media?parent=10417"}],"wp:term":[{"taxonomy":"pwb-brand","embeddable":true,"href":"https:\/\/www.lebens-qi.at\/qishop\/wp-json\/wp\/v2\/pwb-brand?post=10417"},{"taxonomy":"product_brand","embeddable":true,"href":"https:\/\/www.lebens-qi.at\/qishop\/wp-json\/wp\/v2\/product_brand?post=10417"},{"taxonomy":"product_cat","embeddable":true,"href":"https:\/\/www.lebens-qi.at\/qishop\/wp-json\/wp\/v2\/product_cat?post=10417"},{"taxonomy":"product_tag","embeddable":true,"href":"https:\/\/www.lebens-qi.at\/qishop\/wp-json\/wp\/v2\/product_tag?post=10417"}],"curies":[{"name":"wp","href":"https:\/\/api.w.org\/{rel}","templated":true}]}}