{"id":10426,"date":"2024-11-14T19:11:11","date_gmt":"2024-11-14T18:11:11","guid":{"rendered":"https:\/\/www.lebens-qi.at\/qishop\/?post_type=product&#038;p=10426"},"modified":"2024-12-12T14:11:59","modified_gmt":"2024-12-12T13:11:59","slug":"heimische-hexenkunst","status":"publish","type":"product","link":"https:\/\/www.lebens-qi.at\/qishop\/produkt\/heimische-hexenkunst\/","title":{"rendered":"Heimische Hexenkunst"},"content":{"rendered":"<p><b>Heimische Hexenkunst<\/b><br \/>\nDie Wiederentdeckung unserer magischen Wurzeln<br \/>\n<em>von Claire<br \/>\n<\/em><\/p>\n<p><strong>Das praktische Handbuch f\u00fcr moderne Hexen<\/strong><\/p>\n<p>Das uralte magische Wissen unserer Vorfahren &#8211; neu entdeckt und anwendbar gemacht von Deutschlands erfolgreichster Hexenbuchautorin.<br \/>\nIm Lauf vieler Jahrhunderte ist unsere heimische Volksmagie mit Einfl\u00fcssen aus fernen L\u00e4ndern zu einer magischen Tradition verschmolzen, die weltweit ihresgleichen sucht. Diese magischen Kr\u00e4fte unserer Vorfahren stecken bis heute in unseren Genen, wir m\u00fcssen sie nur wiederentdecken! Ob geheimnisvolle Rituale f\u00fcr Gl\u00fcck in der Liebe, alte Zauber f\u00fcr finanziellen Erfolg, Heilkr\u00e4uteranwendungen f\u00fcr Gesundheit und Wohlbefinden, Orakeltechniken f\u00fcr den Blick in die Zukunft oder sch\u00fctzende Amulette gegen negative Energien: Mit vielen praktischen \u00dcbungen und Tipps zeigt Claire, wie wir jeden Bereich unseres Lebens mit einer kleinen Prise Zauberkraft verwandeln und sp\u00fcrbar verbessern k\u00f6nnen.<\/p>\n<p>Ausstattung: 8-seitiger Bildteil 4c<\/p>\n<p>&nbsp;<\/p>\n","protected":false},"excerpt":{"rendered":"<p>Die Wiederentdeckung unserer magischen Wurzeln<\/p>\n","protected":false},"featured_media":10427,"comment_status":"open","ping_status":"closed","template":"","meta":{"_links_to":"","_links_to_target":""},"pwb-brand":[1208],"product_brand":[],"product_cat":[819],"product_tag":[580,1326,540,546,1332,1062,1328,174,1159,1210,1282],"class_list":{"0":"post-10426","1":"product","2":"type-product","3":"status-publish","4":"has-post-thumbnail","6":"pwb-brand-heyne","7":"product_cat-magie-mythologie","8":"product_tag-buch","9":"product_tag-claire","10":"product_tag-erfolg","11":"product_tag-gesundheit","12":"product_tag-heilpflanzen","13":"product_tag-hexe","14":"product_tag-hexenkunst","15":"product_tag-liebe","16":"product_tag-magie","17":"product_tag-rituale","18":"product_tag-taschenbuch","20":"first","21":"instock","22":"taxable","23":"shipping-taxable","24":"purchasable","25":"product-type-simple"},"blog_post_layout_featured_media_urls":{"thumbnail":["https:\/\/www.lebens-qi.at\/qishop\/wp-content\/uploads\/9783453704602-hexenkunst-150x150.jpg",150,150,true],"full":["https:\/\/www.lebens-qi.at\/qishop\/wp-content\/uploads\/9783453704602-hexenkunst.jpg",648,648,false]},"categories":["1208"],"categories_names":{"1208":{"name":"Heyne","link":"https:\/\/www.lebens-qi.at\/qishop\/brand\/heyne\/"}},"comments_number":"0","brands":[{"id":1208,"name":"Heyne","slug":"heyne"}],"_links":{"self":[{"href":"https:\/\/www.lebens-qi.at\/qishop\/wp-json\/wp\/v2\/product\/10426","targetHints":{"allow":["GET"]}}],"collection":[{"href":"https:\/\/www.lebens-qi.at\/qishop\/wp-json\/wp\/v2\/product"}],"about":[{"href":"https:\/\/www.lebens-qi.at\/qishop\/wp-json\/wp\/v2\/types\/product"}],"replies":[{"embeddable":true,"href":"https:\/\/www.lebens-qi.at\/qishop\/wp-json\/wp\/v2\/comments?post=10426"}],"wp:featuredmedia":[{"embeddable":true,"href":"https:\/\/www.lebens-qi.at\/qishop\/wp-json\/wp\/v2\/media\/10427"}],"wp:attachment":[{"href":"https:\/\/www.lebens-qi.at\/qishop\/wp-json\/wp\/v2\/media?parent=10426"}],"wp:term":[{"taxonomy":"pwb-brand","embeddable":true,"href":"https:\/\/www.lebens-qi.at\/qishop\/wp-json\/wp\/v2\/pwb-brand?post=10426"},{"taxonomy":"product_brand","embeddable":true,"href":"https:\/\/www.lebens-qi.at\/qishop\/wp-json\/wp\/v2\/product_brand?post=10426"},{"taxonomy":"product_cat","embeddable":true,"href":"https:\/\/www.lebens-qi.at\/qishop\/wp-json\/wp\/v2\/product_cat?post=10426"},{"taxonomy":"product_tag","embeddable":true,"href":"https:\/\/www.lebens-qi.at\/qishop\/wp-json\/wp\/v2\/product_tag?post=10426"}],"curies":[{"name":"wp","href":"https:\/\/api.w.org\/{rel}","templated":true}]}}