{"id":1044,"date":"2024-02-14T02:48:49","date_gmt":"2024-02-14T01:48:49","guid":{"rendered":"https:\/\/www.lebens-qi.at\/qishop\/produkt\/rosenquarz-kristallspray\/"},"modified":"2024-11-18T20:12:53","modified_gmt":"2024-11-18T19:12:53","slug":"rosenquarz-kristallspray","status":"publish","type":"product","link":"https:\/\/www.lebens-qi.at\/qishop\/produkt\/rosenquarz-kristallspray\/","title":{"rendered":"Rosenquarz &#8211; Kristallspray"},"content":{"rendered":"<p><b>Liebe &amp; Harmonie<\/b><br \/>\nDer <b>Rosenquarz<\/b> ist der Herz\u00f6ffner unter den Edelsteinen.<\/p>\n<p>Er steigert Empfindsamkeit, Einf\u00fchlungsverm\u00f6gen, Liebesf\u00e4higkeit, Herzenskraft und Romantik. Er f\u00f6rdert ein harmonisches Miteinander, macht aufgeschlossen und hilfsbereit. Ein Edelstein f\u00fcr Liebe &amp; Harmonie<\/p>\n<p><b>\u00c4therische \u00d6le: <\/b>Ylang Ylang, Magnolienbl\u00fcte<\/p>\n<p>Der exotisch, sinnliche Duft der Ylang Ylang Bl\u00fcten stimmt uns gl\u00fccklich. Er wirkt ausgleichend und hilft bei Angespanntheit. Die Magnolienbl\u00fcte spricht direkt mit unserem Herz. Mit ihrem feinen, zart-fruchtigen Duft erhellt sie unsere Stimmung und bringt Harmonie in unser Sein.<\/p>\n","protected":false},"excerpt":{"rendered":"<p>Liebe &amp; Harmonie<\/p>\n","protected":false},"featured_media":9337,"comment_status":"open","ping_status":"closed","template":"","meta":{"_links_to":"","_links_to_target":""},"pwb-brand":[166],"product_brand":[],"product_cat":[219],"product_tag":[157,193,164,163,1669,120,174,1936,173,269],"class_list":{"0":"post-1044","1":"product","2":"type-product","3":"status-publish","4":"has-post-thumbnail","6":"pwb-brand-engelalm","7":"product_cat-kristall-aurasprays","8":"product_tag-auraspray","9":"product_tag-edelstein","10":"product_tag-edelsteinessenz","11":"product_tag-engelalm","12":"product_tag-harmonie","13":"product_tag-kristall","14":"product_tag-liebe","15":"product_tag-magnolie","16":"product_tag-rosenquarz","17":"product_tag-ylang-ylang","19":"first","20":"instock","21":"taxable","22":"shipping-taxable","23":"purchasable","24":"product-type-simple"},"blog_post_layout_featured_media_urls":{"thumbnail":["https:\/\/www.lebens-qi.at\/qishop\/wp-content\/uploads\/01rosenquarz-kristallspray-150x150.jpg",150,150,true],"full":["https:\/\/www.lebens-qi.at\/qishop\/wp-content\/uploads\/01rosenquarz-kristallspray.jpg",490,490,false]},"categories":["166"],"categories_names":{"166":{"name":"Engelalm","link":"https:\/\/www.lebens-qi.at\/qishop\/brand\/engelalm\/"}},"comments_number":"0","brands":[{"id":166,"name":"Engelalm","slug":"engelalm"}],"_links":{"self":[{"href":"https:\/\/www.lebens-qi.at\/qishop\/wp-json\/wp\/v2\/product\/1044","targetHints":{"allow":["GET"]}}],"collection":[{"href":"https:\/\/www.lebens-qi.at\/qishop\/wp-json\/wp\/v2\/product"}],"about":[{"href":"https:\/\/www.lebens-qi.at\/qishop\/wp-json\/wp\/v2\/types\/product"}],"replies":[{"embeddable":true,"href":"https:\/\/www.lebens-qi.at\/qishop\/wp-json\/wp\/v2\/comments?post=1044"}],"wp:featuredmedia":[{"embeddable":true,"href":"https:\/\/www.lebens-qi.at\/qishop\/wp-json\/wp\/v2\/media\/9337"}],"wp:attachment":[{"href":"https:\/\/www.lebens-qi.at\/qishop\/wp-json\/wp\/v2\/media?parent=1044"}],"wp:term":[{"taxonomy":"pwb-brand","embeddable":true,"href":"https:\/\/www.lebens-qi.at\/qishop\/wp-json\/wp\/v2\/pwb-brand?post=1044"},{"taxonomy":"product_brand","embeddable":true,"href":"https:\/\/www.lebens-qi.at\/qishop\/wp-json\/wp\/v2\/product_brand?post=1044"},{"taxonomy":"product_cat","embeddable":true,"href":"https:\/\/www.lebens-qi.at\/qishop\/wp-json\/wp\/v2\/product_cat?post=1044"},{"taxonomy":"product_tag","embeddable":true,"href":"https:\/\/www.lebens-qi.at\/qishop\/wp-json\/wp\/v2\/product_tag?post=1044"}],"curies":[{"name":"wp","href":"https:\/\/api.w.org\/{rel}","templated":true}]}}