{"id":10445,"date":"2024-11-14T20:25:24","date_gmt":"2024-11-14T19:25:24","guid":{"rendered":"https:\/\/www.lebens-qi.at\/qishop\/?post_type=product&#038;p=10445"},"modified":"2024-12-10T10:50:58","modified_gmt":"2024-12-10T09:50:58","slug":"die-magie-der-sterne","status":"publish","type":"product","link":"https:\/\/www.lebens-qi.at\/qishop\/produkt\/die-magie-der-sterne\/","title":{"rendered":"Die Magie der Sterne"},"content":{"rendered":"<p><b>Die Magie der Sterne<\/b><br \/>\nHandbuch der Astrologie<br \/>\n<em>von Skye Alexander<br \/>\n<\/em><\/p>\n<div class=\"coverText\">Dass der Mond die Gezeiten beeinflusst, ist unumstritten. Doch welche universalen Energien wirken auf unser Leben? Skye Alexander f\u00fchrt in die wichtigsten Grundlagen der Astrologie ein und zeigt, wie wir mit dem Wissen dieser uralten Kunst unser Leben in die gew\u00fcnschten Bahnen lenken. Sie erkl\u00e4rt die Bedeutung des Geburtshoroskops und der Sternzeichen und lehrt uns, mit lunarer Energie und astrologischen Zyklen zu arbeiten.<\/div>\n<div class=\"coverText\">Um die planetarischen Kr\u00e4fte ideal zu nutzen, gibt sie uns Zauberspr\u00fcche an die Hand und verr\u00e4t Kr\u00e4uter, Kristalle und Symbole, die unser magisches Wirken unterst\u00fctzen.<\/div>\n","protected":false},"excerpt":{"rendered":"<p>Handbuch der Astrologie<\/p>\n","protected":false},"featured_media":10446,"comment_status":"open","ping_status":"closed","template":"","meta":{"_links_to":"","_links_to_target":""},"pwb-brand":[2034],"product_brand":[],"product_cat":[820],"product_tag":[860,580,1358,306,1283,1159,2204,521,576],"class_list":{"0":"post-10445","1":"product","2":"type-product","3":"status-publish","4":"has-post-thumbnail","6":"pwb-brand-anaconda-verlag","7":"product_cat-astrologie","8":"product_tag-astrologie","9":"product_tag-buch","10":"product_tag-horoskop","11":"product_tag-kraeuter","12":"product_tag-kristalle","13":"product_tag-magie","14":"product_tag-skye-alexander","15":"product_tag-sternzeichen","16":"product_tag-symbole","18":"first","19":"instock","20":"taxable","21":"shipping-taxable","22":"purchasable","23":"product-type-simple"},"blog_post_layout_featured_media_urls":{"thumbnail":["https:\/\/www.lebens-qi.at\/qishop\/wp-content\/uploads\/9783730608203-magie-der-sterne-150x150.jpg",150,150,true],"full":["https:\/\/www.lebens-qi.at\/qishop\/wp-content\/uploads\/9783730608203-magie-der-sterne.jpg",648,648,false]},"categories":["2034"],"categories_names":{"2034":{"name":"Anaconda Verlag","link":"https:\/\/www.lebens-qi.at\/qishop\/brand\/anaconda-verlag\/"}},"comments_number":"0","brands":[{"id":2034,"name":"Anaconda Verlag","slug":"anaconda-verlag"}],"_links":{"self":[{"href":"https:\/\/www.lebens-qi.at\/qishop\/wp-json\/wp\/v2\/product\/10445","targetHints":{"allow":["GET"]}}],"collection":[{"href":"https:\/\/www.lebens-qi.at\/qishop\/wp-json\/wp\/v2\/product"}],"about":[{"href":"https:\/\/www.lebens-qi.at\/qishop\/wp-json\/wp\/v2\/types\/product"}],"replies":[{"embeddable":true,"href":"https:\/\/www.lebens-qi.at\/qishop\/wp-json\/wp\/v2\/comments?post=10445"}],"wp:featuredmedia":[{"embeddable":true,"href":"https:\/\/www.lebens-qi.at\/qishop\/wp-json\/wp\/v2\/media\/10446"}],"wp:attachment":[{"href":"https:\/\/www.lebens-qi.at\/qishop\/wp-json\/wp\/v2\/media?parent=10445"}],"wp:term":[{"taxonomy":"pwb-brand","embeddable":true,"href":"https:\/\/www.lebens-qi.at\/qishop\/wp-json\/wp\/v2\/pwb-brand?post=10445"},{"taxonomy":"product_brand","embeddable":true,"href":"https:\/\/www.lebens-qi.at\/qishop\/wp-json\/wp\/v2\/product_brand?post=10445"},{"taxonomy":"product_cat","embeddable":true,"href":"https:\/\/www.lebens-qi.at\/qishop\/wp-json\/wp\/v2\/product_cat?post=10445"},{"taxonomy":"product_tag","embeddable":true,"href":"https:\/\/www.lebens-qi.at\/qishop\/wp-json\/wp\/v2\/product_tag?post=10445"}],"curies":[{"name":"wp","href":"https:\/\/api.w.org\/{rel}","templated":true}]}}