{"id":10451,"date":"2024-11-15T12:18:54","date_gmt":"2024-11-15T11:18:54","guid":{"rendered":"https:\/\/www.lebens-qi.at\/qishop\/?post_type=product&#038;p=10451"},"modified":"2024-12-12T14:37:11","modified_gmt":"2024-12-12T13:37:11","slug":"moonology-das-mond-orakel-karten","status":"publish","type":"product","link":"https:\/\/www.lebens-qi.at\/qishop\/produkt\/moonology-das-mond-orakel-karten\/","title":{"rendered":"Moonology &#8211; Das Mond-Orakel &#8211; Karten"},"content":{"rendered":"<p><b>Karten: Moonology &#8211; Das Mond-Orakel<\/b><br \/>\nVerbinde dich mit der Energie des Mondes<br \/>\n<em>von Yasmin Boland<br \/>\n<\/em><\/p>\n<div class=\"coverText\">\n<div class=\"coverText\">\n<p><strong>Get in Tune with the Moon!<\/strong><\/p>\n<p>Diese 44 liebevoll gestalteten Karten verbinden uns auf spielerisch-intuitive Weise mit den magischen Kr\u00e4ften des Mondes, die unser Leben in allen Bereichen verbessern k\u00f6nnen. Wann immer eine wichtige Entscheidung ansteht oder man ein bisschen Unterst\u00fctzung von oben gebrauchen k\u00f6nnte: Einfach eine Karte ziehen und man erh\u00e4lt wertvolle Orientierungshilfen, innere Klarheit und frische Energie. Das beiliegende Buch bietet eine praktische Anleitung f\u00fcr die Interpretation der Karten, um richtige Entscheidungen zu treffen, W\u00fcnsche zu realisieren und die Zukunft positiv zu gestalten.<br \/>\nEin weiser Begleiter f\u00fcr alle, die sich von der nat\u00fcrlichen Kraft des Mondes magisch angezogen f\u00fchlen oder sie neu entdecken m\u00f6chten!<\/p>\n<p><strong>Ausstattung:<\/strong> 44 vierfbg. Karten mit Buch (128 Seiten)<\/p>\n<\/div>\n<\/div>\n","protected":false},"excerpt":{"rendered":"<p>Verbinde dich mit der Energie des Mondes<\/p>\n","protected":false},"featured_media":10452,"comment_status":"open","ping_status":"closed","template":"","meta":{"_links_to":"","_links_to_target":""},"pwb-brand":[1527],"product_brand":[],"product_cat":[862],"product_tag":[667,1159,747,973,2207,863,1405],"class_list":{"0":"post-10451","1":"product","2":"type-product","3":"status-publish","4":"has-post-thumbnail","6":"pwb-brand-integral","7":"product_cat-impulskarten","8":"product_tag-kartendeck","9":"product_tag-magie","10":"product_tag-mond","11":"product_tag-mondphasen","12":"product_tag-moonology","13":"product_tag-orakel","14":"product_tag-yasmin-boland","16":"first","17":"instock","18":"taxable","19":"shipping-taxable","20":"purchasable","21":"product-type-simple"},"blog_post_layout_featured_media_urls":{"thumbnail":["https:\/\/www.lebens-qi.at\/qishop\/wp-content\/uploads\/4250939600031-moonology-150x150.jpg",150,150,true],"full":["https:\/\/www.lebens-qi.at\/qishop\/wp-content\/uploads\/4250939600031-moonology.jpg",441,441,false]},"categories":["1527"],"categories_names":{"1527":{"name":"Integral","link":"https:\/\/www.lebens-qi.at\/qishop\/brand\/integral\/"}},"comments_number":"0","brands":[{"id":1527,"name":"Integral","slug":"integral"}],"_links":{"self":[{"href":"https:\/\/www.lebens-qi.at\/qishop\/wp-json\/wp\/v2\/product\/10451","targetHints":{"allow":["GET"]}}],"collection":[{"href":"https:\/\/www.lebens-qi.at\/qishop\/wp-json\/wp\/v2\/product"}],"about":[{"href":"https:\/\/www.lebens-qi.at\/qishop\/wp-json\/wp\/v2\/types\/product"}],"replies":[{"embeddable":true,"href":"https:\/\/www.lebens-qi.at\/qishop\/wp-json\/wp\/v2\/comments?post=10451"}],"wp:featuredmedia":[{"embeddable":true,"href":"https:\/\/www.lebens-qi.at\/qishop\/wp-json\/wp\/v2\/media\/10452"}],"wp:attachment":[{"href":"https:\/\/www.lebens-qi.at\/qishop\/wp-json\/wp\/v2\/media?parent=10451"}],"wp:term":[{"taxonomy":"pwb-brand","embeddable":true,"href":"https:\/\/www.lebens-qi.at\/qishop\/wp-json\/wp\/v2\/pwb-brand?post=10451"},{"taxonomy":"product_brand","embeddable":true,"href":"https:\/\/www.lebens-qi.at\/qishop\/wp-json\/wp\/v2\/product_brand?post=10451"},{"taxonomy":"product_cat","embeddable":true,"href":"https:\/\/www.lebens-qi.at\/qishop\/wp-json\/wp\/v2\/product_cat?post=10451"},{"taxonomy":"product_tag","embeddable":true,"href":"https:\/\/www.lebens-qi.at\/qishop\/wp-json\/wp\/v2\/product_tag?post=10451"}],"curies":[{"name":"wp","href":"https:\/\/api.w.org\/{rel}","templated":true}]}}