{"id":10466,"date":"2024-11-15T17:53:30","date_gmt":"2024-11-15T16:53:30","guid":{"rendered":"https:\/\/www.lebens-qi.at\/qishop\/?post_type=product&#038;p=10466"},"modified":"2024-12-12T14:11:54","modified_gmt":"2024-12-12T13:11:54","slug":"erwachen-im-licht","status":"publish","type":"product","link":"https:\/\/www.lebens-qi.at\/qishop\/produkt\/erwachen-im-licht\/","title":{"rendered":"Erwachen im Licht"},"content":{"rendered":"<p><b>Erwachen im Licht<\/b><br \/>\nDie lebensver\u00e4ndernde Nahtoderfahrung eines Arztes<br \/>\n<em>von Dr. Rajiv Parti und Paul Perry<br \/>\n<\/em><\/p>\n<p>mit einem Vorwort von Raymond A. Moody<\/p>\n<p><strong>Was es hei\u00dft, wirklich gl\u00fccklich zu sein. <\/strong><b>\u00dcberraschende Antworten auf die gr\u00f6\u00dfte aller Fragen<\/b><\/p>\n<div class=\"coverText\">Was geschieht mit uns nach dem Tod? Dr. Rajiv Parti hat es am eigenen Leib erfahren: W\u00e4hrend einer Notoperation im Jahr 2010 f\u00e4llt der schwer krebskranke An\u00e4sthesist ins Koma. Was er dann erlebt, ist eine der spektakul\u00e4rsten Nahtoderfahrungen, von denen je berichtet wurde: Dr. Parti schildert seine Reise durch Himmel und H\u00f6lle, durch fr\u00fchere Leben bis hin zur Begegnung mit der g\u00f6ttlichen Kraft. Als er aus dem Koma erwacht, ist f\u00fcr ihn nichts mehr wie zuvor: Wie durch ein Wunder erholt er sich in k\u00fcrzester Zeit von seiner Krankheit. Sein Leben wandelt sich grundlegend \u2013 vom geld- und karriereversessenen Wissenschaftler zum \u00bbHeiler der Seele\u00ab, der das Heilwissen, das ihm im Jenseits mit auf den Weg gegeben wurde, mit Tausenden von Menschen teilt.<br \/>\nDer ber\u00fchrende Bericht einer au\u00dfergew\u00f6hnlichen Nahtoderfahrung, die das Leben von Rajiv Parti und vielen anderen Menschen tiefgreifend ver\u00e4ndert hat.\u00bbDiese Schilderung einer Nahtoderfahrung ist zutiefst ber\u00fchrend und inspirierend.\u00ab <em>Dr. Raymond A. Moody, Bestsellerautor und Nahtodforscher<\/em><\/p>\n<\/div>\n","protected":false},"excerpt":{"rendered":"<p>Die lebensver\u00e4ndernde Nahtoderfahrung eines Arztes<\/p>\n","protected":false},"featured_media":10467,"comment_status":"open","ping_status":"closed","template":"","meta":{"_links_to":"","_links_to_target":""},"pwb-brand":[1208],"product_brand":[],"product_cat":[817],"product_tag":[580,2214,1298,1021,1537,528,2213,178,1282,516,1384],"class_list":{"0":"post-10466","1":"product","2":"type-product","3":"status-publish","4":"has-post-thumbnail","6":"pwb-brand-heyne","7":"product_cat-mysterien","8":"product_tag-buch","9":"product_tag-dr-rajiv-parti","10":"product_tag-heilung","11":"product_tag-hoffnung","12":"product_tag-jenseits","13":"product_tag-krebs","14":"product_tag-nahtoderfahrung","15":"product_tag-seele","16":"product_tag-taschenbuch","17":"product_tag-tod","18":"product_tag-trost","20":"first","21":"instock","22":"taxable","23":"shipping-taxable","24":"purchasable","25":"product-type-simple"},"blog_post_layout_featured_media_urls":{"thumbnail":["https:\/\/www.lebens-qi.at\/qishop\/wp-content\/uploads\/9783453703841-erwachenimlicht-150x150.jpg",150,150,true],"full":["https:\/\/www.lebens-qi.at\/qishop\/wp-content\/uploads\/9783453703841-erwachenimlicht.jpg",648,648,false]},"categories":["1208"],"categories_names":{"1208":{"name":"Heyne","link":"https:\/\/www.lebens-qi.at\/qishop\/brand\/heyne\/"}},"comments_number":"0","brands":[{"id":1208,"name":"Heyne","slug":"heyne"}],"_links":{"self":[{"href":"https:\/\/www.lebens-qi.at\/qishop\/wp-json\/wp\/v2\/product\/10466","targetHints":{"allow":["GET"]}}],"collection":[{"href":"https:\/\/www.lebens-qi.at\/qishop\/wp-json\/wp\/v2\/product"}],"about":[{"href":"https:\/\/www.lebens-qi.at\/qishop\/wp-json\/wp\/v2\/types\/product"}],"replies":[{"embeddable":true,"href":"https:\/\/www.lebens-qi.at\/qishop\/wp-json\/wp\/v2\/comments?post=10466"}],"wp:featuredmedia":[{"embeddable":true,"href":"https:\/\/www.lebens-qi.at\/qishop\/wp-json\/wp\/v2\/media\/10467"}],"wp:attachment":[{"href":"https:\/\/www.lebens-qi.at\/qishop\/wp-json\/wp\/v2\/media?parent=10466"}],"wp:term":[{"taxonomy":"pwb-brand","embeddable":true,"href":"https:\/\/www.lebens-qi.at\/qishop\/wp-json\/wp\/v2\/pwb-brand?post=10466"},{"taxonomy":"product_brand","embeddable":true,"href":"https:\/\/www.lebens-qi.at\/qishop\/wp-json\/wp\/v2\/product_brand?post=10466"},{"taxonomy":"product_cat","embeddable":true,"href":"https:\/\/www.lebens-qi.at\/qishop\/wp-json\/wp\/v2\/product_cat?post=10466"},{"taxonomy":"product_tag","embeddable":true,"href":"https:\/\/www.lebens-qi.at\/qishop\/wp-json\/wp\/v2\/product_tag?post=10466"}],"curies":[{"name":"wp","href":"https:\/\/api.w.org\/{rel}","templated":true}]}}