{"id":10477,"date":"2024-11-15T19:04:55","date_gmt":"2024-11-15T18:04:55","guid":{"rendered":"https:\/\/www.lebens-qi.at\/qishop\/?post_type=product&#038;p=10477"},"modified":"2024-11-18T21:09:09","modified_gmt":"2024-11-18T20:09:09","slug":"ohrkerzen-koerperkerzen-johanniskraut-fuer-erwachsene","status":"publish","type":"product","link":"https:\/\/www.lebens-qi.at\/qishop\/produkt\/ohrkerzen-koerperkerzen-johanniskraut-fuer-erwachsene\/","title":{"rendered":"Ohrkerzen\/K\u00f6rperkerzen Johanniskraut f\u00fcr Erwachsene"},"content":{"rendered":"<p><b>SOMO\u00ae JOHANNISKRAUT PREMIUM SICHERHEITS OHRKERZEN auch als K\u00d6RPERKERZEN anwendbar<br \/>\nf\u00fcr GUTE LAUNE und EMOTIONALE \u00d6FFNUNG<br \/>\n<\/b><\/p>\n<p><b><\/b>Handgefertigt aus folgenden Inhaltsstoffen:<br \/>\n<em>Baumwolle, pflanzliches Wachs, Bienenwachs, Johanniskrautpulver, -Extrakt, -\u00d6l, Jasminwachs und Jasminessenz<\/em><\/p>\n<p>Die Anwendung der Ohrkerze bringt ein befreiendes Gef\u00fchl f\u00fcr Kopf und Ohren. Strahlen der Ohrenkerzen-Flamme bringen Reinigung und W\u00e4rme in die Aura. Es wird empfohlen, immer an beiden Ohren eine Anwendung zu machen.<\/p>\n<p>\u2022 Handgefertigte Premium Qualit\u00e4t aus \u00d6sterreich<br \/>\n\u2022 Jede SOMO\u00ae Ohr-und K\u00f6rperkerze ist ein Unikat<br \/>\n\u2022 Tropfschutz integriert \u2013 F\u00fcr Ihre Sicherheit<br \/>\n\u2022 Rutscht nicht in den Geh\u00f6rgang dichtet perfekt an der Ohrmuschel ab<br \/>\n\u2022 Gleichm\u00e4\u00dfiger Abbrennvorgang<br \/>\n\u2022 R\u00fcckstandslose Verbrennung<br \/>\n\u2022 Abbrennmarkierung bei 6 cm<\/p>\n<p><b>Lieferumfang:<\/b><br \/>\n2 St\u00fcck Premium Sicherheitsohrkerzen f\u00fcr Erwachsene mit Beschreibung<br \/>\n<b>Gr\u00f6\u00dfe:<\/b> 21 cm x 1,2 cm<br \/>\nmit eingebautem Tropfschutz<\/p>\n<p>Produziert in \u00d6sterreich in liebevoller Handarbeit in der hauseigenen SOMO-Manufaktur im S\u00fcdburgenland<\/p>\n<p><em>Bei akuten, schweren Erkrankungen im Ohr-Kopf-Bereich sollten Sie unbedingt R\u00fccksprache mit Ihrem Arzt halten <\/em><\/p>\n","protected":false},"excerpt":{"rendered":"<p>f\u00fcr gute Laune und emotionale \u00d6ffnung &#8211; Premium Qualit\u00e4t aus \u00d6sterreich<\/p>\n","protected":false},"featured_media":10478,"comment_status":"open","ping_status":"closed","template":"","meta":{"_links_to":"","_links_to_target":""},"pwb-brand":[961],"product_brand":[],"product_cat":[955],"product_tag":[2221,305,240,1695,959,2222,957,956],"class_list":{"0":"post-10477","1":"product","2":"type-product","3":"status-publish","4":"has-post-thumbnail","6":"pwb-brand-somo","7":"product_cat-ohr-koerperkerzen","8":"product_tag-aufheiterung","9":"product_tag-handgefertigt","10":"product_tag-jasmin","11":"product_tag-johanniskraut","12":"product_tag-koerperkerzen","13":"product_tag-oeffnung","14":"product_tag-ohrkerzen","15":"product_tag-somo","17":"first","18":"instock","19":"taxable","20":"shipping-taxable","21":"purchasable","22":"product-type-simple"},"blog_post_layout_featured_media_urls":{"thumbnail":["https:\/\/www.lebens-qi.at\/qishop\/wp-content\/uploads\/ke-41-ohrkerzen-johanniskraut-150x150.jpg",150,150,true],"full":["https:\/\/www.lebens-qi.at\/qishop\/wp-content\/uploads\/ke-41-ohrkerzen-johanniskraut.jpg",600,600,false]},"categories":["961"],"categories_names":{"961":{"name":"SOMO","link":"https:\/\/www.lebens-qi.at\/qishop\/brand\/somo\/"}},"comments_number":"0","brands":[{"id":961,"name":"SOMO","slug":"somo"}],"_links":{"self":[{"href":"https:\/\/www.lebens-qi.at\/qishop\/wp-json\/wp\/v2\/product\/10477","targetHints":{"allow":["GET"]}}],"collection":[{"href":"https:\/\/www.lebens-qi.at\/qishop\/wp-json\/wp\/v2\/product"}],"about":[{"href":"https:\/\/www.lebens-qi.at\/qishop\/wp-json\/wp\/v2\/types\/product"}],"replies":[{"embeddable":true,"href":"https:\/\/www.lebens-qi.at\/qishop\/wp-json\/wp\/v2\/comments?post=10477"}],"wp:featuredmedia":[{"embeddable":true,"href":"https:\/\/www.lebens-qi.at\/qishop\/wp-json\/wp\/v2\/media\/10478"}],"wp:attachment":[{"href":"https:\/\/www.lebens-qi.at\/qishop\/wp-json\/wp\/v2\/media?parent=10477"}],"wp:term":[{"taxonomy":"pwb-brand","embeddable":true,"href":"https:\/\/www.lebens-qi.at\/qishop\/wp-json\/wp\/v2\/pwb-brand?post=10477"},{"taxonomy":"product_brand","embeddable":true,"href":"https:\/\/www.lebens-qi.at\/qishop\/wp-json\/wp\/v2\/product_brand?post=10477"},{"taxonomy":"product_cat","embeddable":true,"href":"https:\/\/www.lebens-qi.at\/qishop\/wp-json\/wp\/v2\/product_cat?post=10477"},{"taxonomy":"product_tag","embeddable":true,"href":"https:\/\/www.lebens-qi.at\/qishop\/wp-json\/wp\/v2\/product_tag?post=10477"}],"curies":[{"name":"wp","href":"https:\/\/api.w.org\/{rel}","templated":true}]}}