{"id":1052,"date":"2024-02-14T02:49:15","date_gmt":"2024-02-14T01:49:15","guid":{"rendered":"https:\/\/www.lebens-qi.at\/qishop\/produkt\/nabelchakra-solarplexus-auraspray\/"},"modified":"2025-03-14T11:09:10","modified_gmt":"2025-03-14T10:09:10","slug":"nabelchakra-solarplexus-auraspray","status":"publish","type":"product","link":"https:\/\/www.lebens-qi.at\/qishop\/produkt\/nabelchakra-solarplexus-auraspray\/","title":{"rendered":"Nabelchakra (Solarplexus) &#8211; Auraspray"},"content":{"rendered":"<p><b>NABELCHAKRA<\/b> (Solarplexus)<br \/>\nMANIPURA (Manipura = leuchtender Juwel)<\/p>\n<p><b>Themen:<\/b> Willenskraft, Selbstvertrauen, Pers\u00f6nlichkeit, Entwicklung des Ich, Selbstkontrolle,Gef\u00fchle, Sensibilit\u00e4t, Macht, Durchsetzungskraft<br \/>\n<b>Element:<\/b> Feuer<br \/>\n<b>Mantra: <\/b>RAM<br \/>\n<b>Ton: <\/b>Mi<br \/>\n<b>Symbol:<\/b> Zehnbl\u00e4ttriger Lotos<br \/>\n<b>Mineralien: <\/b>Topas, Aktinolith, Citrin, Peridot u.a.<br \/>\n<b>\u00c4therische \u00d6le:<\/b> Jasmin, Grapefruit u.a.<\/p>\n","protected":false},"excerpt":{"rendered":"<p>MANIPURA Willenskraft &amp; Selbstvertrauen<\/p>\n","protected":false},"featured_media":12786,"comment_status":"open","ping_status":"closed","template":"","meta":{"_links_to":"","_links_to_target":""},"pwb-brand":[166],"product_brand":[],"product_cat":[217],"product_tag":[157,198,199,164,163,1571,1699,1018,1959],"class_list":{"0":"post-1052","1":"product","2":"type-product","3":"status-publish","4":"has-post-thumbnail","6":"pwb-brand-engelalm","7":"product_cat-chakra-aurasprays","8":"product_tag-auraspray","9":"product_tag-chakra","10":"product_tag-chakraspray","11":"product_tag-edelsteinessenz","12":"product_tag-engelalm","13":"product_tag-nabelchakra","14":"product_tag-selbstvertrauen","15":"product_tag-solarplexus","16":"product_tag-willenskraft","18":"first","19":"instock","20":"taxable","21":"shipping-taxable","22":"purchasable","23":"product-type-simple"},"blog_post_layout_featured_media_urls":{"thumbnail":["https:\/\/www.lebens-qi.at\/qishop\/wp-content\/uploads\/chakra_nabel-150x150.jpg",150,150,true],"full":["https:\/\/www.lebens-qi.at\/qishop\/wp-content\/uploads\/chakra_nabel.jpg",607,607,false]},"categories":["166"],"categories_names":{"166":{"name":"Engelalm","link":"https:\/\/www.lebens-qi.at\/qishop\/brand\/engelalm\/"}},"comments_number":"0","brands":[{"id":166,"name":"Engelalm","slug":"engelalm"}],"_links":{"self":[{"href":"https:\/\/www.lebens-qi.at\/qishop\/wp-json\/wp\/v2\/product\/1052","targetHints":{"allow":["GET"]}}],"collection":[{"href":"https:\/\/www.lebens-qi.at\/qishop\/wp-json\/wp\/v2\/product"}],"about":[{"href":"https:\/\/www.lebens-qi.at\/qishop\/wp-json\/wp\/v2\/types\/product"}],"replies":[{"embeddable":true,"href":"https:\/\/www.lebens-qi.at\/qishop\/wp-json\/wp\/v2\/comments?post=1052"}],"wp:featuredmedia":[{"embeddable":true,"href":"https:\/\/www.lebens-qi.at\/qishop\/wp-json\/wp\/v2\/media\/12786"}],"wp:attachment":[{"href":"https:\/\/www.lebens-qi.at\/qishop\/wp-json\/wp\/v2\/media?parent=1052"}],"wp:term":[{"taxonomy":"pwb-brand","embeddable":true,"href":"https:\/\/www.lebens-qi.at\/qishop\/wp-json\/wp\/v2\/pwb-brand?post=1052"},{"taxonomy":"product_brand","embeddable":true,"href":"https:\/\/www.lebens-qi.at\/qishop\/wp-json\/wp\/v2\/product_brand?post=1052"},{"taxonomy":"product_cat","embeddable":true,"href":"https:\/\/www.lebens-qi.at\/qishop\/wp-json\/wp\/v2\/product_cat?post=1052"},{"taxonomy":"product_tag","embeddable":true,"href":"https:\/\/www.lebens-qi.at\/qishop\/wp-json\/wp\/v2\/product_tag?post=1052"}],"curies":[{"name":"wp","href":"https:\/\/api.w.org\/{rel}","templated":true}]}}