{"id":10526,"date":"2024-11-20T01:02:27","date_gmt":"2024-11-20T00:02:27","guid":{"rendered":"https:\/\/www.lebens-qi.at\/qishop\/?post_type=product&#038;p=10526"},"modified":"2024-12-11T11:12:20","modified_gmt":"2024-12-11T10:12:20","slug":"nachtod-kontakte","status":"publish","type":"product","link":"https:\/\/www.lebens-qi.at\/qishop\/produkt\/nachtod-kontakte\/","title":{"rendered":"Nachtod-Kontakte"},"content":{"rendered":"<p><b>Nachtod-Kontakte<\/b><br \/>\nSpontane Begegnungen mit Verstorbenen<br \/>\n<em>von Evelyn Elsaesser<br \/>\n<\/em><\/p>\n<p>mit einem Vorwort von Pim van Lommel<\/p>\n<p>In den letzten zwanzig Jahren haben die sogenannten \u201eNahtod-Erfahrungen\u201c im Bewusstsein einer breiten \u00d6ffentlichkeit gro\u00dfe Anerkennung gefunden. Sie haben bei vielen Menschen die Gewissheit verst\u00e4rkt, dass es ein Leben nach dem Ablegen der physischen H\u00fclle gibt. Noch weitgehend unerforscht ist dagegen das Ph\u00e4nomen der \u201eNachtod-Kontakte\u201c, in dem es um das spontane Auftreten von meist erst vor Kurzem verstorbenen Freunden oder Angeh\u00f6rigen geht.<\/p>\n<p>Evelyn Elsaesser gilt als eine der profiliertesten Forscherinnen auf diesem Feld und legt hier die erste umfassende Studie zu einem noch kaum untersuchten Gebiet der modernen Sterbeforschung vor. Das Buch liefert nicht nur eine Reihe von faszinierenden Erfahrungen aus erster Hand, sondern l\u00e4sst auch wissenschaftliche Stimmen zu Wort kommen, die durchaus kritisch ausfallen k\u00f6nnen.<\/p>\n<p>Eine faszinierende Studie zu einem der ungew\u00f6hnlichsten Ph\u00e4nomene der Gegenwart!<\/p>\n","protected":false},"excerpt":{"rendered":"<p>Spontane Begegnungen mit Verstorbenen<\/p>\n","protected":false},"featured_media":10527,"comment_status":"open","ping_status":"closed","template":"","meta":{"_links_to":"","_links_to_target":""},"pwb-brand":[1550],"product_brand":[],"product_cat":[817],"product_tag":[580,2230,1021,1537,2213,178,1282,516],"class_list":{"0":"post-10526","1":"product","2":"type-product","3":"status-publish","4":"has-post-thumbnail","6":"pwb-brand-crotona-verlag","7":"product_cat-mysterien","8":"product_tag-buch","9":"product_tag-evelyn-elsaesser","10":"product_tag-hoffnung","11":"product_tag-jenseits","12":"product_tag-nahtoderfahrung","13":"product_tag-seele","14":"product_tag-taschenbuch","15":"product_tag-tod","17":"first","18":"instock","19":"taxable","20":"shipping-taxable","21":"purchasable","22":"product-type-simple"},"blog_post_layout_featured_media_urls":{"thumbnail":["https:\/\/www.lebens-qi.at\/qishop\/wp-content\/uploads\/9783861911135-nachtod-kontakte-150x150.jpg",150,150,true],"full":["https:\/\/www.lebens-qi.at\/qishop\/wp-content\/uploads\/9783861911135-nachtod-kontakte.jpg",648,648,false]},"categories":["1550"],"categories_names":{"1550":{"name":"Crotona Verlag","link":"https:\/\/www.lebens-qi.at\/qishop\/brand\/crotona-verlag\/"}},"comments_number":"0","brands":[{"id":1550,"name":"Crotona Verlag","slug":"crotona-verlag"}],"_links":{"self":[{"href":"https:\/\/www.lebens-qi.at\/qishop\/wp-json\/wp\/v2\/product\/10526","targetHints":{"allow":["GET"]}}],"collection":[{"href":"https:\/\/www.lebens-qi.at\/qishop\/wp-json\/wp\/v2\/product"}],"about":[{"href":"https:\/\/www.lebens-qi.at\/qishop\/wp-json\/wp\/v2\/types\/product"}],"replies":[{"embeddable":true,"href":"https:\/\/www.lebens-qi.at\/qishop\/wp-json\/wp\/v2\/comments?post=10526"}],"wp:featuredmedia":[{"embeddable":true,"href":"https:\/\/www.lebens-qi.at\/qishop\/wp-json\/wp\/v2\/media\/10527"}],"wp:attachment":[{"href":"https:\/\/www.lebens-qi.at\/qishop\/wp-json\/wp\/v2\/media?parent=10526"}],"wp:term":[{"taxonomy":"pwb-brand","embeddable":true,"href":"https:\/\/www.lebens-qi.at\/qishop\/wp-json\/wp\/v2\/pwb-brand?post=10526"},{"taxonomy":"product_brand","embeddable":true,"href":"https:\/\/www.lebens-qi.at\/qishop\/wp-json\/wp\/v2\/product_brand?post=10526"},{"taxonomy":"product_cat","embeddable":true,"href":"https:\/\/www.lebens-qi.at\/qishop\/wp-json\/wp\/v2\/product_cat?post=10526"},{"taxonomy":"product_tag","embeddable":true,"href":"https:\/\/www.lebens-qi.at\/qishop\/wp-json\/wp\/v2\/product_tag?post=10526"}],"curies":[{"name":"wp","href":"https:\/\/api.w.org\/{rel}","templated":true}]}}