{"id":10562,"date":"2024-11-20T18:14:30","date_gmt":"2024-11-20T17:14:30","guid":{"rendered":"https:\/\/www.lebens-qi.at\/qishop\/?post_type=product&#038;p=10562"},"modified":"2024-11-20T18:25:08","modified_gmt":"2024-11-20T17:25:08","slug":"aromatherapie-fuer-einsteiger","status":"publish","type":"product","link":"https:\/\/www.lebens-qi.at\/qishop\/produkt\/aromatherapie-fuer-einsteiger\/","title":{"rendered":"Aromatherapie f\u00fcr Einsteiger"},"content":{"rendered":"<p><b>Aromatherapie f\u00fcr Einsteiger<br \/>\n<\/b>Die gebr\u00e4uchlichsten \u00e4therischen \u00d6le auf einen Blick<br \/>\n<em>von Kurt Ludwig N\u00fcbling<br \/>\n<\/em><\/p>\n<p>Angenehme D\u00fcfte steigern das Wohlgef\u00fchl und erh\u00f6hen die Lebensfreude. Der Autor, Mitgr\u00fcnder von PRIMAVERA LIFE, vermittelt ein solides <strong>Grundwissen \u00fcber die \u00e4therischen \u00d6le<\/strong>, die Essenz der Pflanzen. Die aus altem Wissen entstandene Aromatherapie kann stimulieren, entspannen, seelisch aufbauen und auch bei vielen k\u00f6rperlichen Befindlichkeitsst\u00f6rungen ihre ganzheitliche, wohltuende Wirkung entfalten.<\/p>\n<p><strong>Tauchen Sie ein in die Welt der D\u00fcfte<\/strong> und erfahren Sie, wie die wundervolle Kraft der Pflanzen Ihr Leben bereichern kann.<\/p>\n<p>Taschenbuch aus der Serie KOHA KOMPAKT<\/p>\n","protected":false},"excerpt":{"rendered":"<p>Die gebr\u00e4uchlichsten \u00e4therischen \u00d6le auf einen Blick<\/p>\n","protected":false},"featured_media":10563,"comment_status":"open","ping_status":"closed","template":"","meta":{"_links_to":"","_links_to_target":""},"pwb-brand":[809],"product_brand":[],"product_cat":[579,815],"product_tag":[855,128,580,546,2252,2251,1282],"class_list":{"0":"post-10562","1":"product","2":"type-product","3":"status-publish","4":"has-post-thumbnail","6":"pwb-brand-koha-verlag","7":"product_cat-aromatherapie-buecher","8":"product_cat-buecher-aromatherapie","9":"product_tag-aromatherapie","10":"product_tag-aetherische-oele","11":"product_tag-buch","12":"product_tag-gesundheit","13":"product_tag-koha-kompakt","14":"product_tag-kurt-ludwig-nuebling","15":"product_tag-taschenbuch","17":"first","18":"instock","19":"taxable","20":"shipping-taxable","21":"purchasable","22":"product-type-simple"},"blog_post_layout_featured_media_urls":{"thumbnail":["https:\/\/www.lebens-qi.at\/qishop\/wp-content\/uploads\/9783867282079-aromatherapie-150x150.jpg",150,150,true],"full":["https:\/\/www.lebens-qi.at\/qishop\/wp-content\/uploads\/9783867282079-aromatherapie.jpg",648,648,false]},"categories":["809"],"categories_names":{"809":{"name":"KOHA Verlag","link":"https:\/\/www.lebens-qi.at\/qishop\/brand\/koha-verlag\/"}},"comments_number":"0","brands":[{"id":809,"name":"KOHA Verlag","slug":"koha-verlag"}],"_links":{"self":[{"href":"https:\/\/www.lebens-qi.at\/qishop\/wp-json\/wp\/v2\/product\/10562","targetHints":{"allow":["GET"]}}],"collection":[{"href":"https:\/\/www.lebens-qi.at\/qishop\/wp-json\/wp\/v2\/product"}],"about":[{"href":"https:\/\/www.lebens-qi.at\/qishop\/wp-json\/wp\/v2\/types\/product"}],"replies":[{"embeddable":true,"href":"https:\/\/www.lebens-qi.at\/qishop\/wp-json\/wp\/v2\/comments?post=10562"}],"wp:featuredmedia":[{"embeddable":true,"href":"https:\/\/www.lebens-qi.at\/qishop\/wp-json\/wp\/v2\/media\/10563"}],"wp:attachment":[{"href":"https:\/\/www.lebens-qi.at\/qishop\/wp-json\/wp\/v2\/media?parent=10562"}],"wp:term":[{"taxonomy":"pwb-brand","embeddable":true,"href":"https:\/\/www.lebens-qi.at\/qishop\/wp-json\/wp\/v2\/pwb-brand?post=10562"},{"taxonomy":"product_brand","embeddable":true,"href":"https:\/\/www.lebens-qi.at\/qishop\/wp-json\/wp\/v2\/product_brand?post=10562"},{"taxonomy":"product_cat","embeddable":true,"href":"https:\/\/www.lebens-qi.at\/qishop\/wp-json\/wp\/v2\/product_cat?post=10562"},{"taxonomy":"product_tag","embeddable":true,"href":"https:\/\/www.lebens-qi.at\/qishop\/wp-json\/wp\/v2\/product_tag?post=10562"}],"curies":[{"name":"wp","href":"https:\/\/api.w.org\/{rel}","templated":true}]}}