{"id":10592,"date":"2024-11-21T14:57:10","date_gmt":"2024-11-21T13:57:10","guid":{"rendered":"https:\/\/www.lebens-qi.at\/qishop\/?post_type=product&#038;p=10592"},"modified":"2024-12-11T11:45:21","modified_gmt":"2024-12-11T10:45:21","slug":"lenormand-floralis-karten-set","status":"publish","type":"product","link":"https:\/\/www.lebens-qi.at\/qishop\/produkt\/lenormand-floralis-karten-set\/","title":{"rendered":"Lenormand Floralis &#8211; Karten-Set"},"content":{"rendered":"<p><b>Kartenset: Lenormand Floralis<br \/>\n<\/b>36+9 Wahrsage-Karten mit Begleitbuch<br \/>\n<em>von Crisandra<\/em><\/p>\n<p><strong>Erkunde Deinen Lebensweg und entdecke Deine Potentiale und M\u00f6glichkeiten!\u00a0<\/strong><\/p>\n<p>Das kunstvoll gestaltete Lenormand-Kartenset &#8222;Floralis&#8220; erm\u00f6glicht es Dir die Energien, die Dein Leben beeinflussen, zu entdecken. Die Wahrsage-Karten helfen, tiefer in das Unterbewusstsein einzutauchen und k\u00f6nnen uns einen klaren Blick auf die Herausforderungen und M\u00f6glichkeiten geben, die uns auf unserem Lebensweg begegnen. Das Au\u00dfergew\u00f6hnliche an &#8222;Floralis&#8220; ist, dass es neben den traditionellen Lenormand-Motiven Blumen als einzigartige Lebensform in den Mittelpunkt stellt und damit ein einzigartiges Lege-Erlebnis erm\u00f6glicht. Lass Dich mit diesem besonderen Karten-Set dazu anleiten, Dein Leben in den Fokus zu nehmen und sch\u00f6pfe Kraft und Inspiration aus den Impulsen, die die Karten offenbaren! Die Karten mit Goldrand und das Begleitbuch sind in einer edel gestalteten Box mit Magnet\u00f6ffnung und Goldpr\u00e4gung eingebettet.<\/p>\n<ul>\n<li>Kunstvoll gestalltete <strong>Wahrsage-Karten mit floralen Motiven<\/strong> &#8211; intuitiv zug\u00e4nglich, weisen sie die Zukunft<\/li>\n<li><strong>36 illustrierte Lenormand-Karten und 9 Zusatzkarten<\/strong> &#8211; alle <strong>mit edlem Goldrand<\/strong><\/li>\n<li>Ideal auch f\u00fcr Anf\u00e4nger: mit <strong>begleitendem Handbuch<\/strong>, das Legemuster erkl\u00e4rt und die Deutungen der Karten kompakt und vollst\u00e4ndig beschreibt<\/li>\n<li>Fantastisch ausgestattet: <strong>Box mit Goldpr\u00e4gung und Magnetverschluss<\/strong><\/li>\n<\/ul>\n<p>Jede Lenormand-Karte hat ihre eigene Bedeutung und Energie, die durch ihre Symbole und Bilder ausgedr\u00fcckt werden. Die Kunst besteht darin, die Karten auf eine Weise zu interpretieren, die hilft, uns selbst besser zu verstehen und uns auf den richtigen Weg zu f\u00fchren. Lass Dich inspirieren und von den Karten begleiten!<\/p>\n<p>&nbsp;<\/p>\n","protected":false},"excerpt":{"rendered":"<p>36+9 Wahrsage-Karten mit Begleitbuch<\/p>\n","protected":false},"featured_media":10593,"comment_status":"open","ping_status":"closed","template":"","meta":{"_links_to":"","_links_to_target":""},"pwb-brand":[2029],"product_brand":[],"product_cat":[892],"product_tag":[1060,2269,667,893,863],"class_list":{"0":"post-10592","1":"product","2":"type-product","3":"status-publish","4":"has-post-thumbnail","6":"pwb-brand-emf-edition-michael-fischer","7":"product_cat-wahrsagekarten","8":"product_tag-blumen","9":"product_tag-crisandra","10":"product_tag-kartendeck","11":"product_tag-lenormand","12":"product_tag-orakel","14":"first","15":"instock","16":"taxable","17":"shipping-taxable","18":"purchasable","19":"product-type-simple"},"blog_post_layout_featured_media_urls":{"thumbnail":["https:\/\/www.lebens-qi.at\/qishop\/wp-content\/uploads\/9783745921472-floralis-150x150.jpg",150,150,true],"full":["https:\/\/www.lebens-qi.at\/qishop\/wp-content\/uploads\/9783745921472-floralis.jpg",608,608,false]},"categories":["2029"],"categories_names":{"2029":{"name":"EMF - Edition Michael Fischer","link":"https:\/\/www.lebens-qi.at\/qishop\/brand\/emf-edition-michael-fischer\/"}},"comments_number":"0","brands":[{"id":2029,"name":"EMF - Edition Michael Fischer","slug":"emf-edition-michael-fischer"}],"_links":{"self":[{"href":"https:\/\/www.lebens-qi.at\/qishop\/wp-json\/wp\/v2\/product\/10592","targetHints":{"allow":["GET"]}}],"collection":[{"href":"https:\/\/www.lebens-qi.at\/qishop\/wp-json\/wp\/v2\/product"}],"about":[{"href":"https:\/\/www.lebens-qi.at\/qishop\/wp-json\/wp\/v2\/types\/product"}],"replies":[{"embeddable":true,"href":"https:\/\/www.lebens-qi.at\/qishop\/wp-json\/wp\/v2\/comments?post=10592"}],"wp:featuredmedia":[{"embeddable":true,"href":"https:\/\/www.lebens-qi.at\/qishop\/wp-json\/wp\/v2\/media\/10593"}],"wp:attachment":[{"href":"https:\/\/www.lebens-qi.at\/qishop\/wp-json\/wp\/v2\/media?parent=10592"}],"wp:term":[{"taxonomy":"pwb-brand","embeddable":true,"href":"https:\/\/www.lebens-qi.at\/qishop\/wp-json\/wp\/v2\/pwb-brand?post=10592"},{"taxonomy":"product_brand","embeddable":true,"href":"https:\/\/www.lebens-qi.at\/qishop\/wp-json\/wp\/v2\/product_brand?post=10592"},{"taxonomy":"product_cat","embeddable":true,"href":"https:\/\/www.lebens-qi.at\/qishop\/wp-json\/wp\/v2\/product_cat?post=10592"},{"taxonomy":"product_tag","embeddable":true,"href":"https:\/\/www.lebens-qi.at\/qishop\/wp-json\/wp\/v2\/product_tag?post=10592"}],"curies":[{"name":"wp","href":"https:\/\/api.w.org\/{rel}","templated":true}]}}