{"id":10598,"date":"2024-11-21T20:34:10","date_gmt":"2024-11-21T19:34:10","guid":{"rendered":"https:\/\/www.lebens-qi.at\/qishop\/?post_type=product&#038;p=10598"},"modified":"2024-12-12T14:50:57","modified_gmt":"2024-12-12T13:50:57","slug":"die-magie-der-kristalle-karten-set","status":"publish","type":"product","link":"https:\/\/www.lebens-qi.at\/qishop\/produkt\/die-magie-der-kristalle-karten-set\/","title":{"rendered":"Die Magie der Kristalle &#8211; Karten-Set"},"content":{"rendered":"<p><b>Kartenset: Die Magie der Kristalle<\/b><br \/>\n58 Orakelkarten mit Anleitungsbuch<br \/>\n<em>von Colette Baron-Reid<br \/>\n<\/em><\/p>\n<div class=\"coverText\">\n<div class=\"coverText\">\n<div class=\"coverText\">\n<p>Die international anerkannte spirituelle Lehrerin und Bestseller-Autorin Colette Baron-Reid bietet ein wundersch\u00f6n illustriertes Orakel-Kartenset mit 58 Kristallen. Von Aquamarin \u00fcber Saphir bis zum Rosenquarz &#8211; jeder der Kristalle wurde aufgrund seiner besonderen Heilkr\u00e4fte ausgew\u00e4hlt.<\/p>\n<p><strong>Lieben Sie Kristalle?<\/strong> Die heiligen Botschaften der 58 Kristalle in diesem Orakel sind dazu bestimmt, Ihnen zu helfen \u2013 Sie in schwierigen Zeiten wieder ins Gleichgewicht zu bringen, Sie auf Ihrem spirituellen Lebensweg in der Verwirklichung Ihrer Tr\u00e4ume zu unterst\u00fctzen und Weisheit und neue Lebenskraft zu erlangen.<br \/>\nLegenden \u00fcber die Heilkraft der Kristalle sind seit Jahrtausenden bekannt. Sie wurden von Heilern, Medizinm\u00e4nnern und -frauen sowie Schamanen \u00fcberliefert. Jeder Kristall ist ein Geschenk von Mutter Erde. Seine besondere Energie stabilisiert, heilt und erm\u00f6glicht uns die R\u00fcckkehr zum Gleichgewicht und Wohlbefinden. In diesem Orakel-Deck offenbart die Lebenslehrerin Colette Baron-Reid 58 magische Kristalle, die von der K\u00fcnstlerin Jena DellaGrottaglia atemberaubend dargestellt wurden.<\/p>\n<p>Mit den Botschaften und der Heilkraft der Kristalle kann jeder lernen, mit dem bewussten Universum in Verbindung zu treten und sein Schicksal selbst in die Hand zu nehmen.<\/p>\n<\/div>\n<\/div>\n<\/div>\n","protected":false},"excerpt":{"rendered":"<p>58 Orakelkarten mit Anleitungsbuch<\/p>\n","protected":false},"featured_media":10599,"comment_status":"open","ping_status":"closed","template":"","meta":{"_links_to":"","_links_to_target":""},"pwb-brand":[885],"product_brand":[],"product_cat":[862,1619],"product_tag":[1271,867,1390,870,667,1283,905],"class_list":{"0":"post-10598","1":"product","2":"type-product","3":"status-publish","4":"has-post-thumbnail","6":"pwb-brand-knaur-menssana","7":"product_cat-impulskarten","8":"product_cat-steinebuecher","9":"product_tag-botschaft","10":"product_tag-colette-baron-reid","11":"product_tag-heilkraft","12":"product_tag-heilsteine","13":"product_tag-kartendeck","14":"product_tag-kristalle","15":"product_tag-wirkung","17":"first","18":"instock","19":"taxable","20":"shipping-taxable","21":"purchasable","22":"product-type-simple"},"blog_post_layout_featured_media_urls":{"thumbnail":["https:\/\/www.lebens-qi.at\/qishop\/wp-content\/uploads\/9783426658703-magie-der-kristalle-150x150.jpg",150,150,true],"full":["https:\/\/www.lebens-qi.at\/qishop\/wp-content\/uploads\/9783426658703-magie-der-kristalle.jpg",648,648,false]},"categories":["885"],"categories_names":{"885":{"name":"Knaur Menssana","link":"https:\/\/www.lebens-qi.at\/qishop\/brand\/knaur-menssana\/"}},"comments_number":"0","brands":[{"id":885,"name":"Knaur Menssana","slug":"knaur-menssana"}],"_links":{"self":[{"href":"https:\/\/www.lebens-qi.at\/qishop\/wp-json\/wp\/v2\/product\/10598","targetHints":{"allow":["GET"]}}],"collection":[{"href":"https:\/\/www.lebens-qi.at\/qishop\/wp-json\/wp\/v2\/product"}],"about":[{"href":"https:\/\/www.lebens-qi.at\/qishop\/wp-json\/wp\/v2\/types\/product"}],"replies":[{"embeddable":true,"href":"https:\/\/www.lebens-qi.at\/qishop\/wp-json\/wp\/v2\/comments?post=10598"}],"wp:featuredmedia":[{"embeddable":true,"href":"https:\/\/www.lebens-qi.at\/qishop\/wp-json\/wp\/v2\/media\/10599"}],"wp:attachment":[{"href":"https:\/\/www.lebens-qi.at\/qishop\/wp-json\/wp\/v2\/media?parent=10598"}],"wp:term":[{"taxonomy":"pwb-brand","embeddable":true,"href":"https:\/\/www.lebens-qi.at\/qishop\/wp-json\/wp\/v2\/pwb-brand?post=10598"},{"taxonomy":"product_brand","embeddable":true,"href":"https:\/\/www.lebens-qi.at\/qishop\/wp-json\/wp\/v2\/product_brand?post=10598"},{"taxonomy":"product_cat","embeddable":true,"href":"https:\/\/www.lebens-qi.at\/qishop\/wp-json\/wp\/v2\/product_cat?post=10598"},{"taxonomy":"product_tag","embeddable":true,"href":"https:\/\/www.lebens-qi.at\/qishop\/wp-json\/wp\/v2\/product_tag?post=10598"}],"curies":[{"name":"wp","href":"https:\/\/api.w.org\/{rel}","templated":true}]}}