{"id":10607,"date":"2024-11-22T09:25:59","date_gmt":"2024-11-22T08:25:59","guid":{"rendered":"https:\/\/www.lebens-qi.at\/qishop\/?post_type=product&#038;p=10607"},"modified":"2024-12-10T10:56:39","modified_gmt":"2024-12-10T09:56:39","slug":"chakras-fuer-einsteiger","status":"publish","type":"product","link":"https:\/\/www.lebens-qi.at\/qishop\/produkt\/chakras-fuer-einsteiger\/","title":{"rendered":"Chakras f\u00fcr Einsteiger"},"content":{"rendered":"<p><b>Chakras f\u00fcr Einsteiger<\/b><br \/>\nMehr Energie f\u00fcr Gesundheit, Gl\u00fcck und innere Kraft<br \/>\n<em>von Victor Archuleta<br \/>\n<\/em><\/p>\n<p><strong>Das gut verst\u00e4ndliche Praxisbuch zur Chakraheilung<\/strong><\/p>\n<div class=\"coverText\">Chakras sind die Energiezentren des K\u00f6rpers und der Schl\u00fcssel zu k\u00f6rperlichem Wohlbefinden, einem stabilen Gef\u00fchlshaushalt und geistiger Klarheit. Dieses Buch stellt eine Vielzahl von Techniken und Wegen vor, mit denen man seine Chakras ins Gleichgewicht bringt, damit die Lebensenergie ungehindert flie\u00dfen kann. Dazu z\u00e4hlen Kundalini-Yoga, Meditation, Mantras, Heilsteine, Ern\u00e4hrung, Reiki oder Klang- und Farbtherapie. Jedes Chakra wird ausf\u00fchrlich portr\u00e4tiert und die einzelnen Techniken zu seiner Vitalisierung vorgestellt, sodass Einsteiger eine umfassende Praxisanleitung erhalten.<\/p>\n<ul>\n<li>Der praktische und einfache Einstieg in die Chakrenlehre f\u00fcr mehr k\u00f6rperliches, seelisches und geistiges Wohlbefinden<\/li>\n<li>Alle sieben Chakras im ausf\u00fchrlichen Portr\u00e4t und mit praktischen Methoden, sie zu harmonisieren<\/li>\n<li>Die wichtigsten Techniken und Wege um die Lebensenergie wieder ungehindert flie\u00dfen zu lassen<\/li>\n<li>Mit Kundalini-Yoga, Meditation, Mantras, Heilsteinen, Ern\u00e4hrung, Reiki oder Klang- und Farbtherapie k\u00f6nnen die Chakras ins Gleichgewicht gebracht werden<\/li>\n<li>Mit vielen vierfarbigen Fotos und Illustrationen ansprechend gestaltet<\/li>\n<li>Mit zahlreichen Techniken, Methoden und Tipps, um seine Energie ungehindert flie\u00dfen zu lassen: Meditation, Yoga, Mantras, Reiki, Farb- und Klangtherapie, Ern\u00e4hrung, Astrologie, Heilsteine und mehr<\/li>\n<\/ul>\n<p><strong>Ausstattung:<\/strong> durchgehend farbige Abbildungen<\/div>\n<p>&nbsp;<\/p>\n<p>&nbsp;<\/p>\n","protected":false},"excerpt":{"rendered":"<p>Mehr Energie f\u00fcr Gesundheit, Gl\u00fcck und innere Kraft<\/p>\n","protected":false},"featured_media":10608,"comment_status":"open","ping_status":"closed","template":"","meta":{"_links_to":"","_links_to_target":""},"pwb-brand":[1511],"product_brand":[],"product_cat":[804],"product_tag":[860,580,198,446,1430,2277,2275,546,595,870,2276,539,1305,831,2274,2278,158],"class_list":{"0":"post-10607","1":"product","2":"type-product","3":"status-publish","4":"has-post-thumbnail","6":"pwb-brand-bassermann","7":"product_cat-energiearbeit","8":"product_tag-astrologie","9":"product_tag-buch","10":"product_tag-chakra","11":"product_tag-chakren","12":"product_tag-energiezentren","13":"product_tag-ernaehrung","14":"product_tag-farbtherapie","15":"product_tag-gesundheit","16":"product_tag-glueck","17":"product_tag-heilsteine","18":"product_tag-klangtherapie","19":"product_tag-kraft","20":"product_tag-mantras","21":"product_tag-meditation","22":"product_tag-reiki","23":"product_tag-victor-archuleta","24":"product_tag-yoga","26":"first","27":"instock","28":"taxable","29":"shipping-taxable","30":"purchasable","31":"product-type-simple"},"blog_post_layout_featured_media_urls":{"thumbnail":["https:\/\/www.lebens-qi.at\/qishop\/wp-content\/uploads\/9783809443919-chakras-150x150.jpg",150,150,true],"full":["https:\/\/www.lebens-qi.at\/qishop\/wp-content\/uploads\/9783809443919-chakras.jpg",640,640,false]},"categories":["1511"],"categories_names":{"1511":{"name":"Bassermann","link":"https:\/\/www.lebens-qi.at\/qishop\/brand\/bassermann\/"}},"comments_number":"0","brands":[{"id":1511,"name":"Bassermann","slug":"bassermann"}],"_links":{"self":[{"href":"https:\/\/www.lebens-qi.at\/qishop\/wp-json\/wp\/v2\/product\/10607","targetHints":{"allow":["GET"]}}],"collection":[{"href":"https:\/\/www.lebens-qi.at\/qishop\/wp-json\/wp\/v2\/product"}],"about":[{"href":"https:\/\/www.lebens-qi.at\/qishop\/wp-json\/wp\/v2\/types\/product"}],"replies":[{"embeddable":true,"href":"https:\/\/www.lebens-qi.at\/qishop\/wp-json\/wp\/v2\/comments?post=10607"}],"wp:featuredmedia":[{"embeddable":true,"href":"https:\/\/www.lebens-qi.at\/qishop\/wp-json\/wp\/v2\/media\/10608"}],"wp:attachment":[{"href":"https:\/\/www.lebens-qi.at\/qishop\/wp-json\/wp\/v2\/media?parent=10607"}],"wp:term":[{"taxonomy":"pwb-brand","embeddable":true,"href":"https:\/\/www.lebens-qi.at\/qishop\/wp-json\/wp\/v2\/pwb-brand?post=10607"},{"taxonomy":"product_brand","embeddable":true,"href":"https:\/\/www.lebens-qi.at\/qishop\/wp-json\/wp\/v2\/product_brand?post=10607"},{"taxonomy":"product_cat","embeddable":true,"href":"https:\/\/www.lebens-qi.at\/qishop\/wp-json\/wp\/v2\/product_cat?post=10607"},{"taxonomy":"product_tag","embeddable":true,"href":"https:\/\/www.lebens-qi.at\/qishop\/wp-json\/wp\/v2\/product_tag?post=10607"}],"curies":[{"name":"wp","href":"https:\/\/api.w.org\/{rel}","templated":true}]}}