{"id":10612,"date":"2024-11-22T09:49:03","date_gmt":"2024-11-22T08:49:03","guid":{"rendered":"https:\/\/www.lebens-qi.at\/qishop\/?post_type=product&#038;p=10612"},"modified":"2026-01-26T20:25:32","modified_gmt":"2026-01-26T19:25:32","slug":"orakel-der-aufgestiegenen-meister-karten","status":"publish","type":"product","link":"https:\/\/www.lebens-qi.at\/qishop\/produkt\/orakel-der-aufgestiegenen-meister-karten\/","title":{"rendered":"Orakel der Aufgestiegenen Meister &#8211; Karten"},"content":{"rendered":"<p><b>Karten: Orakel der Aufgestiegenen Meister<\/b><br \/>\n44 Karten und Begleitbuch<br \/>\n<em>von Kyle Gray<br \/>\n<\/em><\/p>\n<div class=\"coverText\">\n<p><b>G\u00f6ttlicher Beistand f\u00fcr alle Aspekte des Lebens<\/b><\/p>\n<p>Mit diesem Kartenset bringt uns der beliebte Engel-Experte und Bestsellerautor Kyle Gray die Botschaften der Aufgestiegenen Meister n\u00e4her. Diese erleuchteten Seelen bieten uns Schutz und Orientierung auf dem spirituellen Weg. Jedes der auf den 44 Karten dargestellten Wesen, wie Buddha, Maria Magdalena oder Gaia, kann uns bei bestimmten Aspekten unseres Lebens unterst\u00fctzen. So helfen uns Lakshmi und Ganesha ein Leben in F\u00fclle zu generieren, w\u00e4hrend die Atlanter unsere Entschlossenheit st\u00e4rken, wichtige Vorhaben umzusetzen. Im Begleitbuch erfahren wir mehr \u00fcber die Hintergr\u00fcnde und Lehren der Meister sowie das Legen der Karten.<\/p>\n<ul>\n<li>Kyle Gray ist einer der weltweit angesagtesten spirituellen Lehrer mit einer stetig wachsenden Fanbase im deutschsprachigen Raum<\/li>\n<li>Altes spirituelles Wissen modern und spielerisch im beliebten Orakelformat aufbereitet<\/li>\n<li>44 Karten mit liebevoll illustrierten Portr\u00e4ts der g\u00f6ttlichen Wesen<\/li>\n<\/ul>\n<p><strong>Ausstattung:<\/strong>\u00a0 44 Karten und Begleitbuch<\/div>\n","protected":false},"excerpt":{"rendered":"<p>44 Karten und Begleitbuch<\/p>\n","protected":false},"featured_media":10613,"comment_status":"open","ping_status":"closed","template":"","meta":{"_links_to":"","_links_to_target":""},"pwb-brand":[894],"product_brand":[],"product_cat":[862],"product_tag":[2283,873,734,2084,667,876,1263,863],"class_list":{"0":"post-10612","1":"product","2":"type-product","3":"status-publish","4":"has-post-thumbnail","6":"pwb-brand-irisiana","7":"product_cat-impulskarten","8":"product_tag-aufgestiegene-meister","9":"product_tag-botschaften","10":"product_tag-buddha","11":"product_tag-gaia","12":"product_tag-kartendeck","13":"product_tag-kyle-gray","14":"product_tag-lakshmi","15":"product_tag-orakel","17":"first","18":"outofstock","19":"taxable","20":"shipping-taxable","21":"purchasable","22":"product-type-simple"},"blog_post_layout_featured_media_urls":{"thumbnail":["https:\/\/www.lebens-qi.at\/qishop\/wp-content\/uploads\/4250939900162-aufgestiegene-meister-150x150.jpg",150,150,true],"full":["https:\/\/www.lebens-qi.at\/qishop\/wp-content\/uploads\/4250939900162-aufgestiegene-meister.jpg",491,491,false]},"categories":["894"],"categories_names":{"894":{"name":"Irisiana","link":"https:\/\/www.lebens-qi.at\/qishop\/brand\/irisiana\/"}},"comments_number":"0","brands":[{"id":894,"name":"Irisiana","slug":"irisiana"}],"_links":{"self":[{"href":"https:\/\/www.lebens-qi.at\/qishop\/wp-json\/wp\/v2\/product\/10612","targetHints":{"allow":["GET"]}}],"collection":[{"href":"https:\/\/www.lebens-qi.at\/qishop\/wp-json\/wp\/v2\/product"}],"about":[{"href":"https:\/\/www.lebens-qi.at\/qishop\/wp-json\/wp\/v2\/types\/product"}],"replies":[{"embeddable":true,"href":"https:\/\/www.lebens-qi.at\/qishop\/wp-json\/wp\/v2\/comments?post=10612"}],"wp:featuredmedia":[{"embeddable":true,"href":"https:\/\/www.lebens-qi.at\/qishop\/wp-json\/wp\/v2\/media\/10613"}],"wp:attachment":[{"href":"https:\/\/www.lebens-qi.at\/qishop\/wp-json\/wp\/v2\/media?parent=10612"}],"wp:term":[{"taxonomy":"pwb-brand","embeddable":true,"href":"https:\/\/www.lebens-qi.at\/qishop\/wp-json\/wp\/v2\/pwb-brand?post=10612"},{"taxonomy":"product_brand","embeddable":true,"href":"https:\/\/www.lebens-qi.at\/qishop\/wp-json\/wp\/v2\/product_brand?post=10612"},{"taxonomy":"product_cat","embeddable":true,"href":"https:\/\/www.lebens-qi.at\/qishop\/wp-json\/wp\/v2\/product_cat?post=10612"},{"taxonomy":"product_tag","embeddable":true,"href":"https:\/\/www.lebens-qi.at\/qishop\/wp-json\/wp\/v2\/product_tag?post=10612"}],"curies":[{"name":"wp","href":"https:\/\/api.w.org\/{rel}","templated":true}]}}