{"id":10621,"date":"2024-11-22T23:32:29","date_gmt":"2024-11-22T22:32:29","guid":{"rendered":"https:\/\/www.lebens-qi.at\/qishop\/?post_type=product&#038;p=10621"},"modified":"2025-02-28T17:04:26","modified_gmt":"2025-02-28T16:04:26","slug":"grosse-amethystdruse-401-gf","status":"publish","type":"product","link":"https:\/\/www.lebens-qi.at\/qishop\/produkt\/grosse-amethystdruse-401-gf\/","title":{"rendered":"Gro\u00dfe Amethystdruse #401-SF"},"content":{"rendered":"<p><b> Gro\u00dfe Amethystdruse <\/b><br \/>\nSchnittfl\u00e4che poliert<\/p>\n<p>Diese Amethystdruse aus Brasilien ist danke der besonders gleichm\u00e4\u00dfigen Form und ihrer kleinen glitzernden Kristallen ein tolles Sammlerst\u00fcck und ein faszinierender Blickfang in jeder Wohnung. <b><\/b><\/p>\n<p><strong>Gr\u00f6\u00dfe<\/strong> (Breite x H\u00f6he x Tiefe):<br \/>\nDie Druse ist ca. 32 x 35 x 17 cm gro\u00df.<\/p>\n<p><b>Gewicht:<\/b><br \/>\nca. 21,62 kg<\/p>\n<p><b>Farbe: <\/b><br \/>\nviolette Kristalle<\/p>\n<p><b>Herkunft: <\/b><br \/>\nBrasilien<\/p>\n<p><b>Sie erhalten genau diese Druse! Aktueller Standort: Lebens-Qi Saalfelden<\/b><\/p>\n<p><em>Lieferumfang 1 St\u00fcck<br \/>\nSie erhalten genau diesen Amethysten vom Foto. Zwischenzeitlicher Verkauf vorbehalten. Bitte beachten Sie, dass die Wiedergabe der Farbe auf jedem Bildschirm anders aussieht. Gerne k\u00f6nnen unsere Amethystdrusen vor dem Kauf bei uns besichtigt werden! <\/em><\/p>\n","protected":false},"excerpt":{"rendered":"<p>gleichm\u00e4\u00dfig geformte Druse<\/p>\n","protected":false},"featured_media":10622,"comment_status":"closed","ping_status":"closed","template":"","meta":{"_links_to":"","_links_to_target":""},"pwb-brand":[114],"product_brand":[],"product_cat":[80],"product_tag":[81,2248,2284,82,1663,120,2247],"class_list":{"0":"post-10621","1":"product","2":"type-product","3":"status-publish","4":"has-post-thumbnail","6":"pwb-brand-lebens-qi-kraft-der-steine","7":"product_cat-drusen","8":"product_tag-amethyst","9":"product_tag-amethystdruse","10":"product_tag-amethystgeode","11":"product_tag-druse","12":"product_tag-geode","13":"product_tag-kristall","14":"product_tag-standort-saalfelden","15":"pa_herkunft-brasilien","17":"first","18":"instock","19":"sold-individually","20":"taxable","21":"shipping-taxable","22":"purchasable","23":"product-type-simple"},"blog_post_layout_featured_media_urls":{"thumbnail":["https:\/\/www.lebens-qi.at\/qishop\/wp-content\/uploads\/amethyst-401-150x150.jpg",150,150,true],"full":["https:\/\/www.lebens-qi.at\/qishop\/wp-content\/uploads\/amethyst-401.jpg",1100,1100,false]},"categories":["114"],"categories_names":{"114":{"name":"Lebens-Qi Kraft der Steine","link":"https:\/\/www.lebens-qi.at\/qishop\/brand\/lebens-qi-kraft-der-steine\/"}},"comments_number":"0","brands":[{"id":114,"name":"Lebens-Qi Kraft der Steine","slug":"lebens-qi-kraft-der-steine"}],"_links":{"self":[{"href":"https:\/\/www.lebens-qi.at\/qishop\/wp-json\/wp\/v2\/product\/10621","targetHints":{"allow":["GET"]}}],"collection":[{"href":"https:\/\/www.lebens-qi.at\/qishop\/wp-json\/wp\/v2\/product"}],"about":[{"href":"https:\/\/www.lebens-qi.at\/qishop\/wp-json\/wp\/v2\/types\/product"}],"replies":[{"embeddable":true,"href":"https:\/\/www.lebens-qi.at\/qishop\/wp-json\/wp\/v2\/comments?post=10621"}],"wp:featuredmedia":[{"embeddable":true,"href":"https:\/\/www.lebens-qi.at\/qishop\/wp-json\/wp\/v2\/media\/10622"}],"wp:attachment":[{"href":"https:\/\/www.lebens-qi.at\/qishop\/wp-json\/wp\/v2\/media?parent=10621"}],"wp:term":[{"taxonomy":"pwb-brand","embeddable":true,"href":"https:\/\/www.lebens-qi.at\/qishop\/wp-json\/wp\/v2\/pwb-brand?post=10621"},{"taxonomy":"product_brand","embeddable":true,"href":"https:\/\/www.lebens-qi.at\/qishop\/wp-json\/wp\/v2\/product_brand?post=10621"},{"taxonomy":"product_cat","embeddable":true,"href":"https:\/\/www.lebens-qi.at\/qishop\/wp-json\/wp\/v2\/product_cat?post=10621"},{"taxonomy":"product_tag","embeddable":true,"href":"https:\/\/www.lebens-qi.at\/qishop\/wp-json\/wp\/v2\/product_tag?post=10621"}],"curies":[{"name":"wp","href":"https:\/\/api.w.org\/{rel}","templated":true}]}}