{"id":10685,"date":"2024-11-23T15:20:35","date_gmt":"2024-11-23T14:20:35","guid":{"rendered":"https:\/\/www.lebens-qi.at\/qishop\/?post_type=product&#038;p=10685"},"modified":"2026-01-20T19:20:04","modified_gmt":"2026-01-20T18:20:04","slug":"guter-schlaf-raeucherkegel","status":"publish","type":"product","link":"https:\/\/www.lebens-qi.at\/qishop\/produkt\/guter-schlaf-raeucherkegel\/","title":{"rendered":"Guter Schlaf R\u00e4ucherkegel"},"content":{"rendered":"<p><strong>Guter Schlaf R\u00e4ucherkegel<\/strong><br \/>\n<em>100% nat\u00fcrlich, aus Schlafnuss, Lavendel &amp; Myrrhe<\/em><\/p>\n<p>Maidaln\u00fcsse verbunden mit duftendem Lavendel und balsamischer Myrrhe schenken uns eine \u00e4therische Wolke f\u00fcr tiefe Entspannung und sanftes Hineinschweben ins Traumland.<\/p>\n<h3><span style=\"color: #ffcc00;\">~~~ Holy Smokes R\u00e4ucherpyramiden ~~~<\/span><\/h3>\n<p>Eine Masala-Paste aus nat\u00fcrlichen Zutaten wird per Hand zu Pyramiden-Kegel geformt. Diese strahlen so schon eine mystische Atmosph\u00e4re aus. Lass dich entf\u00fchren in die magische Welt der fabelhaften Duftkreationen!<\/p>\n<p><em>P\u00e4ckchen enth\u00e4lt 8 Pyramiden-Kegel (20 g) und einen kleinen Keramikhalter.<\/em><\/p>\n<p>&nbsp;<\/p>\n","protected":false},"excerpt":{"rendered":"<p>naturreine R\u00e4ucherpyramiden f\u00fcr Entspannung &amp; Meditation<\/p>\n","protected":false},"featured_media":10687,"comment_status":"open","ping_status":"closed","template":"","meta":{"_links_to":"","_links_to_target":""},"pwb-brand":[307],"product_brand":[],"product_cat":[711],"product_tag":[1044,681,225,415,701,2290,1043],"class_list":{"0":"post-10685","1":"product","2":"type-product","3":"status-publish","4":"has-post-thumbnail","6":"pwb-brand-berk","7":"product_cat-holy-smokes","8":"product_tag-guter-schlaf","9":"product_tag-holy-smokes","10":"product_tag-lavendel","11":"product_tag-myrrhe","12":"product_tag-raeucherkegel","13":"product_tag-raeucherpyramiden","14":"product_tag-schlafnuss","16":"first","17":"instock","18":"taxable","19":"shipping-taxable","20":"purchasable","21":"product-type-simple"},"blog_post_layout_featured_media_urls":{"thumbnail":["https:\/\/www.lebens-qi.at\/qishop\/wp-content\/uploads\/HS-103-K_1-guter-schlaf-150x150.jpg",150,150,true],"full":["https:\/\/www.lebens-qi.at\/qishop\/wp-content\/uploads\/HS-103-K_1-guter-schlaf.jpg",800,800,false]},"categories":["307"],"categories_names":{"307":{"name":"Berk","link":"https:\/\/www.lebens-qi.at\/qishop\/brand\/berk\/"}},"comments_number":"0","brands":[{"id":307,"name":"Berk","slug":"berk"}],"_links":{"self":[{"href":"https:\/\/www.lebens-qi.at\/qishop\/wp-json\/wp\/v2\/product\/10685","targetHints":{"allow":["GET"]}}],"collection":[{"href":"https:\/\/www.lebens-qi.at\/qishop\/wp-json\/wp\/v2\/product"}],"about":[{"href":"https:\/\/www.lebens-qi.at\/qishop\/wp-json\/wp\/v2\/types\/product"}],"replies":[{"embeddable":true,"href":"https:\/\/www.lebens-qi.at\/qishop\/wp-json\/wp\/v2\/comments?post=10685"}],"wp:featuredmedia":[{"embeddable":true,"href":"https:\/\/www.lebens-qi.at\/qishop\/wp-json\/wp\/v2\/media\/10687"}],"wp:attachment":[{"href":"https:\/\/www.lebens-qi.at\/qishop\/wp-json\/wp\/v2\/media?parent=10685"}],"wp:term":[{"taxonomy":"pwb-brand","embeddable":true,"href":"https:\/\/www.lebens-qi.at\/qishop\/wp-json\/wp\/v2\/pwb-brand?post=10685"},{"taxonomy":"product_brand","embeddable":true,"href":"https:\/\/www.lebens-qi.at\/qishop\/wp-json\/wp\/v2\/product_brand?post=10685"},{"taxonomy":"product_cat","embeddable":true,"href":"https:\/\/www.lebens-qi.at\/qishop\/wp-json\/wp\/v2\/product_cat?post=10685"},{"taxonomy":"product_tag","embeddable":true,"href":"https:\/\/www.lebens-qi.at\/qishop\/wp-json\/wp\/v2\/product_tag?post=10685"}],"curies":[{"name":"wp","href":"https:\/\/api.w.org\/{rel}","templated":true}]}}