{"id":10720,"date":"2024-11-23T18:36:01","date_gmt":"2024-11-23T17:36:01","guid":{"rendered":"https:\/\/www.lebens-qi.at\/qishop\/?post_type=product&#038;p=10720"},"modified":"2025-01-01T23:00:08","modified_gmt":"2025-01-01T22:00:08","slug":"amethystdruse-409-gf","status":"publish","type":"product","link":"https:\/\/www.lebens-qi.at\/qishop\/produkt\/amethystdruse-409-gf\/","title":{"rendered":"Amethystdruse #409-GF"},"content":{"rendered":"<p><b> Amethystdruse<\/b><br \/>\nSchnittfl\u00e4che poliert<\/p>\n<p>Diese eher kleinere Amethystdruse aus Brasilien hat sch\u00f6ne funkelnde Kristalle und eine sehr ansprechende Form. Ihre Kristallh\u00f6hle eignet sich auch als Lade-Geode f\u00fcr andere Steine.<\/p>\n<p><strong>Gr\u00f6\u00dfe<\/strong> (Breite x H\u00f6he x Tiefe):<br \/>\nDie Druse ist ca. 18,5 x 23,5 x 13,5 cm gro\u00df.<\/p>\n<p><b>Gewicht:<\/b><br \/>\nca. 4,9 kg<\/p>\n<p><b>Farbe: <\/b><br \/>\nviolette Kristalle<\/p>\n<p><b>Herkunft: <\/b><br \/>\nBrasilien<\/p>\n<p><b>Sie erhalten genau diese Druse! Aktueller Standort: Lebens-Qi G\u00e4nserndorf<\/b><\/p>\n<p><em>Lieferumfang 1 St\u00fcck<br \/>\nSie erhalten genau diesen Amethysten vom Foto. Zwischenzeitlicher Verkauf vorbehalten. Bitte beachten Sie, dass die Wiedergabe der Farbe auf jedem Bildschirm anders aussieht. Gerne k\u00f6nnen unsere Amethystdrusen vor dem Kauf bei uns besichtigt werden! <\/em><\/p>\n","protected":false},"excerpt":{"rendered":"<p>kleinere Druse mit sch\u00f6ner Form<\/p>\n","protected":false},"featured_media":10721,"comment_status":"closed","ping_status":"closed","template":"","meta":{"_links_to":"","_links_to_target":""},"pwb-brand":[114],"product_brand":[],"product_cat":[80],"product_tag":[81,2248,2284,82,1663,120,2249],"class_list":{"0":"post-10720","1":"product","2":"type-product","3":"status-publish","4":"has-post-thumbnail","6":"pwb-brand-lebens-qi-kraft-der-steine","7":"product_cat-drusen","8":"product_tag-amethyst","9":"product_tag-amethystdruse","10":"product_tag-amethystgeode","11":"product_tag-druse","12":"product_tag-geode","13":"product_tag-kristall","14":"product_tag-standort-gaenserndorf","15":"pa_herkunft-brasilien","17":"first","18":"outofstock","19":"sold-individually","20":"taxable","21":"shipping-taxable","22":"purchasable","23":"product-type-simple"},"blog_post_layout_featured_media_urls":{"thumbnail":["https:\/\/www.lebens-qi.at\/qishop\/wp-content\/uploads\/amethyst-409-150x150.jpg",150,150,true],"full":["https:\/\/www.lebens-qi.at\/qishop\/wp-content\/uploads\/amethyst-409.jpg",1100,1100,false]},"categories":["114"],"categories_names":{"114":{"name":"Lebens-Qi Kraft der Steine","link":"https:\/\/www.lebens-qi.at\/qishop\/brand\/lebens-qi-kraft-der-steine\/"}},"comments_number":"0","brands":[{"id":114,"name":"Lebens-Qi Kraft der Steine","slug":"lebens-qi-kraft-der-steine"}],"_links":{"self":[{"href":"https:\/\/www.lebens-qi.at\/qishop\/wp-json\/wp\/v2\/product\/10720","targetHints":{"allow":["GET"]}}],"collection":[{"href":"https:\/\/www.lebens-qi.at\/qishop\/wp-json\/wp\/v2\/product"}],"about":[{"href":"https:\/\/www.lebens-qi.at\/qishop\/wp-json\/wp\/v2\/types\/product"}],"replies":[{"embeddable":true,"href":"https:\/\/www.lebens-qi.at\/qishop\/wp-json\/wp\/v2\/comments?post=10720"}],"wp:featuredmedia":[{"embeddable":true,"href":"https:\/\/www.lebens-qi.at\/qishop\/wp-json\/wp\/v2\/media\/10721"}],"wp:attachment":[{"href":"https:\/\/www.lebens-qi.at\/qishop\/wp-json\/wp\/v2\/media?parent=10720"}],"wp:term":[{"taxonomy":"pwb-brand","embeddable":true,"href":"https:\/\/www.lebens-qi.at\/qishop\/wp-json\/wp\/v2\/pwb-brand?post=10720"},{"taxonomy":"product_brand","embeddable":true,"href":"https:\/\/www.lebens-qi.at\/qishop\/wp-json\/wp\/v2\/product_brand?post=10720"},{"taxonomy":"product_cat","embeddable":true,"href":"https:\/\/www.lebens-qi.at\/qishop\/wp-json\/wp\/v2\/product_cat?post=10720"},{"taxonomy":"product_tag","embeddable":true,"href":"https:\/\/www.lebens-qi.at\/qishop\/wp-json\/wp\/v2\/product_tag?post=10720"}],"curies":[{"name":"wp","href":"https:\/\/api.w.org\/{rel}","templated":true}]}}