{"id":10728,"date":"2024-11-23T18:49:27","date_gmt":"2024-11-23T17:49:27","guid":{"rendered":"https:\/\/www.lebens-qi.at\/qishop\/?post_type=product&#038;p=10728"},"modified":"2025-02-28T17:10:13","modified_gmt":"2025-02-28T16:10:13","slug":"amethystdruse-mit-achatrand-410-gf","status":"publish","type":"product","link":"https:\/\/www.lebens-qi.at\/qishop\/produkt\/amethystdruse-mit-achatrand-410-gf\/","title":{"rendered":"Amethystdruse mit Achatrand #410-SF"},"content":{"rendered":"<p><b> Amethystdruse mit dickem Achatrand <\/b><br \/>\nSchnittfl\u00e4che poliert<\/p>\n<p>Diese Amethystdruse aus Brasilien hat einen relativ dicken, blaugrau geb\u00e4nderten Achatrand. Dies und die fast pyramidenartige Form machen diese Geode zu einem faszinierenden Blickfang und unterscheiden sie optisch doch sehr von den \u00fcblichen Amethystdrusen. Kompakte Gr\u00f6\u00dfe, doch wegen des Achats etwas h\u00f6heres Gewicht.<\/p>\n<p><strong>Gr\u00f6\u00dfe<\/strong> (Breite x H\u00f6he x Tiefe):<br \/>\nDie Druse ist ca. 23 x 20,5 x 15,5 cm gro\u00df.<\/p>\n<p><b>Gewicht:<\/b><br \/>\nca. 6 kg<\/p>\n<p><b>Farbe: <\/b><br \/>\ngrauviolette Kristalle<\/p>\n<p><b>Herkunft: <\/b><br \/>\nBrasilien<\/p>\n<p><b>Sie erhalten genau diese Druse! Aktueller Standort: Lebens-Qi Saalfelden<\/b><\/p>\n<p><em>Lieferumfang 1 St\u00fcck<br \/>\nSie erhalten genau diesen Amethysten vom Foto. Zwischenzeitlicher Verkauf vorbehalten. Bitte beachten Sie, dass die Wiedergabe der Farbe auf jedem Bildschirm anders aussieht. Gerne k\u00f6nnen unsere Amethystdrusen vor dem Kauf bei uns besichtigt werden! <\/em><\/p>\n","protected":false},"excerpt":{"rendered":"<p>faszinierende Druse in pyramidenartiger Form<\/p>\n","protected":false},"featured_media":10729,"comment_status":"closed","ping_status":"closed","template":"","meta":{"_links_to":"","_links_to_target":""},"pwb-brand":[114],"product_brand":[],"product_cat":[80],"product_tag":[569,2291,81,2248,2284,82,1663,120,2247],"class_list":{"0":"post-10728","1":"product","2":"type-product","3":"status-publish","4":"has-post-thumbnail","6":"pwb-brand-lebens-qi-kraft-der-steine","7":"product_cat-drusen","8":"product_tag-achat","9":"product_tag-achatgeode","10":"product_tag-amethyst","11":"product_tag-amethystdruse","12":"product_tag-amethystgeode","13":"product_tag-druse","14":"product_tag-geode","15":"product_tag-kristall","16":"product_tag-standort-saalfelden","17":"pa_herkunft-brasilien","19":"first","20":"instock","21":"sold-individually","22":"taxable","23":"shipping-taxable","24":"purchasable","25":"product-type-simple"},"blog_post_layout_featured_media_urls":{"thumbnail":["https:\/\/www.lebens-qi.at\/qishop\/wp-content\/uploads\/amethyst-410-150x150.jpg",150,150,true],"full":["https:\/\/www.lebens-qi.at\/qishop\/wp-content\/uploads\/amethyst-410.jpg",1100,1100,false]},"categories":["114"],"categories_names":{"114":{"name":"Lebens-Qi Kraft der Steine","link":"https:\/\/www.lebens-qi.at\/qishop\/brand\/lebens-qi-kraft-der-steine\/"}},"comments_number":"0","brands":[{"id":114,"name":"Lebens-Qi Kraft der Steine","slug":"lebens-qi-kraft-der-steine"}],"_links":{"self":[{"href":"https:\/\/www.lebens-qi.at\/qishop\/wp-json\/wp\/v2\/product\/10728","targetHints":{"allow":["GET"]}}],"collection":[{"href":"https:\/\/www.lebens-qi.at\/qishop\/wp-json\/wp\/v2\/product"}],"about":[{"href":"https:\/\/www.lebens-qi.at\/qishop\/wp-json\/wp\/v2\/types\/product"}],"replies":[{"embeddable":true,"href":"https:\/\/www.lebens-qi.at\/qishop\/wp-json\/wp\/v2\/comments?post=10728"}],"wp:featuredmedia":[{"embeddable":true,"href":"https:\/\/www.lebens-qi.at\/qishop\/wp-json\/wp\/v2\/media\/10729"}],"wp:attachment":[{"href":"https:\/\/www.lebens-qi.at\/qishop\/wp-json\/wp\/v2\/media?parent=10728"}],"wp:term":[{"taxonomy":"pwb-brand","embeddable":true,"href":"https:\/\/www.lebens-qi.at\/qishop\/wp-json\/wp\/v2\/pwb-brand?post=10728"},{"taxonomy":"product_brand","embeddable":true,"href":"https:\/\/www.lebens-qi.at\/qishop\/wp-json\/wp\/v2\/product_brand?post=10728"},{"taxonomy":"product_cat","embeddable":true,"href":"https:\/\/www.lebens-qi.at\/qishop\/wp-json\/wp\/v2\/product_cat?post=10728"},{"taxonomy":"product_tag","embeddable":true,"href":"https:\/\/www.lebens-qi.at\/qishop\/wp-json\/wp\/v2\/product_tag?post=10728"}],"curies":[{"name":"wp","href":"https:\/\/api.w.org\/{rel}","templated":true}]}}