{"id":1076,"date":"2024-02-14T11:42:18","date_gmt":"2024-02-14T10:42:18","guid":{"rendered":"https:\/\/www.lebens-qi.at\/qishop\/produkt\/yellow-energy-citrin-spray\/"},"modified":"2025-02-20T16:15:04","modified_gmt":"2025-02-20T15:15:04","slug":"yellow-energy-citrin-spray","status":"publish","type":"product","link":"https:\/\/www.lebens-qi.at\/qishop\/produkt\/yellow-energy-citrin-spray\/","title":{"rendered":"Yellow Energy &#8211; Citrin Spray"},"content":{"rendered":"<p><b>HEALING CRYSTALS<br \/>\nCitrin<\/p>\n<p><em>YELLOW ENERGY<\/em><br \/>\n<\/b>zum Energetisieren von Steinen, R\u00e4umen oder der Aura mit gelbem Prana<\/p>\n<p><b>Immortelle &amp; Kurkuma<\/p>\n<p><\/b>Dieser Spray kann auf <b>gelbe Steine<\/b> (wie z.B. Citrin, Goldtopas, heller Bernstein, etc.) gespr\u00fcht werden, um die energetische Wirkung der Farbschwingung zu verst\u00e4rken.<br \/>\nGelber Energie wird nachgesagt, dass sie den Wohlstand f\u00f6rdert und eine st\u00e4rkende Wirkung auf den Mentalk\u00f6rper hat.<br \/>\nDaher kann dieser Spray auch als Raum- oder Auraspray <b>f\u00fcr Erdung, Wohlstand &amp; Mentalkraft <\/b>verwendet werden.<\/p>\n<p><b>Inhaltsstoffe:<\/b><br \/>\nWodka (37,5 % Vol.), Wasser, <b>naturreine \u00e4therische \u00d6le (u.a. Immortelle, Kurkuma, Rainfarn,&#8230;)<\/b>, energetisiertes <b>Citrinwasser<\/p>\n<p>Inhalt:<br \/>\n<\/b>50 ml in Miron-Violettglasflasche (optimaler energetischer Schutz f\u00fcr den Inhalt)<\/p>\n<p><b>Healing Crystals Aura- und Raumsprays<\/b> werden sehr achtsam nach eigenen Rezepturen gemischt und h\u00e4ndisch abgef\u00fcllt.<br \/>\n<b>Mit Liebe zum Produkt in \u00d6sterreich hergestellt.<\/p>\n<p>Hinweis:<\/b> Wenn Sie das leere Fl\u00e4schchen nicht ben\u00f6tigen, geben Sie bitte die Violettglasflaschen bei uns zur\u00fcck, wir verwenden die Flaschen weiter!<\/p>\n","protected":false},"excerpt":{"rendered":"<p>zur Energetisierung von Steinen, R\u00e4umen oder der Aura mit gelbem Prana<\/p>\n","protected":false},"featured_media":2817,"comment_status":"open","ping_status":"closed","template":"","meta":{"_links_to":"","_links_to_target":""},"pwb-brand":[161],"product_brand":[],"product_cat":[162,205],"product_tag":[157,193,120,200,203,202,201],"class_list":{"0":"post-1076","1":"product","2":"type-product","3":"status-publish","4":"has-post-thumbnail","6":"pwb-brand-lebens-qi","7":"product_cat-aurasprays","8":"product_cat-healing-crystals-farbprana-sprays","9":"product_tag-auraspray","10":"product_tag-edelstein","11":"product_tag-kristall","12":"product_tag-lebens-qi","13":"product_tag-pranaspray","14":"product_tag-pranic-energy-healing","15":"product_tag-raumspray","17":"first","18":"instock","19":"taxable","20":"shipping-taxable","21":"purchasable","22":"product-type-simple"},"blog_post_layout_featured_media_urls":{"thumbnail":["https:\/\/www.lebens-qi.at\/qishop\/wp-content\/uploads\/6-2-150x150.png",150,150,true],"full":["https:\/\/www.lebens-qi.at\/qishop\/wp-content\/uploads\/6-2.png",1080,1080,false]},"categories":["161"],"categories_names":{"161":{"name":"LEBENS-QI","link":"https:\/\/www.lebens-qi.at\/qishop\/brand\/lebens-qi\/"}},"comments_number":"0","brands":[{"id":161,"name":"LEBENS-QI","slug":"lebens-qi"}],"_links":{"self":[{"href":"https:\/\/www.lebens-qi.at\/qishop\/wp-json\/wp\/v2\/product\/1076","targetHints":{"allow":["GET"]}}],"collection":[{"href":"https:\/\/www.lebens-qi.at\/qishop\/wp-json\/wp\/v2\/product"}],"about":[{"href":"https:\/\/www.lebens-qi.at\/qishop\/wp-json\/wp\/v2\/types\/product"}],"replies":[{"embeddable":true,"href":"https:\/\/www.lebens-qi.at\/qishop\/wp-json\/wp\/v2\/comments?post=1076"}],"wp:featuredmedia":[{"embeddable":true,"href":"https:\/\/www.lebens-qi.at\/qishop\/wp-json\/wp\/v2\/media\/2817"}],"wp:attachment":[{"href":"https:\/\/www.lebens-qi.at\/qishop\/wp-json\/wp\/v2\/media?parent=1076"}],"wp:term":[{"taxonomy":"pwb-brand","embeddable":true,"href":"https:\/\/www.lebens-qi.at\/qishop\/wp-json\/wp\/v2\/pwb-brand?post=1076"},{"taxonomy":"product_brand","embeddable":true,"href":"https:\/\/www.lebens-qi.at\/qishop\/wp-json\/wp\/v2\/product_brand?post=1076"},{"taxonomy":"product_cat","embeddable":true,"href":"https:\/\/www.lebens-qi.at\/qishop\/wp-json\/wp\/v2\/product_cat?post=1076"},{"taxonomy":"product_tag","embeddable":true,"href":"https:\/\/www.lebens-qi.at\/qishop\/wp-json\/wp\/v2\/product_tag?post=1076"}],"curies":[{"name":"wp","href":"https:\/\/api.w.org\/{rel}","templated":true}]}}