{"id":1080,"date":"2024-02-14T11:42:22","date_gmt":"2024-02-14T10:42:22","guid":{"rendered":"https:\/\/www.lebens-qi.at\/qishop\/produkt\/schutz-turmalin-spray-50-ml\/"},"modified":"2025-05-05T20:11:03","modified_gmt":"2025-05-05T18:11:03","slug":"schutz-turmalin-spray","status":"publish","type":"product","link":"https:\/\/www.lebens-qi.at\/qishop\/produkt\/schutz-turmalin-spray\/","title":{"rendered":"Schutz &#8211; Turmalin Spray"},"content":{"rendered":"<p><b>HEALING CRYSTALS<\/b><\/p>\n<p>Turmalin<\/p>\n<p><em>SCHUTZ<\/em><\/p>\n<p>f\u00fcr energetischen Schutz von Steinen, R\u00e4umen oder der Aura<\/p>\n<p><b>Zitrone &amp; Salbei<\/b><\/p>\n<p>Dieser Spray hilft einen energetischen Schutz aufzubauen und st\u00e4rkt auf Steine gespr\u00fcht deren Schutzwirkung. F\u00fcr einen besonders starken Auraschutz empfehlen wir, den Spray einerseits allgemein im Energiefeld zu verspr\u00fchen und zus\u00e4tzlich gezielt in das Solarplexus-Chakra zu spr\u00fchen. Im Spray enthalten ist gr\u00fcnes und oranges Prana &#8211; wodurch eine starker energetischer Schutz aufgebaut werden kann.<\/p>\n<p><b>Inhaltsstoffe:<\/b><\/p>\n<p>Wodka (37,5 % Vol.), Wasser, <b>naturreine \u00e4therische \u00d6le <\/b>(Zitrone, Salbei, Sandelholz,&#8230;), energetisiertes <b>Turmalinwasser<\/b><\/p>\n<p>Erh\u00e4ltlich in folgenden Gr\u00f6\u00dfen:<\/p>\n<p>\u2022 50 ml in Miron-Violettglasflasche (optimaler energetischer Schutz f\u00fcr den Inhalt)<\/p>\n<p>\u2022 500 ml in Kunststoff-Spr\u00fchflasche (die 10fache Menge zum nur 3fachen Preis)<\/p>\n<p><b>Healing Crystals Aura- und Raumsprays<\/b> werden sehr achtsam nach eigenen Rezepturen gemischt und h\u00e4ndisch abgef\u00fcllt.<\/p>\n<p><b>Mit Liebe zum Produkt in \u00d6sterreich hergestellt.<\/b><\/p>\n<p>Hinweis: Wenn Sie das leere Fl\u00e4schchen nicht ben\u00f6tigen, geben Sie bitte die Violettglasflaschen bei uns zur\u00fcck, wir verwenden die Flaschen weiter!<\/p>\n<p><b><a href=\"http:\/\/www.lebens-qi.at\/de\/favorites&quot;\" target=\"_blank\" rel=\"noopener\">#lebensqifavorites<\/a><\/b><\/p>\n<p>Silke hat uns kontaktiert \u2013 sie braucht DRINGEND Nachschub vom Schutzspray. Kein Problem, das wird gerne von uns erledigt! Warum Silke den Spray so liebt?<\/p>\n<p><em>\u201eIch habe vor einigen Monaten den Schutz-Spray getestet, eine Freundin hat ihn mir empfohlen. Ich mag den Geruch und mittlerweile geh\u00f6rt er zu den fixen ToDo\u2019s am morgen! Ohne den pack ich es nicht\u2026. der is sowas von geil!&#8220;<\/em><\/p>\n<p>Um sich energetisch abzugrenzen empfehlen wir die Anwendung allgemein im Energiefeld und zus\u00e4tzlich bewusstes Spr\u00fchen ins Solarplexus-Chakra.<\/p>\n","protected":false},"excerpt":{"rendered":"<p>f\u00fcr Schutz von Steinen, R\u00e4umen oder der Aura<\/p>\n","protected":false},"featured_media":2812,"comment_status":"open","ping_status":"closed","template":"","meta":{"_links_to":"","_links_to_target":""},"pwb-brand":[161],"product_brand":[],"product_cat":[162,205],"product_tag":[157,193,120,200,189,203,202,201],"class_list":{"0":"post-1080","1":"product","2":"type-product","3":"status-publish","4":"has-post-thumbnail","6":"pwb-brand-lebens-qi","7":"product_cat-aurasprays","8":"product_cat-healing-crystals-farbprana-sprays","9":"product_tag-auraspray","10":"product_tag-edelstein","11":"product_tag-kristall","12":"product_tag-lebens-qi","13":"product_tag-lebensqifavorites","14":"product_tag-pranaspray","15":"product_tag-pranic-energy-healing","16":"product_tag-raumspray","18":"first","19":"instock","20":"taxable","21":"shipping-taxable","22":"purchasable","23":"product-type-variable"},"blog_post_layout_featured_media_urls":{"thumbnail":["https:\/\/www.lebens-qi.at\/qishop\/wp-content\/uploads\/1-1-150x150.png",150,150,true],"full":["https:\/\/www.lebens-qi.at\/qishop\/wp-content\/uploads\/1-1.png",1080,1080,false]},"categories":["161"],"categories_names":{"161":{"name":"LEBENS-QI","link":"https:\/\/www.lebens-qi.at\/qishop\/brand\/lebens-qi\/"}},"comments_number":"0","brands":[{"id":161,"name":"LEBENS-QI","slug":"lebens-qi"}],"_links":{"self":[{"href":"https:\/\/www.lebens-qi.at\/qishop\/wp-json\/wp\/v2\/product\/1080","targetHints":{"allow":["GET"]}}],"collection":[{"href":"https:\/\/www.lebens-qi.at\/qishop\/wp-json\/wp\/v2\/product"}],"about":[{"href":"https:\/\/www.lebens-qi.at\/qishop\/wp-json\/wp\/v2\/types\/product"}],"replies":[{"embeddable":true,"href":"https:\/\/www.lebens-qi.at\/qishop\/wp-json\/wp\/v2\/comments?post=1080"}],"wp:featuredmedia":[{"embeddable":true,"href":"https:\/\/www.lebens-qi.at\/qishop\/wp-json\/wp\/v2\/media\/2812"}],"wp:attachment":[{"href":"https:\/\/www.lebens-qi.at\/qishop\/wp-json\/wp\/v2\/media?parent=1080"}],"wp:term":[{"taxonomy":"pwb-brand","embeddable":true,"href":"https:\/\/www.lebens-qi.at\/qishop\/wp-json\/wp\/v2\/pwb-brand?post=1080"},{"taxonomy":"product_brand","embeddable":true,"href":"https:\/\/www.lebens-qi.at\/qishop\/wp-json\/wp\/v2\/product_brand?post=1080"},{"taxonomy":"product_cat","embeddable":true,"href":"https:\/\/www.lebens-qi.at\/qishop\/wp-json\/wp\/v2\/product_cat?post=1080"},{"taxonomy":"product_tag","embeddable":true,"href":"https:\/\/www.lebens-qi.at\/qishop\/wp-json\/wp\/v2\/product_tag?post=1080"}],"curies":[{"name":"wp","href":"https:\/\/api.w.org\/{rel}","templated":true}]}}