{"id":10815,"date":"2024-11-28T23:46:37","date_gmt":"2024-11-28T22:46:37","guid":{"rendered":"https:\/\/www.lebens-qi.at\/qishop\/?post_type=product&#038;p=10815"},"modified":"2026-04-09T16:02:03","modified_gmt":"2026-04-09T14:02:03","slug":"gute-laune-tasse","status":"publish","type":"product","link":"https:\/\/www.lebens-qi.at\/qishop\/produkt\/gute-laune-tasse\/","title":{"rendered":"Gute Laune Tasse"},"content":{"rendered":"<p>Tasse\/H\u00e4ferl\/Becher \ud83d\ude42<\/p>\n<p><b>Gute Laune &#8211; Regenbogen oder Sonnenschein<br \/>\n<\/b><\/p>\n<p>Dieser bezaubernde Becher hat Gute Laune im Gep\u00e4ck! Und zwar nicht zu knapp. Das leuchtende rot und fr\u00f6hliche Orange verleihen dem Artikel absolute Strahlkraft und sorgen als Innenfarben f\u00fcr einen spannenden Eye-Catcher. Das strahlende gelb der Sonne zaubert jedem ein L\u00e4cheln ins Gesicht und der bunte Regenbogen vertreibt jede noch so graue Sorgenwolke. Lassen dich von der Heiterkeit dieses Bechers anstecken und genie\u00dfe fruchtige Teemischungen oder gek\u00fchlte Kaffeespezialit\u00e4ten als Sundowner in der H\u00e4ngematte, frei nach dem Motto: &#8222;Let\u00b4s have fun today&#8220;. Oder verschenke diesen Muntermacher an deinen Lieblingsmenschen und lasse ihn wissen, dass er dein Sonnenschein ist: &#8222;You are my sunshine&#8220;.<\/p>\n<p>Material: New Bone China<br \/>\nInhalt: 0,3 l<br \/>\nLieferumfang: 1 Tasse in gew\u00e4hlter Farbe<br \/>\nHinweis: sp\u00fclmaschinen-\/mikrowellenfest<\/p>\n","protected":false},"excerpt":{"rendered":"<p>Regenbogen &amp; Sonnenschein<\/p>\n","protected":false},"featured_media":10819,"comment_status":"open","ping_status":"closed","template":"","meta":{"_links_to":"","_links_to_target":""},"pwb-brand":[437],"product_brand":[],"product_cat":[436],"product_tag":[1931,1641,1642,1217,742,2305,2306,2247,1640,443],"class_list":{"0":"post-10815","1":"product","2":"type-product","3":"status-publish","4":"has-post-thumbnail","6":"pwb-brand-chacult","7":"product_cat-tassen","8":"product_tag-gute-laune","9":"product_tag-haeferl","10":"product_tag-kaffee","11":"product_tag-regenbogen","12":"product_tag-sonne","13":"product_tag-sonnenschein","14":"product_tag-spass","15":"product_tag-standort-saalfelden","16":"product_tag-tasse","17":"product_tag-tee","19":"first","20":"instock","21":"taxable","22":"shipping-taxable","23":"purchasable","24":"product-type-variable"},"blog_post_layout_featured_media_urls":{"thumbnail":["https:\/\/www.lebens-qi.at\/qishop\/wp-content\/uploads\/tasse-fun-sunshine-150x150.jpg",150,150,true],"full":["https:\/\/www.lebens-qi.at\/qishop\/wp-content\/uploads\/tasse-fun-sunshine.jpg",895,895,false]},"categories":["437"],"categories_names":{"437":{"name":"ChaCult","link":"https:\/\/www.lebens-qi.at\/qishop\/brand\/chacult\/"}},"comments_number":"0","brands":[{"id":437,"name":"ChaCult","slug":"chacult"}],"_links":{"self":[{"href":"https:\/\/www.lebens-qi.at\/qishop\/wp-json\/wp\/v2\/product\/10815","targetHints":{"allow":["GET"]}}],"collection":[{"href":"https:\/\/www.lebens-qi.at\/qishop\/wp-json\/wp\/v2\/product"}],"about":[{"href":"https:\/\/www.lebens-qi.at\/qishop\/wp-json\/wp\/v2\/types\/product"}],"replies":[{"embeddable":true,"href":"https:\/\/www.lebens-qi.at\/qishop\/wp-json\/wp\/v2\/comments?post=10815"}],"wp:featuredmedia":[{"embeddable":true,"href":"https:\/\/www.lebens-qi.at\/qishop\/wp-json\/wp\/v2\/media\/10819"}],"wp:attachment":[{"href":"https:\/\/www.lebens-qi.at\/qishop\/wp-json\/wp\/v2\/media?parent=10815"}],"wp:term":[{"taxonomy":"pwb-brand","embeddable":true,"href":"https:\/\/www.lebens-qi.at\/qishop\/wp-json\/wp\/v2\/pwb-brand?post=10815"},{"taxonomy":"product_brand","embeddable":true,"href":"https:\/\/www.lebens-qi.at\/qishop\/wp-json\/wp\/v2\/product_brand?post=10815"},{"taxonomy":"product_cat","embeddable":true,"href":"https:\/\/www.lebens-qi.at\/qishop\/wp-json\/wp\/v2\/product_cat?post=10815"},{"taxonomy":"product_tag","embeddable":true,"href":"https:\/\/www.lebens-qi.at\/qishop\/wp-json\/wp\/v2\/product_tag?post=10815"}],"curies":[{"name":"wp","href":"https:\/\/api.w.org\/{rel}","templated":true}]}}