{"id":10842,"date":"2024-12-01T16:12:38","date_gmt":"2024-12-01T15:12:38","guid":{"rendered":"https:\/\/www.lebens-qi.at\/qishop\/?post_type=product&#038;p=10842"},"modified":"2025-09-25T19:59:32","modified_gmt":"2025-09-25T17:59:32","slug":"wind-wetter-tee-mateteemischung","status":"publish","type":"product","link":"https:\/\/www.lebens-qi.at\/qishop\/produkt\/wind-wetter-tee-mateteemischung\/","title":{"rendered":"Wind- &#038; Wetter-Tee &#8211; Mateteemischung"},"content":{"rendered":"<p><b>Extra Qualit\u00e4t!<br \/>\nWind- &amp; Wetter-Tee<\/b><br \/>\nMateteemischung<\/p>\n<p><strong>Einmal tief durchatmen und f\u00fcr alles ger\u00fcstet sein!<\/strong><br \/>\nDiese Mate-Kr\u00e4uterkomposition hat zus\u00e4tzlich noch <strong>erfrischende <\/strong>Eukalyptusbl\u00e4tter, <strong>s\u00fc\u00df-milde <\/strong>Apfelminze und <strong>herb-spritzige <\/strong>Zitronenverbene. Salbeibl\u00e4tter machen schon mal ein klein wenig \u201ewetterfest\u201c, sollte das vonn\u00f6ten sein. In dieser Kombi der perfekte Wegbegleiter durch alle Jahreszeiten.<\/p>\n<p>5-10 Minuten Ziehzeit<br \/>\n100\u00b0 C Wassertemperatur<br \/>\n4-5 Teel\u00f6ffel\/1 Liter<\/p>\n<p><em><b>Zutaten:<\/b><br \/>\nBrasilien Mate, Eukalyptusbl\u00e4tter, Griechischer Bergtee, Zitronenverbenenbl\u00e4tter, Salbeibl\u00e4tter, Apfelminze, s\u00fc\u00dfe Brombeerbl\u00e4tter<br \/>\n<\/em><\/p>\n<p><b>Inhalt:<\/b><br \/>\n75 g loser Tee in versiegelter Aromat\u00fcte<\/p>\n<p>Zeichnung auf der Etikette von Jassi Bis<\/p>\n","protected":false},"excerpt":{"rendered":"<p>mit Eukalyptus<\/p>\n","protected":false},"featured_media":12714,"comment_status":"open","ping_status":"closed","template":"","meta":{"_links_to":"","_links_to_target":""},"pwb-brand":[434],"product_brand":[],"product_cat":[3017,2813,431],"product_tag":[1842,453,2311,412,1840,1843,235,401,1841,443,2315,458],"class_list":{"0":"post-10842","1":"product","2":"type-product","3":"status-publish","4":"has-post-thumbnail","6":"pwb-brand-lebens-qi-teehaus-qualitaet","7":"product_cat-herbstzeit","8":"product_cat-kraeutertee","9":"product_cat-teehaus-qualitaet","10":"product_tag-bergtee","11":"product_tag-brasilien","12":"product_tag-brombeerblaetter","13":"product_tag-eukalyptus","14":"product_tag-kraeutertee","15":"product_tag-mate","16":"product_tag-minze","17":"product_tag-salbei","18":"product_tag-sideritis","19":"product_tag-tee","20":"product_tag-teehaus-qualitaet","21":"product_tag-teemischung","23":"first","24":"instock","25":"taxable","26":"shipping-taxable","27":"purchasable","28":"product-type-simple"},"blog_post_layout_featured_media_urls":{"thumbnail":["https:\/\/www.lebens-qi.at\/qishop\/wp-content\/uploads\/wind-wetter-tee-150x150.png",150,150,true],"full":["https:\/\/www.lebens-qi.at\/qishop\/wp-content\/uploads\/wind-wetter-tee.png",800,800,false]},"categories":["434"],"categories_names":{"434":{"name":"Teehaus-Qualit\u00e4t vom LEBENS-QI","link":"https:\/\/www.lebens-qi.at\/qishop\/brand\/lebens-qi-teehaus-qualitaet\/"}},"comments_number":"0","brands":[{"id":434,"name":"Teehaus-Qualit\u00e4t vom LEBENS-QI","slug":"lebens-qi-teehaus-qualitaet"}],"_links":{"self":[{"href":"https:\/\/www.lebens-qi.at\/qishop\/wp-json\/wp\/v2\/product\/10842","targetHints":{"allow":["GET"]}}],"collection":[{"href":"https:\/\/www.lebens-qi.at\/qishop\/wp-json\/wp\/v2\/product"}],"about":[{"href":"https:\/\/www.lebens-qi.at\/qishop\/wp-json\/wp\/v2\/types\/product"}],"replies":[{"embeddable":true,"href":"https:\/\/www.lebens-qi.at\/qishop\/wp-json\/wp\/v2\/comments?post=10842"}],"wp:featuredmedia":[{"embeddable":true,"href":"https:\/\/www.lebens-qi.at\/qishop\/wp-json\/wp\/v2\/media\/12714"}],"wp:attachment":[{"href":"https:\/\/www.lebens-qi.at\/qishop\/wp-json\/wp\/v2\/media?parent=10842"}],"wp:term":[{"taxonomy":"pwb-brand","embeddable":true,"href":"https:\/\/www.lebens-qi.at\/qishop\/wp-json\/wp\/v2\/pwb-brand?post=10842"},{"taxonomy":"product_brand","embeddable":true,"href":"https:\/\/www.lebens-qi.at\/qishop\/wp-json\/wp\/v2\/product_brand?post=10842"},{"taxonomy":"product_cat","embeddable":true,"href":"https:\/\/www.lebens-qi.at\/qishop\/wp-json\/wp\/v2\/product_cat?post=10842"},{"taxonomy":"product_tag","embeddable":true,"href":"https:\/\/www.lebens-qi.at\/qishop\/wp-json\/wp\/v2\/product_tag?post=10842"}],"curies":[{"name":"wp","href":"https:\/\/api.w.org\/{rel}","templated":true}]}}