{"id":10978,"date":"2024-12-04T15:25:20","date_gmt":"2024-12-04T14:25:20","guid":{"rendered":"https:\/\/www.lebens-qi.at\/qishop\/?post_type=product&#038;p=10978"},"modified":"2024-12-11T22:43:19","modified_gmt":"2024-12-11T21:43:19","slug":"das-grosse-handbuch-hexen-tarot","status":"publish","type":"product","link":"https:\/\/www.lebens-qi.at\/qishop\/produkt\/das-grosse-handbuch-hexen-tarot\/","title":{"rendered":"Das gro\u00dfe Handbuch Hexen-Tarot"},"content":{"rendered":"<p><b>Das gro\u00dfe Handbuch Hexen-Tarot<\/b><br \/>\n<em>von Skye Alexander<br \/>\n<\/em><\/p>\n<p>Wenn du mehr \u00fcber die Geheimnisse deines Lebens erfahren willst, wenn du einen Blick in die Zukunft werfen oder die R\u00e4tsel der Vergangenheit entschl\u00fcsseln willst, gibt dir die erfahrene Tarot-Leserin Skye Alexander mit ihrem Hexen-Tarot einen hervorragenden Leitfaden an die Hand. Sie erkl\u00e4rt die vielen\u00a0<strong>Bedeutungen der Gro\u00dfen und Kleinen Arkana<\/strong> und stellt<strong> zw\u00f6lf der beliebtesten Legesysteme<\/strong> vor. Durch leicht verst\u00e4ndliche Anleitungen zur Deutung der magischen Karten ist dieses Buch ein unverzichtbarer Begleiter, der dir hilft, Antworten auf deine dr\u00e4ngendsten Fragen zu finden.<\/p>\n<p>Ausstattung: mit zahlreichen schwarz-wei\u00df-Illustrationen<\/p>\n<p>Tarotkarten nicht enthalten &#8211; bitte separat bestellen!<\/p>\n","protected":false},"excerpt":{"rendered":"<p>Bedeutungen der Gro\u00dfen und Kleinen Arkana und zw\u00f6lf der beliebtesten Legesysteme<\/p>\n","protected":false},"featured_media":10979,"comment_status":"open","ping_status":"closed","template":"","meta":{"_links_to":"","_links_to_target":""},"pwb-brand":[2034],"product_brand":[],"product_cat":[824,819],"product_tag":[2363,580,2362,1328,1426,1427,2204,889],"class_list":{"0":"post-10978","1":"product","2":"type-product","3":"status-publish","4":"has-post-thumbnail","6":"pwb-brand-anaconda-verlag","7":"product_cat-kartenlegen","8":"product_cat-magie-mythologie","9":"product_tag-arkana","10":"product_tag-buch","11":"product_tag-deutung","12":"product_tag-hexenkunst","13":"product_tag-kartenlegen","14":"product_tag-legemuster","15":"product_tag-skye-alexander","16":"product_tag-tarot","18":"first","19":"instock","20":"taxable","21":"shipping-taxable","22":"purchasable","23":"product-type-simple"},"blog_post_layout_featured_media_urls":{"thumbnail":["https:\/\/www.lebens-qi.at\/qishop\/wp-content\/uploads\/9783730610930-X-hexentarot-150x150.jpg",150,150,true],"full":["https:\/\/www.lebens-qi.at\/qishop\/wp-content\/uploads\/9783730610930-X-hexentarot.jpg",648,648,false]},"categories":["2034"],"categories_names":{"2034":{"name":"Anaconda Verlag","link":"https:\/\/www.lebens-qi.at\/qishop\/brand\/anaconda-verlag\/"}},"comments_number":"0","brands":[{"id":2034,"name":"Anaconda Verlag","slug":"anaconda-verlag"}],"_links":{"self":[{"href":"https:\/\/www.lebens-qi.at\/qishop\/wp-json\/wp\/v2\/product\/10978","targetHints":{"allow":["GET"]}}],"collection":[{"href":"https:\/\/www.lebens-qi.at\/qishop\/wp-json\/wp\/v2\/product"}],"about":[{"href":"https:\/\/www.lebens-qi.at\/qishop\/wp-json\/wp\/v2\/types\/product"}],"replies":[{"embeddable":true,"href":"https:\/\/www.lebens-qi.at\/qishop\/wp-json\/wp\/v2\/comments?post=10978"}],"wp:featuredmedia":[{"embeddable":true,"href":"https:\/\/www.lebens-qi.at\/qishop\/wp-json\/wp\/v2\/media\/10979"}],"wp:attachment":[{"href":"https:\/\/www.lebens-qi.at\/qishop\/wp-json\/wp\/v2\/media?parent=10978"}],"wp:term":[{"taxonomy":"pwb-brand","embeddable":true,"href":"https:\/\/www.lebens-qi.at\/qishop\/wp-json\/wp\/v2\/pwb-brand?post=10978"},{"taxonomy":"product_brand","embeddable":true,"href":"https:\/\/www.lebens-qi.at\/qishop\/wp-json\/wp\/v2\/product_brand?post=10978"},{"taxonomy":"product_cat","embeddable":true,"href":"https:\/\/www.lebens-qi.at\/qishop\/wp-json\/wp\/v2\/product_cat?post=10978"},{"taxonomy":"product_tag","embeddable":true,"href":"https:\/\/www.lebens-qi.at\/qishop\/wp-json\/wp\/v2\/product_tag?post=10978"}],"curies":[{"name":"wp","href":"https:\/\/api.w.org\/{rel}","templated":true}]}}