{"id":10997,"date":"2024-12-06T14:20:47","date_gmt":"2024-12-06T13:20:47","guid":{"rendered":"https:\/\/www.lebens-qi.at\/qishop\/?post_type=product&#038;p=10997"},"modified":"2024-12-12T14:50:57","modified_gmt":"2024-12-12T13:50:57","slug":"beschuetzt-von-meinem-krafttier","status":"publish","type":"product","link":"https:\/\/www.lebens-qi.at\/qishop\/produkt\/beschuetzt-von-meinem-krafttier\/","title":{"rendered":"Besch\u00fctzt von meinem Krafttier"},"content":{"rendered":"<p><b>Besch\u00fctzt von meinem Krafttier<\/b><br \/>\nRituale, \u00dcbungen und Meditationen<br \/>\n<em>von Regula Meyer<br \/>\n<\/em><\/p>\n<p><strong>Nutze den einzigartigen Schutz der Krafttiere f\u00fcr dein Leben!<\/strong><\/p>\n<p>Krafttiere begleiten und besch\u00fctzen uns im Alltag. Sehnen wir uns nach Mut, Sicherheit und Geborgenheit, k\u00f6nnen wir immer auf die Krafttiere vertrauen. In diesem praktischen Ratgeber pr\u00e4sentiert uns die Krafttierexpertin Regula Meyer 30 Tiere und ihre individuellen Schutzstrategien. Sie gibt uns wirksame \u00dcbungen und Meditationen an die Hand, die uns eine tiefere Verbindung mit den Tieren erm\u00f6glichen und ihren Schutz f\u00fcr unser Leben manifestieren.<\/p>\n<p>So f\u00fchrt uns eine Adler-Meditation zu mehr innerer Ruhe und Klarheit, ein Amulett aus Alpaka Wolle besch\u00fctzt uns auf neuen Pfaden und das L\u00f6wen-Ritual hilft uns dabei, zu uns und unseren F\u00e4higkeiten zu finden. Die einfach umsetzbaren DIY-Anleitungen und kraftvollen Rituale sind gut in den Alltag integrierbar.<\/p>\n<p><strong>Mit vielen \u00dcbungen, Meditationen, Ritualen und DIY-Anleitungen!<\/strong><\/p>\n<p><em>\u00dcber die Autorin: Regula Meyer ist Schamanin, wei\u00dfe Hexe und Krafttier-Spezialistin. Als Lebensberaterin und Meditationsleiterin bietet sie Kurse und Seminare zu spirituellen und pers\u00f6nlichkeitsbildenden Themen. Dank ihr war es bereits hunderten von Menschen m\u00f6glich, ihr Lebenstier zu finden und der spirituellen Kraft tierischer Geistf\u00fchrer n\u00e4herzukommen. Sie interessiert sich f\u00fcr die Naturgesetze als Rahmenbedingungen des menschlichen Lebens und hat es sich zur Aufgabe gemacht, den Respekt gegen\u00fcber allem Lebendigen zu f\u00f6rdern.<\/em><\/p>\n","protected":false},"excerpt":{"rendered":"<p>Rituale, \u00dcbungen und Meditationen<\/p>\n","protected":false},"featured_media":10998,"comment_status":"open","ping_status":"closed","template":"","meta":{"_links_to":"","_links_to_target":""},"pwb-brand":[885],"product_brand":[],"product_cat":[819],"product_tag":[580,2000,888,2368,2367,1210,121,2001,1495],"class_list":{"0":"post-10997","1":"product","2":"type-product","3":"status-publish","4":"has-post-thumbnail","6":"pwb-brand-knaur-menssana","7":"product_cat-magie-mythologie","8":"product_tag-buch","9":"product_tag-eigenschaften","10":"product_tag-krafttiere","11":"product_tag-meditationen","12":"product_tag-regula-mayer","13":"product_tag-rituale","14":"product_tag-schutz","15":"product_tag-seelenbegleiter","16":"product_tag-uebungen","18":"first","19":"instock","20":"taxable","21":"shipping-taxable","22":"purchasable","23":"product-type-simple"},"blog_post_layout_featured_media_urls":{"thumbnail":["https:\/\/www.lebens-qi.at\/qishop\/wp-content\/uploads\/9783426879436-X-krafttier-150x150.jpg",150,150,true],"full":["https:\/\/www.lebens-qi.at\/qishop\/wp-content\/uploads\/9783426879436-X-krafttier.jpg",648,648,false]},"categories":["885"],"categories_names":{"885":{"name":"Knaur Menssana","link":"https:\/\/www.lebens-qi.at\/qishop\/brand\/knaur-menssana\/"}},"comments_number":"0","brands":[{"id":885,"name":"Knaur Menssana","slug":"knaur-menssana"}],"_links":{"self":[{"href":"https:\/\/www.lebens-qi.at\/qishop\/wp-json\/wp\/v2\/product\/10997","targetHints":{"allow":["GET"]}}],"collection":[{"href":"https:\/\/www.lebens-qi.at\/qishop\/wp-json\/wp\/v2\/product"}],"about":[{"href":"https:\/\/www.lebens-qi.at\/qishop\/wp-json\/wp\/v2\/types\/product"}],"replies":[{"embeddable":true,"href":"https:\/\/www.lebens-qi.at\/qishop\/wp-json\/wp\/v2\/comments?post=10997"}],"wp:featuredmedia":[{"embeddable":true,"href":"https:\/\/www.lebens-qi.at\/qishop\/wp-json\/wp\/v2\/media\/10998"}],"wp:attachment":[{"href":"https:\/\/www.lebens-qi.at\/qishop\/wp-json\/wp\/v2\/media?parent=10997"}],"wp:term":[{"taxonomy":"pwb-brand","embeddable":true,"href":"https:\/\/www.lebens-qi.at\/qishop\/wp-json\/wp\/v2\/pwb-brand?post=10997"},{"taxonomy":"product_brand","embeddable":true,"href":"https:\/\/www.lebens-qi.at\/qishop\/wp-json\/wp\/v2\/product_brand?post=10997"},{"taxonomy":"product_cat","embeddable":true,"href":"https:\/\/www.lebens-qi.at\/qishop\/wp-json\/wp\/v2\/product_cat?post=10997"},{"taxonomy":"product_tag","embeddable":true,"href":"https:\/\/www.lebens-qi.at\/qishop\/wp-json\/wp\/v2\/product_tag?post=10997"}],"curies":[{"name":"wp","href":"https:\/\/api.w.org\/{rel}","templated":true}]}}