{"id":11027,"date":"2024-12-09T21:17:52","date_gmt":"2024-12-09T20:17:52","guid":{"rendered":"https:\/\/www.lebens-qi.at\/qishop\/produkt\/santa-has-arrived-1000-teile-puzzle\/"},"modified":"2025-09-19T12:34:54","modified_gmt":"2025-09-19T10:34:54","slug":"santa-has-arrived-1000-teile-puzzle","status":"publish","type":"product","link":"https:\/\/www.lebens-qi.at\/qishop\/produkt\/santa-has-arrived-1000-teile-puzzle\/","title":{"rendered":"Santa Has Arrived &#8211; 1000 Teile Puzzle"},"content":{"rendered":"<p><b>Weihnachtliches Puzzle mit dem Motiv \u201eSanta Has Arrived\u201c \u2013 der Weihnachtsmann ist angekommen &#8211; von Marcello Corti<\/b><\/p>\n<p>Santa Clause ist im weihnachtlich geschm\u00fcckten Wohnzimmer und f\u00fcllt die Str\u00fcmpfe am Kamin mit den Geschenken, beobachtet von der neugierigen Hauskatze<\/p>\n<p>Teileanzahl: 1000 Teile<br \/>\nBildfl\u00e4che: 69.00 x 47.80 cm<br \/>\nVerpackung: Puzzlekarton<br \/>\nMaterial: Karton<br \/>\nAlter: Puzzle f\u00fcr Erwachsene<\/p>\n<p>Copyright: ALI Corti \/ artlicensing.com<\/p>\n<p><em><b>Achtung! <\/b>Nicht f\u00fcr Kinder unter 3 Jahren geeignet!<\/em><\/p>\n","protected":false},"excerpt":{"rendered":"<p>der Weihnachtsmann ist angekommen<\/p>\n","protected":false},"featured_media":15751,"comment_status":"open","ping_status":"closed","template":"","meta":{"_links_to":"","_links_to_target":""},"pwb-brand":[145],"product_brand":[],"product_cat":[142,3018],"product_tag":[2045,2088,141,2078,624,2075,2079],"class_list":{"0":"post-11027","1":"product","2":"type-product","3":"status-publish","4":"has-post-thumbnail","6":"pwb-brand-bluebird-puzzle","7":"product_cat-1000-teile","8":"product_cat-weihnachten","9":"product_tag-1000-teile","10":"product_tag-marcello-corti","11":"product_tag-puzzle","12":"product_tag-santa-claus","13":"product_tag-weihnachten","14":"product_tag-weihnachtsmann","15":"product_tag-weihnachtspuzzle","17":"first","18":"instock","19":"sold-individually","20":"taxable","21":"shipping-taxable","22":"purchasable","23":"product-type-simple"},"blog_post_layout_featured_media_urls":{"thumbnail":["https:\/\/www.lebens-qi.at\/qishop\/wp-content\/uploads\/Santa-has-arrived1-150x150.png",150,150,true],"full":["https:\/\/www.lebens-qi.at\/qishop\/wp-content\/uploads\/Santa-has-arrived1.png",800,800,false]},"categories":["145"],"categories_names":{"145":{"name":"Bluebird Puzzle","link":"https:\/\/www.lebens-qi.at\/qishop\/brand\/bluebird-puzzle\/"}},"comments_number":"0","brands":[{"id":145,"name":"Bluebird Puzzle","slug":"bluebird-puzzle"}],"_links":{"self":[{"href":"https:\/\/www.lebens-qi.at\/qishop\/wp-json\/wp\/v2\/product\/11027","targetHints":{"allow":["GET"]}}],"collection":[{"href":"https:\/\/www.lebens-qi.at\/qishop\/wp-json\/wp\/v2\/product"}],"about":[{"href":"https:\/\/www.lebens-qi.at\/qishop\/wp-json\/wp\/v2\/types\/product"}],"replies":[{"embeddable":true,"href":"https:\/\/www.lebens-qi.at\/qishop\/wp-json\/wp\/v2\/comments?post=11027"}],"wp:featuredmedia":[{"embeddable":true,"href":"https:\/\/www.lebens-qi.at\/qishop\/wp-json\/wp\/v2\/media\/15751"}],"wp:attachment":[{"href":"https:\/\/www.lebens-qi.at\/qishop\/wp-json\/wp\/v2\/media?parent=11027"}],"wp:term":[{"taxonomy":"pwb-brand","embeddable":true,"href":"https:\/\/www.lebens-qi.at\/qishop\/wp-json\/wp\/v2\/pwb-brand?post=11027"},{"taxonomy":"product_brand","embeddable":true,"href":"https:\/\/www.lebens-qi.at\/qishop\/wp-json\/wp\/v2\/product_brand?post=11027"},{"taxonomy":"product_cat","embeddable":true,"href":"https:\/\/www.lebens-qi.at\/qishop\/wp-json\/wp\/v2\/product_cat?post=11027"},{"taxonomy":"product_tag","embeddable":true,"href":"https:\/\/www.lebens-qi.at\/qishop\/wp-json\/wp\/v2\/product_tag?post=11027"}],"curies":[{"name":"wp","href":"https:\/\/api.w.org\/{rel}","templated":true}]}}