{"id":1106,"date":"2024-02-15T12:15:07","date_gmt":"2024-02-15T11:15:07","guid":{"rendered":"https:\/\/www.lebens-qi.at\/qishop\/produkt\/erzengel-gabriel-auraspray\/"},"modified":"2024-11-18T20:10:03","modified_gmt":"2024-11-18T19:10:03","slug":"erzengel-gabriel-auraspray","status":"publish","type":"product","link":"https:\/\/www.lebens-qi.at\/qishop\/produkt\/erzengel-gabriel-auraspray\/","title":{"rendered":"Erzengel Gabriel &#8211; Auraspray"},"content":{"rendered":"<p><b>GABRIEL<br \/>\n&#8222;Ich bin Klarheit&#8220;<br \/>\n<\/b><br \/>\nGABRIEL &#8211; Eigene Wahrheit leben (wei\u00dfer, klarer Farbstrahl)<\/p>\n<p>Klarheit, Reinheit, Krisenl\u00f6sung, Schattenseiten erkennen und integrieren, Sich selbst erkennen als der\/die man ist, den richtigen Zeitpunkt erkennen, Lichtarbeit, Kl\u00e4rungen, Entscheidungen, Ver\u00e4nderungen, Licht in alle Dinge bringen, Reinigung, ein klarer Blick, Hoffnung durch Erkennen, innere und \u00e4u\u00dfere Bilder verstehen und erkennen;<\/p>\n<p><b>Leitstein: <\/b>Diamant<br \/>\n<b>Weitere Mineralien: <\/b>Topas, Amazonit u.a.<br \/>\n<b>\u00c4therische \u00d6le: <\/b>Cajeput, Ysop, u.a.<\/p>\n","protected":false},"excerpt":{"rendered":"<p>Ich bin Klarheit<\/p>\n","protected":false},"featured_media":8263,"comment_status":"open","ping_status":"closed","template":"","meta":{"_links_to":"","_links_to_target":""},"pwb-brand":[166],"product_brand":[],"product_cat":[951,206],"product_tag":[157,164,163,204,216],"class_list":{"0":"post-1106","1":"product","2":"type-product","3":"status-publish","4":"has-post-thumbnail","6":"pwb-brand-engelalm","7":"product_cat-engelsprays","8":"product_cat-erzengel-aurasprays","9":"product_tag-auraspray","10":"product_tag-edelsteinessenz","11":"product_tag-engelalm","12":"product_tag-erzengel","13":"product_tag-gabriel","15":"first","16":"instock","17":"taxable","18":"shipping-taxable","19":"purchasable","20":"product-type-simple"},"blog_post_layout_featured_media_urls":{"thumbnail":["https:\/\/www.lebens-qi.at\/qishop\/wp-content\/uploads\/erzengel_essenzen_gabriel_neu-150x150.jpg",150,150,true],"full":["https:\/\/www.lebens-qi.at\/qishop\/wp-content\/uploads\/erzengel_essenzen_gabriel_neu.jpg",600,600,false]},"categories":["166"],"categories_names":{"166":{"name":"Engelalm","link":"https:\/\/www.lebens-qi.at\/qishop\/brand\/engelalm\/"}},"comments_number":"0","brands":[{"id":166,"name":"Engelalm","slug":"engelalm"}],"_links":{"self":[{"href":"https:\/\/www.lebens-qi.at\/qishop\/wp-json\/wp\/v2\/product\/1106","targetHints":{"allow":["GET"]}}],"collection":[{"href":"https:\/\/www.lebens-qi.at\/qishop\/wp-json\/wp\/v2\/product"}],"about":[{"href":"https:\/\/www.lebens-qi.at\/qishop\/wp-json\/wp\/v2\/types\/product"}],"replies":[{"embeddable":true,"href":"https:\/\/www.lebens-qi.at\/qishop\/wp-json\/wp\/v2\/comments?post=1106"}],"wp:featuredmedia":[{"embeddable":true,"href":"https:\/\/www.lebens-qi.at\/qishop\/wp-json\/wp\/v2\/media\/8263"}],"wp:attachment":[{"href":"https:\/\/www.lebens-qi.at\/qishop\/wp-json\/wp\/v2\/media?parent=1106"}],"wp:term":[{"taxonomy":"pwb-brand","embeddable":true,"href":"https:\/\/www.lebens-qi.at\/qishop\/wp-json\/wp\/v2\/pwb-brand?post=1106"},{"taxonomy":"product_brand","embeddable":true,"href":"https:\/\/www.lebens-qi.at\/qishop\/wp-json\/wp\/v2\/product_brand?post=1106"},{"taxonomy":"product_cat","embeddable":true,"href":"https:\/\/www.lebens-qi.at\/qishop\/wp-json\/wp\/v2\/product_cat?post=1106"},{"taxonomy":"product_tag","embeddable":true,"href":"https:\/\/www.lebens-qi.at\/qishop\/wp-json\/wp\/v2\/product_tag?post=1106"}],"curies":[{"name":"wp","href":"https:\/\/api.w.org\/{rel}","templated":true}]}}