{"id":11147,"date":"2024-12-11T23:55:02","date_gmt":"2024-12-11T22:55:02","guid":{"rendered":"https:\/\/www.lebens-qi.at\/qishop\/?post_type=product&#038;p=11147"},"modified":"2025-01-09T23:13:35","modified_gmt":"2025-01-09T22:13:35","slug":"starseeds-karten","status":"publish","type":"product","link":"https:\/\/www.lebens-qi.at\/qishop\/produkt\/starseeds-karten\/","title":{"rendered":"Starseeds &#8211; Karten"},"content":{"rendered":"<p><b>Karten: Starseeds-Kartne<\/b><br \/>\n44 Energiekarten mit Praxisbuch (160 Seiten)<br \/>\n<em>von Birgit Fischer<\/em><\/p>\n<p><b> Wo stehe ich gerade, wohin wird meine Reise gehen? <\/b>Wie kann ich mich mit den h\u00f6heren Sph\u00e4ren verbinden, um die besten Entscheidungen f\u00fcr mich zu treffen?<br \/>\nDieses Starseeds-Orakel, von Birgit Fischer selbst illustriert, zeigt einzigartige Darstellungen v\u00f6llig neuartiger, m\u00e4chtiger Sternenv\u00f6lker. In Kombination mit den gechannelten Texten der Autorin erm\u00f6glichen die Karten eine bewusste, tiefgehende Auseinandersetzung mit dem eigenen Leben. Die himmlischen Botschaften beziehen energetische, kosmische und pers\u00f6nliche Aspekte mit ein \u2013 um L\u00f6sungen f\u00fcr Probleme und wegweisende Antworten zu erhalten und so f\u00fcr alle Herausforderungen unseres Lebens gut gewappnet zu sein.<br \/>\nDas intergalaktische Selbsthilfetool f\u00fcr alle Starseeds-Fans \u2013 f\u00fcr inspirierende Erkenntnisse und mehr Klarheit beim Navigieren durch die Zeit des gro\u00dfen Wandels. <b><br \/>\n<\/b><\/p>\n<ul>\n<li>Das neue Kartenset der SPIEGEL-Bestsellerautorin \u2013 ein intergalaktischer Begleiter durch die Zeit des gro\u00dfen Wandels<\/li>\n<li>Die transformierenden Energien neuer Sternenv\u00f6lker schenken Antworten, Orientierung und praktische Lebenshilfe<\/li>\n<li>44 einzigartige Starseeds-Motive, von der Autorin selbst gezeichnet<\/li>\n<\/ul>\n","protected":false},"excerpt":{"rendered":"<p>Neue Dimensionen des Seins<\/p>\n","protected":false},"featured_media":11148,"comment_status":"open","ping_status":"closed","template":"","meta":{"_links_to":"","_links_to_target":""},"pwb-brand":[897],"product_brand":[],"product_cat":[862],"product_tag":[878,667,863,877],"class_list":{"0":"post-11147","1":"product","2":"type-product","3":"status-publish","4":"has-post-thumbnail","6":"pwb-brand-ansata","7":"product_cat-impulskarten","8":"product_tag-birgit-fischer","9":"product_tag-kartendeck","10":"product_tag-orakel","11":"product_tag-starseeds","13":"first","14":"instock","15":"taxable","16":"shipping-taxable","17":"purchasable","18":"product-type-simple"},"blog_post_layout_featured_media_urls":{"thumbnail":["https:\/\/www.lebens-qi.at\/qishop\/wp-content\/uploads\/4250939400136-X-starseeds-orakel-150x150.jpg",150,150,true],"full":["https:\/\/www.lebens-qi.at\/qishop\/wp-content\/uploads\/4250939400136-X-starseeds-orakel.jpg",435,435,false]},"categories":["897"],"categories_names":{"897":{"name":"Ansata","link":"https:\/\/www.lebens-qi.at\/qishop\/brand\/ansata\/"}},"comments_number":"0","brands":[{"id":897,"name":"Ansata","slug":"ansata"}],"_links":{"self":[{"href":"https:\/\/www.lebens-qi.at\/qishop\/wp-json\/wp\/v2\/product\/11147","targetHints":{"allow":["GET"]}}],"collection":[{"href":"https:\/\/www.lebens-qi.at\/qishop\/wp-json\/wp\/v2\/product"}],"about":[{"href":"https:\/\/www.lebens-qi.at\/qishop\/wp-json\/wp\/v2\/types\/product"}],"replies":[{"embeddable":true,"href":"https:\/\/www.lebens-qi.at\/qishop\/wp-json\/wp\/v2\/comments?post=11147"}],"wp:featuredmedia":[{"embeddable":true,"href":"https:\/\/www.lebens-qi.at\/qishop\/wp-json\/wp\/v2\/media\/11148"}],"wp:attachment":[{"href":"https:\/\/www.lebens-qi.at\/qishop\/wp-json\/wp\/v2\/media?parent=11147"}],"wp:term":[{"taxonomy":"pwb-brand","embeddable":true,"href":"https:\/\/www.lebens-qi.at\/qishop\/wp-json\/wp\/v2\/pwb-brand?post=11147"},{"taxonomy":"product_brand","embeddable":true,"href":"https:\/\/www.lebens-qi.at\/qishop\/wp-json\/wp\/v2\/product_brand?post=11147"},{"taxonomy":"product_cat","embeddable":true,"href":"https:\/\/www.lebens-qi.at\/qishop\/wp-json\/wp\/v2\/product_cat?post=11147"},{"taxonomy":"product_tag","embeddable":true,"href":"https:\/\/www.lebens-qi.at\/qishop\/wp-json\/wp\/v2\/product_tag?post=11147"}],"curies":[{"name":"wp","href":"https:\/\/api.w.org\/{rel}","templated":true}]}}