{"id":11155,"date":"2024-12-12T00:48:55","date_gmt":"2024-12-11T23:48:55","guid":{"rendered":"https:\/\/www.lebens-qi.at\/qishop\/?post_type=product&#038;p=11155"},"modified":"2025-09-19T12:25:04","modified_gmt":"2025-09-19T10:25:04","slug":"die-energie-der-rauhnaechte","status":"publish","type":"product","link":"https:\/\/www.lebens-qi.at\/qishop\/produkt\/die-energie-der-rauhnaechte\/","title":{"rendered":"Die Energie der Rauhn\u00e4chte"},"content":{"rendered":"<p><b>Die Energie der Rauhn\u00e4chte<\/b><br \/>\nInnehalten zwischen den Jahren &#8211; mit Tagebuchteil<br \/>\n<em>von Christine Rechl<br \/>\n<\/em><\/p>\n<div class=\"coverText\">\n<p><strong>Erlebe die Magie der Rauhn\u00e4chte mit diesem kreativen Journal<\/strong><\/p>\n<p>Die Rauhn\u00e4chte, die Tage zwischen Weihnachten und dem Dreik\u00f6nigstag am 6. Januar, gelten seit jeher als geheimnisvoll und mystisch. Der alte Volksglaube sieht in den Rauhn\u00e4chten eine Zeit der Vorbereitung auf das kommende Jahr. Der Jahreswechsel ist die Zeit, um innezuhalten, mit Vergangenem abzuschlie\u00dfen und sich auf Neues zu konzentrieren.<\/p>\n<p>Mit zahlreichen Gedankenreisen, neuen Ritualen und Meditationen zeigt dir dieses farbig illustrierte, kreative Eintragbuch, wie es gelingen kann, zu dir selbst zu finden, in Verbindung mit der geheimnisvollen Tradition der Rauhn\u00e4chte zu kommen und Kraft zu gewinnen f\u00fcr das neue Jahr.<\/p>\n<ul>\n<li>Journal mit <strong>gef\u00fchrtem Tagebuch-Anteil<\/strong> , durchgehend farbig illustriert<\/li>\n<li>F\u00fcr alle Frauen mit Sinn f\u00fcr die mystischen dunklen Tage zwischen dem Licht von Weihnachten und dem Dreik\u00f6nigsfest<\/li>\n<li>Kreatives <strong>Eintragbuch <\/strong> mit 128 Seiten (Ma\u00dfe: 14,0 x 21,0 cm)<\/li>\n<\/ul>\n<\/div>\n","protected":false},"excerpt":{"rendered":"<p>Innehalten zwischen den Jahren &#8211; mit Tagebuchteil<\/p>\n","protected":false},"featured_media":11156,"comment_status":"open","ping_status":"closed","template":"","meta":{"_links_to":"","_links_to_target":""},"pwb-brand":[2441],"product_brand":[],"product_cat":[819,3021],"product_tag":[580,2447,2446,1325,1210,2445],"class_list":{"0":"post-11155","1":"product","2":"type-product","3":"status-publish","4":"has-post-thumbnail","6":"pwb-brand-pattloch","7":"product_cat-magie-mythologie","8":"product_cat-rauhnaechte-jahreswechsel","9":"product_tag-buch","10":"product_tag-eintragebuch","11":"product_tag-journal","12":"product_tag-rauhnaechte","13":"product_tag-rituale","14":"product_tag-tagebuch","16":"first","17":"instock","18":"taxable","19":"shipping-taxable","20":"purchasable","21":"product-type-simple"},"blog_post_layout_featured_media_urls":{"thumbnail":["https:\/\/www.lebens-qi.at\/qishop\/wp-content\/uploads\/9783629000989-X-energie-der-rauhnaechte-150x150.jpg",150,150,true],"full":["https:\/\/www.lebens-qi.at\/qishop\/wp-content\/uploads\/9783629000989-X-energie-der-rauhnaechte.jpg",595,595,false]},"categories":["2441"],"categories_names":{"2441":{"name":"Pattloch","link":"https:\/\/www.lebens-qi.at\/qishop\/brand\/pattloch\/"}},"comments_number":"0","brands":[{"id":2441,"name":"Pattloch","slug":"pattloch"}],"_links":{"self":[{"href":"https:\/\/www.lebens-qi.at\/qishop\/wp-json\/wp\/v2\/product\/11155","targetHints":{"allow":["GET"]}}],"collection":[{"href":"https:\/\/www.lebens-qi.at\/qishop\/wp-json\/wp\/v2\/product"}],"about":[{"href":"https:\/\/www.lebens-qi.at\/qishop\/wp-json\/wp\/v2\/types\/product"}],"replies":[{"embeddable":true,"href":"https:\/\/www.lebens-qi.at\/qishop\/wp-json\/wp\/v2\/comments?post=11155"}],"wp:featuredmedia":[{"embeddable":true,"href":"https:\/\/www.lebens-qi.at\/qishop\/wp-json\/wp\/v2\/media\/11156"}],"wp:attachment":[{"href":"https:\/\/www.lebens-qi.at\/qishop\/wp-json\/wp\/v2\/media?parent=11155"}],"wp:term":[{"taxonomy":"pwb-brand","embeddable":true,"href":"https:\/\/www.lebens-qi.at\/qishop\/wp-json\/wp\/v2\/pwb-brand?post=11155"},{"taxonomy":"product_brand","embeddable":true,"href":"https:\/\/www.lebens-qi.at\/qishop\/wp-json\/wp\/v2\/product_brand?post=11155"},{"taxonomy":"product_cat","embeddable":true,"href":"https:\/\/www.lebens-qi.at\/qishop\/wp-json\/wp\/v2\/product_cat?post=11155"},{"taxonomy":"product_tag","embeddable":true,"href":"https:\/\/www.lebens-qi.at\/qishop\/wp-json\/wp\/v2\/product_tag?post=11155"}],"curies":[{"name":"wp","href":"https:\/\/api.w.org\/{rel}","templated":true}]}}