{"id":1116,"date":"2024-02-15T12:15:15","date_gmt":"2024-02-15T11:15:15","guid":{"rendered":"https:\/\/www.lebens-qi.at\/qishop\/produkt\/erzengel-metatron-auraspray\/"},"modified":"2024-11-18T20:09:59","modified_gmt":"2024-11-18T19:09:59","slug":"erzengel-metatron-auraspray","status":"publish","type":"product","link":"https:\/\/www.lebens-qi.at\/qishop\/produkt\/erzengel-metatron-auraspray\/","title":{"rendered":"Erzengel Metatron &#8211; Auraspray"},"content":{"rendered":"<p><b>METATRON<\/b><br \/>\n&#8222;Ich bin das ICH BIN&#8220;<\/p>\n<p>METATRON &#8211; Vollkommene G\u00f6ttliche F\u00fchrung (goldener Farbstrahl)<\/p>\n<p>Allumfassenden Schutz, Grunds\u00e4tzliche Ausrichtung, Grundvertrauen, Selbsterkenntnis, Gottes Wille, innerste spirituelle Haltung, Visionen, Weisheit, Gewissen, \u00dcber den Dingen, Urspr\u00fcnglicher Kern, Wege und M\u00f6glichkeiten, Weltbild;<\/p>\n<p><b>Leitstein: <\/b>Zirkon<br \/>\n<b>Weitere Mineralien: <\/b>Tansanit, Sternsaphir u.a.<br \/>\n<b>\u00c4therische \u00d6le:<\/b> Zypresse, Zitrone u.a.<\/p>\n","protected":false},"excerpt":{"rendered":"<p>Ich bin das ICH BIN<\/p>\n","protected":false},"featured_media":8265,"comment_status":"open","ping_status":"closed","template":"","meta":{"_links_to":"","_links_to_target":""},"pwb-brand":[166],"product_brand":[],"product_cat":[951,206],"product_tag":[157,164,163,204,209],"class_list":{"0":"post-1116","1":"product","2":"type-product","3":"status-publish","4":"has-post-thumbnail","6":"pwb-brand-engelalm","7":"product_cat-engelsprays","8":"product_cat-erzengel-aurasprays","9":"product_tag-auraspray","10":"product_tag-edelsteinessenz","11":"product_tag-engelalm","12":"product_tag-erzengel","13":"product_tag-metatron","15":"first","16":"instock","17":"taxable","18":"shipping-taxable","19":"purchasable","20":"product-type-simple"},"blog_post_layout_featured_media_urls":{"thumbnail":["https:\/\/www.lebens-qi.at\/qishop\/wp-content\/uploads\/erzengel_essenzen_metatron_neu-150x150.jpg",150,150,true],"full":["https:\/\/www.lebens-qi.at\/qishop\/wp-content\/uploads\/erzengel_essenzen_metatron_neu.jpg",600,600,false]},"categories":["166"],"categories_names":{"166":{"name":"Engelalm","link":"https:\/\/www.lebens-qi.at\/qishop\/brand\/engelalm\/"}},"comments_number":"0","brands":[{"id":166,"name":"Engelalm","slug":"engelalm"}],"_links":{"self":[{"href":"https:\/\/www.lebens-qi.at\/qishop\/wp-json\/wp\/v2\/product\/1116","targetHints":{"allow":["GET"]}}],"collection":[{"href":"https:\/\/www.lebens-qi.at\/qishop\/wp-json\/wp\/v2\/product"}],"about":[{"href":"https:\/\/www.lebens-qi.at\/qishop\/wp-json\/wp\/v2\/types\/product"}],"replies":[{"embeddable":true,"href":"https:\/\/www.lebens-qi.at\/qishop\/wp-json\/wp\/v2\/comments?post=1116"}],"wp:featuredmedia":[{"embeddable":true,"href":"https:\/\/www.lebens-qi.at\/qishop\/wp-json\/wp\/v2\/media\/8265"}],"wp:attachment":[{"href":"https:\/\/www.lebens-qi.at\/qishop\/wp-json\/wp\/v2\/media?parent=1116"}],"wp:term":[{"taxonomy":"pwb-brand","embeddable":true,"href":"https:\/\/www.lebens-qi.at\/qishop\/wp-json\/wp\/v2\/pwb-brand?post=1116"},{"taxonomy":"product_brand","embeddable":true,"href":"https:\/\/www.lebens-qi.at\/qishop\/wp-json\/wp\/v2\/product_brand?post=1116"},{"taxonomy":"product_cat","embeddable":true,"href":"https:\/\/www.lebens-qi.at\/qishop\/wp-json\/wp\/v2\/product_cat?post=1116"},{"taxonomy":"product_tag","embeddable":true,"href":"https:\/\/www.lebens-qi.at\/qishop\/wp-json\/wp\/v2\/product_tag?post=1116"}],"curies":[{"name":"wp","href":"https:\/\/api.w.org\/{rel}","templated":true}]}}