{"id":11197,"date":"2024-12-14T09:57:57","date_gmt":"2024-12-14T08:57:57","guid":{"rendered":"https:\/\/www.lebens-qi.at\/qishop\/?post_type=product&#038;p=11197"},"modified":"2025-01-24T19:18:24","modified_gmt":"2025-01-24T18:18:24","slug":"raeucherstoevchen-engel-speckstein","status":"publish","type":"product","link":"https:\/\/www.lebens-qi.at\/qishop\/produkt\/raeucherstoevchen-engel-speckstein\/","title":{"rendered":"R\u00e4ucherst\u00f6vchen &#8222;Engel&#8220; Speckstein"},"content":{"rendered":"<p><b>Siebgef\u00e4\u00df aus Speckstein mit eingraviertem Engel<br \/>\n<\/b>aus naturf\u00e4rbigem Speckstein, Sieb Edelstahl<br \/>\nRundes Siebgef\u00e4\u00df mit durchbrochener Engelgravur. Da es sich bei Speckstein um ein Naturprodukt handelt, ist jede Maserung\/Farbe einzigartig! <em>Abweichungen vom Symbolfoto sind daher m\u00f6glich.<\/em><\/p>\n<p>Gr\u00f6\u00dfe: ca. \u00f8 9 x 9 cm<br \/>\nMaterial: Speckstein<br \/>\nMit Edelstahl-Netz<\/p>\n<p>Lieferumfang: St\u00f6vchen und Sieb<\/p>\n<p><em><b>Praktischer Hinweis: <\/b>Diese Art des R\u00e4ucherns ist an die Aromatherapie angelehnt und sanfter als das R\u00e4uchern mit Kohle. Allerdings sind St\u00f6vchen eher zum station\u00e4ren Gebrauch geeignet, zum &#8222;Ausr\u00e4uchern&#8220; empfehlen wir Ihnen R\u00e4ucherschalen mit Griff oder Schwenkgef\u00e4\u00dfe.<\/em><\/p>\n","protected":false},"excerpt":{"rendered":"<p>mit durchbrochener Engelgravur<\/p>\n","protected":false},"featured_media":11225,"comment_status":"open","ping_status":"closed","template":"","meta":{"_links_to":"","_links_to_target":""},"pwb-brand":[617],"product_brand":[],"product_cat":[953,603],"product_tag":[545,608,466,607,592,604],"class_list":{"0":"post-11197","1":"product","2":"type-product","3":"status-publish","4":"has-post-thumbnail","6":"pwb-brand-yantra","7":"product_cat-raeuchern-mit-engeln","8":"product_cat-raeucherstoevchen","9":"product_tag-engel","10":"product_tag-raeucherlampe","11":"product_tag-raeuchern","12":"product_tag-siebgefaess","13":"product_tag-speckstein","14":"product_tag-stoevchen","16":"first","17":"instock","18":"taxable","19":"shipping-taxable","20":"purchasable","21":"product-type-simple"},"blog_post_layout_featured_media_urls":{"thumbnail":["https:\/\/www.lebens-qi.at\/qishop\/wp-content\/uploads\/rg-181-stoevchen-engel-450-150x150.jpg",150,150,true],"full":["https:\/\/www.lebens-qi.at\/qishop\/wp-content\/uploads\/rg-181-stoevchen-engel-450.jpg",450,450,false]},"categories":["617"],"categories_names":{"617":{"name":"Yantra","link":"https:\/\/www.lebens-qi.at\/qishop\/brand\/yantra\/"}},"comments_number":"0","brands":[{"id":617,"name":"Yantra","slug":"yantra"}],"_links":{"self":[{"href":"https:\/\/www.lebens-qi.at\/qishop\/wp-json\/wp\/v2\/product\/11197","targetHints":{"allow":["GET"]}}],"collection":[{"href":"https:\/\/www.lebens-qi.at\/qishop\/wp-json\/wp\/v2\/product"}],"about":[{"href":"https:\/\/www.lebens-qi.at\/qishop\/wp-json\/wp\/v2\/types\/product"}],"replies":[{"embeddable":true,"href":"https:\/\/www.lebens-qi.at\/qishop\/wp-json\/wp\/v2\/comments?post=11197"}],"wp:featuredmedia":[{"embeddable":true,"href":"https:\/\/www.lebens-qi.at\/qishop\/wp-json\/wp\/v2\/media\/11225"}],"wp:attachment":[{"href":"https:\/\/www.lebens-qi.at\/qishop\/wp-json\/wp\/v2\/media?parent=11197"}],"wp:term":[{"taxonomy":"pwb-brand","embeddable":true,"href":"https:\/\/www.lebens-qi.at\/qishop\/wp-json\/wp\/v2\/pwb-brand?post=11197"},{"taxonomy":"product_brand","embeddable":true,"href":"https:\/\/www.lebens-qi.at\/qishop\/wp-json\/wp\/v2\/product_brand?post=11197"},{"taxonomy":"product_cat","embeddable":true,"href":"https:\/\/www.lebens-qi.at\/qishop\/wp-json\/wp\/v2\/product_cat?post=11197"},{"taxonomy":"product_tag","embeddable":true,"href":"https:\/\/www.lebens-qi.at\/qishop\/wp-json\/wp\/v2\/product_tag?post=11197"}],"curies":[{"name":"wp","href":"https:\/\/api.w.org\/{rel}","templated":true}]}}